{"id":6932,"date":"2014-10-01T18:10:17","date_gmt":"2014-10-01T21:10:17","guid":{"rendered":"http:\/\/ajupe.com.uy\/web\/?post_type=product&#038;p=6932"},"modified":"2014-10-01T18:11:04","modified_gmt":"2014-10-01T21:11:04","slug":"almas-grises","status":"publish","type":"product","link":"https:\/\/ajupe.com.uy\/web\/biblioteca\/almas-grises\/","title":{"rendered":"Almas grises"},"content":{"rendered":"<p>Ganadora del prestigioso premio Renaudot y elegida Libro del A\u00f1o por los libreros franceses y la revista Lire, esta novela posee una belleza sombr\u00eda y seductora que emana tanto del clima misterioso que envuelve la historia como del profundo y descarnado retrato de los personajes que la componen.<br \/>\nDiciembre de 1917. En un peque\u00f1o pueblo del norte de Francia, el cuerpo sin vida de una hermosa ni\u00f1a aparece flotando en el canal. A la escena del crimen acuden, acompa\u00f1ados por el incesante tronar de los ca\u00f1ones y el acre olor a p\u00f3lvora de un frente que se desgarra a escasos kil\u00f3metros, un polic\u00eda, un juez instructor y un militar. En este mundo provinciano, el asesinato de Belle suscita innumerables sospechas, despierta viejos rencores y sacude un orden social que se tambalea. Todos los indicios apuntan al fiscal Destinat, un rico arist\u00f3crata ya jubilado, pero el juez designar\u00e1 como culpables a dos desertores apresados en las cercan\u00edas del lugar del crimen. Sin embargo, la cr\u00f3nica de los hechos, escrita por el polic\u00eda veinte a\u00f1os despu\u00e9s del suceso, invita al lector a descubrir una realidad inesperada. En su implacable relato, donde la emoci\u00f3n aparece retenida por el pudor del narrador, nadie es inocente, y los culpables, de una forma u otra, son tambi\u00e9n v\u00edctimas. El gris es el tono dominante, pero no el gris de la muerte, ni el del duro clima invernal, ni siquiera el de la cobard\u00eda, sino el gris en que se desenvuelve la condici\u00f3n humana: la ausencia de certezas absolutas, las sombras, los claroscuros, en suma, el peso rotundo de la duda.<\/p>\n","protected":false},"excerpt":{"rendered":"<p>Ganadora del prestigioso premio Renaudot y elegida Libro del A\u00f1o por los libreros franceses y la revista Lire, esta novela posee una belleza sombr\u00eda y seductora que emana tanto del clima misterioso que envuelve la historia como del profundo y descarnado retrato de los personajes que la componen. Diciembre de 1917. En un peque\u00f1o pueblo [&hellip;]<\/p>\n","protected":false},"featured_media":6933,"template":"","meta":[],"product_brand":[1312],"product_cat":[29],"product_tag":[],"class_list":{"0":"post-6932","1":"product","2":"type-product","3":"status-publish","4":"has-post-thumbnail","6":"product_brand-philippe-claudel","7":"product_cat-novela","9":"first","10":"instock","11":"purchasable","12":"product-type-simple"},"featured_image_urls_v2":{"full":["https:\/\/ajupe.com.uy\/web\/wp-content\/uploads\/2016\/04\/p-6932-Almas_grises_542c43b8bf375.jpg",198,323,false],"thumbnail":["https:\/\/ajupe.com.uy\/web\/wp-content\/uploads\/2016\/04\/p-6932-Almas_grises_542c43b8bf375.jpg",150,150,true],"medium":["https:\/\/ajupe.com.uy\/web\/wp-content\/uploads\/2016\/04\/p-6932-Almas_grises_542c43b8bf375.jpg",300,214,true],"medium_large":["https:\/\/ajupe.com.uy\/web\/wp-content\/uploads\/2016\/04\/p-6932-Almas_grises_542c43b8bf375.jpg",198,323,false],"large":["https:\/\/ajupe.com.uy\/web\/wp-content\/uploads\/2016\/04\/p-6932-Almas_grises_542c43b8bf375.jpg",198,323,false],"1536x1536":["https:\/\/ajupe.com.uy\/web\/wp-content\/uploads\/2016\/04\/p-6932-Almas_grises_542c43b8bf375.jpg",198,323,false],"2048x2048":["https:\/\/ajupe.com.uy\/web\/wp-content\/uploads\/2016\/04\/p-6932-Almas_grises_542c43b8bf375.jpg",198,323,false],"woocommerce_archive_thumbnail":["https:\/\/ajupe.com.uy\/web\/wp-content\/uploads\/2016\/04\/p-6932-Almas_grises_542c43b8bf375-198x300.jpg",198,300,true],"woocommerce_thumbnail":["https:\/\/ajupe.com.uy\/web\/wp-content\/uploads\/2016\/04\/p-6932-Almas_grises_542c43b8bf375-198x300.jpg",198,300,true],"woocommerce_single":["https:\/\/ajupe.com.uy\/web\/wp-content\/uploads\/2016\/04\/p-6932-Almas_grises_542c43b8bf375.jpg",198,323,false],"woocommerce_gallery_thumbnail":["https:\/\/ajupe.com.uy\/web\/wp-content\/uploads\/2016\/04\/p-6932-Almas_grises_542c43b8bf375-100x100.jpg",100,100,true]},"post_excerpt_stackable_v2":"<p>Ganadora del prestigioso premio Renaudot y elegida Libro del A\u00f1o por los libreros franceses y la revista Lire, esta novela posee una belleza sombr\u00eda y seductora que emana tanto del clima misterioso que envuelve la historia como del profundo y descarnado retrato de los personajes que la componen. Diciembre de 1917. En un peque\u00f1o pueblo del norte de Francia, el cuerpo sin vida de una hermosa ni\u00f1a aparece flotando en el canal. A la escena del crimen acuden, acompa\u00f1ados por el incesante tronar de los ca\u00f1ones y el acre olor a p\u00f3lvora de un frente que se desgarra a escasos&hellip;<\/p>\n","category_list_v2":"","author_info_v2":{"name":"","url":""},"comments_num_v2":"0 comentarios","_links":{"self":[{"href":"https:\/\/ajupe.com.uy\/web\/wp-json\/wp\/v2\/product\/6932","targetHints":{"allow":["GET"]}}],"collection":[{"href":"https:\/\/ajupe.com.uy\/web\/wp-json\/wp\/v2\/product"}],"about":[{"href":"https:\/\/ajupe.com.uy\/web\/wp-json\/wp\/v2\/types\/product"}],"wp:featuredmedia":[{"embeddable":true,"href":"https:\/\/ajupe.com.uy\/web\/wp-json\/wp\/v2\/media\/6933"}],"wp:attachment":[{"href":"https:\/\/ajupe.com.uy\/web\/wp-json\/wp\/v2\/media?parent=6932"}],"wp:term":[{"taxonomy":"product_brand","embeddable":true,"href":"https:\/\/ajupe.com.uy\/web\/wp-json\/wp\/v2\/product_brand?post=6932"},{"taxonomy":"product_cat","embeddable":true,"href":"https:\/\/ajupe.com.uy\/web\/wp-json\/wp\/v2\/product_cat?post=6932"},{"taxonomy":"product_tag","embeddable":true,"href":"https:\/\/ajupe.com.uy\/web\/wp-json\/wp\/v2\/product_tag?post=6932"}],"curies":[{"name":"wp","href":"https:\/\/api.w.org\/{rel}","templated":true}]}}