{"id":6935,"date":"2014-10-01T18:15:31","date_gmt":"2014-10-01T21:15:31","guid":{"rendered":"http:\/\/ajupe.com.uy\/web\/?post_type=product&#038;p=6935"},"modified":"2014-10-01T18:16:48","modified_gmt":"2014-10-01T21:16:48","slug":"el-viaje-mas-largo","status":"publish","type":"product","link":"https:\/\/ajupe.com.uy\/web\/biblioteca\/el-viaje-mas-largo\/","title":{"rendered":"El viaje m\u00e1s largo"},"content":{"rendered":"<p>Siguiendo la estela de su aclamada primera novela, El cuaderno de Noah, Nicholas Sparks vuelve a seducirnos con la historia de dos parejas cuyas historias de amor se cruzan de la manera m\u00e1s sorprendente.    Un hombre de noventa a\u00f1os se encuentra solo en una carretera nevada despu\u00e9s de haber tenido un accidente en un paraje aislado. Tan solo consciente a ratos y en espera de que le rescaten, aparece ante \u00e9l el amor de su vida, quien muri\u00f3 hace un tiempo. En el espacio que separa la realidad y la imaginaci\u00f3n, recuerdan su vida juntos: c\u00f3mo superaron el trauma de no poder tener hijos; cuando se convirtieron en coleccionistas de arte reconocidos; el dolor que supuso la muerte de ella\u2026    La otra historia de amor se da entre una joven estudiante de arte y un cowboy que se enamoran perdidamente, a pesar de proceder de ambientes totalmente dispares. Ambos tienen ambiciones y sue\u00f1os que cumplir pero \u00e9l, adem\u00e1s, se enfrenta a una cruel disyuntiva: o bien pone en peligro su vida si sigue compitiendo en el circuito de los toros o bien pierde la granja de su familia.<\/p>\n","protected":false},"excerpt":{"rendered":"<p>Siguiendo la estela de su aclamada primera novela, El cuaderno de Noah, Nicholas Sparks vuelve a seducirnos con la historia de dos parejas cuyas historias de amor se cruzan de la manera m\u00e1s sorprendente. Un hombre de noventa a\u00f1os se encuentra solo en una carretera nevada despu\u00e9s de haber tenido un accidente en un paraje [&hellip;]<\/p>\n","protected":false},"featured_media":6936,"template":"","meta":[],"product_brand":[441],"product_cat":[29],"product_tag":[],"class_list":{"0":"post-6935","1":"product","2":"type-product","3":"status-publish","4":"has-post-thumbnail","6":"product_brand-nicholas-sparks","7":"product_cat-novela","9":"first","10":"instock","11":"purchasable","12":"product-type-simple"},"featured_image_urls_v2":{"full":["https:\/\/ajupe.com.uy\/web\/wp-content\/uploads\/2016\/04\/p-6935-El_viaje_m__s_la_542c450c6ef39.jpg",228,339,false],"thumbnail":["https:\/\/ajupe.com.uy\/web\/wp-content\/uploads\/2016\/04\/p-6935-El_viaje_m__s_la_542c450c6ef39.jpg",150,150,true],"medium":["https:\/\/ajupe.com.uy\/web\/wp-content\/uploads\/2016\/04\/p-6935-El_viaje_m__s_la_542c450c6ef39.jpg",300,214,true],"medium_large":["https:\/\/ajupe.com.uy\/web\/wp-content\/uploads\/2016\/04\/p-6935-El_viaje_m__s_la_542c450c6ef39.jpg",228,339,false],"large":["https:\/\/ajupe.com.uy\/web\/wp-content\/uploads\/2016\/04\/p-6935-El_viaje_m__s_la_542c450c6ef39.jpg",228,339,false],"1536x1536":["https:\/\/ajupe.com.uy\/web\/wp-content\/uploads\/2016\/04\/p-6935-El_viaje_m__s_la_542c450c6ef39.jpg",228,339,false],"2048x2048":["https:\/\/ajupe.com.uy\/web\/wp-content\/uploads\/2016\/04\/p-6935-El_viaje_m__s_la_542c450c6ef39.jpg",228,339,false],"woocommerce_archive_thumbnail":["https:\/\/ajupe.com.uy\/web\/wp-content\/uploads\/2016\/04\/p-6935-El_viaje_m__s_la_542c450c6ef39-228x300.jpg",228,300,true],"woocommerce_thumbnail":["https:\/\/ajupe.com.uy\/web\/wp-content\/uploads\/2016\/04\/p-6935-El_viaje_m__s_la_542c450c6ef39-228x300.jpg",228,300,true],"woocommerce_single":["https:\/\/ajupe.com.uy\/web\/wp-content\/uploads\/2016\/04\/p-6935-El_viaje_m__s_la_542c450c6ef39.jpg",228,339,false],"woocommerce_gallery_thumbnail":["https:\/\/ajupe.com.uy\/web\/wp-content\/uploads\/2016\/04\/p-6935-El_viaje_m__s_la_542c450c6ef39-100x100.jpg",100,100,true]},"post_excerpt_stackable_v2":"<p>Siguiendo la estela de su aclamada primera novela, El cuaderno de Noah, Nicholas Sparks vuelve a seducirnos con la historia de dos parejas cuyas historias de amor se cruzan de la manera m\u00e1s sorprendente. Un hombre de noventa a\u00f1os se encuentra solo en una carretera nevada despu\u00e9s de haber tenido un accidente en un paraje aislado. Tan solo consciente a ratos y en espera de que le rescaten, aparece ante \u00e9l el amor de su vida, quien muri\u00f3 hace un tiempo. En el espacio que separa la realidad y la imaginaci\u00f3n, recuerdan su vida juntos: c\u00f3mo superaron el trauma de&hellip;<\/p>\n","category_list_v2":"","author_info_v2":{"name":"","url":""},"comments_num_v2":"0 comentarios","_links":{"self":[{"href":"https:\/\/ajupe.com.uy\/web\/wp-json\/wp\/v2\/product\/6935","targetHints":{"allow":["GET"]}}],"collection":[{"href":"https:\/\/ajupe.com.uy\/web\/wp-json\/wp\/v2\/product"}],"about":[{"href":"https:\/\/ajupe.com.uy\/web\/wp-json\/wp\/v2\/types\/product"}],"wp:featuredmedia":[{"embeddable":true,"href":"https:\/\/ajupe.com.uy\/web\/wp-json\/wp\/v2\/media\/6936"}],"wp:attachment":[{"href":"https:\/\/ajupe.com.uy\/web\/wp-json\/wp\/v2\/media?parent=6935"}],"wp:term":[{"taxonomy":"product_brand","embeddable":true,"href":"https:\/\/ajupe.com.uy\/web\/wp-json\/wp\/v2\/product_brand?post=6935"},{"taxonomy":"product_cat","embeddable":true,"href":"https:\/\/ajupe.com.uy\/web\/wp-json\/wp\/v2\/product_cat?post=6935"},{"taxonomy":"product_tag","embeddable":true,"href":"https:\/\/ajupe.com.uy\/web\/wp-json\/wp\/v2\/product_tag?post=6935"}],"curies":[{"name":"wp","href":"https:\/\/api.w.org\/{rel}","templated":true}]}}