{"id":6938,"date":"2014-10-01T18:18:51","date_gmt":"2014-10-01T21:18:51","guid":{"rendered":"http:\/\/ajupe.com.uy\/web\/?post_type=product&#038;p=6938"},"modified":"2014-10-01T18:20:06","modified_gmt":"2014-10-01T21:20:06","slug":"noches-de-tormenta","status":"publish","type":"product","link":"https:\/\/ajupe.com.uy\/web\/biblioteca\/noches-de-tormenta\/","title":{"rendered":"Noches de tormenta"},"content":{"rendered":"<p>A sus sesenta a\u00f1os, Adrienne recuerda la historia de amor que vivi\u00f3 quince a\u00f1os atr\u00e1s, cuando su marido la abandon\u00f3 por otra y ella decidi\u00f3 hacerse cargo de un peque\u00f1o hotel en un pueblo de la costa. All\u00ed, Adrienne trab\u00f3 amistad con un prestigioso cirujano que se aloj\u00f3 en el hotel para saldar sus cuentas con el pasado. Mientras una terrible tormenta se ce\u00f1\u00eda sobre la poblaci\u00f3n, ambos compartieron un fin de semana en el que redescubrieron lo que eran sus vidas y lo que pod\u00edan llegar a ser.<\/p>\n","protected":false},"excerpt":{"rendered":"<p>A sus sesenta a\u00f1os, Adrienne recuerda la historia de amor que vivi\u00f3 quince a\u00f1os atr\u00e1s, cuando su marido la abandon\u00f3 por otra y ella decidi\u00f3 hacerse cargo de un peque\u00f1o hotel en un pueblo de la costa. All\u00ed, Adrienne trab\u00f3 amistad con un prestigioso cirujano que se aloj\u00f3 en el hotel para saldar sus cuentas [&hellip;]<\/p>\n","protected":false},"featured_media":6939,"template":"","meta":[],"product_brand":[441],"product_cat":[29],"product_tag":[],"class_list":{"0":"post-6938","1":"product","2":"type-product","3":"status-publish","4":"has-post-thumbnail","6":"product_brand-nicholas-sparks","7":"product_cat-novela","9":"first","10":"instock","11":"purchasable","12":"product-type-simple"},"featured_image_urls_v2":{"full":["https:\/\/ajupe.com.uy\/web\/wp-content\/uploads\/2016\/04\/p-6938-Noches_de_tormen_542c45d61198c.jpg",181,284,false],"thumbnail":["https:\/\/ajupe.com.uy\/web\/wp-content\/uploads\/2016\/04\/p-6938-Noches_de_tormen_542c45d61198c.jpg",150,150,true],"medium":["https:\/\/ajupe.com.uy\/web\/wp-content\/uploads\/2016\/04\/p-6938-Noches_de_tormen_542c45d61198c.jpg",300,214,true],"medium_large":["https:\/\/ajupe.com.uy\/web\/wp-content\/uploads\/2016\/04\/p-6938-Noches_de_tormen_542c45d61198c.jpg",181,284,false],"large":["https:\/\/ajupe.com.uy\/web\/wp-content\/uploads\/2016\/04\/p-6938-Noches_de_tormen_542c45d61198c.jpg",181,284,false],"1536x1536":["https:\/\/ajupe.com.uy\/web\/wp-content\/uploads\/2016\/04\/p-6938-Noches_de_tormen_542c45d61198c.jpg",181,284,false],"2048x2048":["https:\/\/ajupe.com.uy\/web\/wp-content\/uploads\/2016\/04\/p-6938-Noches_de_tormen_542c45d61198c.jpg",181,284,false],"woocommerce_archive_thumbnail":["https:\/\/ajupe.com.uy\/web\/wp-content\/uploads\/2016\/04\/p-6938-Noches_de_tormen_542c45d61198c.jpg",181,284,false],"woocommerce_thumbnail":["https:\/\/ajupe.com.uy\/web\/wp-content\/uploads\/2016\/04\/p-6938-Noches_de_tormen_542c45d61198c.jpg",181,284,false],"woocommerce_single":["https:\/\/ajupe.com.uy\/web\/wp-content\/uploads\/2016\/04\/p-6938-Noches_de_tormen_542c45d61198c.jpg",181,284,false],"woocommerce_gallery_thumbnail":["https:\/\/ajupe.com.uy\/web\/wp-content\/uploads\/2016\/04\/p-6938-Noches_de_tormen_542c45d61198c-100x100.jpg",100,100,true]},"post_excerpt_stackable_v2":"<p>A sus sesenta a\u00f1os, Adrienne recuerda la historia de amor que vivi\u00f3 quince a\u00f1os atr\u00e1s, cuando su marido la abandon\u00f3 por otra y ella decidi\u00f3 hacerse cargo de un peque\u00f1o hotel en un pueblo de la costa. All\u00ed, Adrienne trab\u00f3 amistad con un prestigioso cirujano que se aloj\u00f3 en el hotel para saldar sus cuentas con el pasado. Mientras una terrible tormenta se ce\u00f1\u00eda sobre la poblaci\u00f3n, ambos compartieron un fin de semana en el que redescubrieron lo que eran sus vidas y lo que pod\u00edan llegar a ser.<\/p>\n","category_list_v2":"","author_info_v2":{"name":"","url":""},"comments_num_v2":"0 comentarios","_links":{"self":[{"href":"https:\/\/ajupe.com.uy\/web\/wp-json\/wp\/v2\/product\/6938","targetHints":{"allow":["GET"]}}],"collection":[{"href":"https:\/\/ajupe.com.uy\/web\/wp-json\/wp\/v2\/product"}],"about":[{"href":"https:\/\/ajupe.com.uy\/web\/wp-json\/wp\/v2\/types\/product"}],"wp:featuredmedia":[{"embeddable":true,"href":"https:\/\/ajupe.com.uy\/web\/wp-json\/wp\/v2\/media\/6939"}],"wp:attachment":[{"href":"https:\/\/ajupe.com.uy\/web\/wp-json\/wp\/v2\/media?parent=6938"}],"wp:term":[{"taxonomy":"product_brand","embeddable":true,"href":"https:\/\/ajupe.com.uy\/web\/wp-json\/wp\/v2\/product_brand?post=6938"},{"taxonomy":"product_cat","embeddable":true,"href":"https:\/\/ajupe.com.uy\/web\/wp-json\/wp\/v2\/product_cat?post=6938"},{"taxonomy":"product_tag","embeddable":true,"href":"https:\/\/ajupe.com.uy\/web\/wp-json\/wp\/v2\/product_tag?post=6938"}],"curies":[{"name":"wp","href":"https:\/\/api.w.org\/{rel}","templated":true}]}}