{"id":6941,"date":"2014-10-01T18:25:54","date_gmt":"2014-10-01T21:25:54","guid":{"rendered":"http:\/\/ajupe.com.uy\/web\/?post_type=product&#038;p=6941"},"modified":"2014-10-01T18:26:56","modified_gmt":"2014-10-01T21:26:56","slug":"aromas","status":"publish","type":"product","link":"https:\/\/ajupe.com.uy\/web\/biblioteca\/aromas\/","title":{"rendered":"Aromas"},"content":{"rendered":"<p>Si prescindi\u00e9ramos de las im\u00e1genes y los sonidos, nuestros recuerdos ser\u00edan una sucesi\u00f3n de olores percibidos desde la infancia. A partir de esta original propuesta, Philippe Claudel \u2014autor de obras de gran repercusi\u00f3n como Almas grises y La nieta del se\u00f1or Linh\u2014 ha reunido en esta colecci\u00f3n de textos breves una serie de momentos rescatados de su memoria por el poder evocativo de los aromas que los acompa\u00f1aron.<\/p>\n<p>El perfume intenso de la tierra negra, de los r\u00edos oscuros y los bosques de abetos de su Lorena natal; la fragancia de la loci\u00f3n de su padre, en contraste con su ausencia en la casa inodora y vac\u00eda tras su muerte: tan s\u00f3lo una muestra de la infinita variedad de olores asociados a los objetos, lugares y gentes que jalonan una vida.<\/p>\n","protected":false},"excerpt":{"rendered":"<p>Si prescindi\u00e9ramos de las im\u00e1genes y los sonidos, nuestros recuerdos ser\u00edan una sucesi\u00f3n de olores percibidos desde la infancia. A partir de esta original propuesta, Philippe Claudel \u2014autor de obras de gran repercusi\u00f3n como Almas grises y La nieta del se\u00f1or Linh\u2014 ha reunido en esta colecci\u00f3n de textos breves una serie de momentos rescatados [&hellip;]<\/p>\n","protected":false},"featured_media":6942,"template":"","meta":[],"product_brand":[1312],"product_cat":[34],"product_tag":[],"class_list":{"0":"post-6941","1":"product","2":"type-product","3":"status-publish","4":"has-post-thumbnail","6":"product_brand-philippe-claudel","7":"product_cat-otros","9":"first","10":"instock","11":"purchasable","12":"product-type-simple"},"featured_image_urls_v2":{"full":["https:\/\/ajupe.com.uy\/web\/wp-content\/uploads\/2016\/04\/p-6941-Aromas_542c4770da1c5.jpg",200,324,false],"thumbnail":["https:\/\/ajupe.com.uy\/web\/wp-content\/uploads\/2016\/04\/p-6941-Aromas_542c4770da1c5.jpg",150,150,true],"medium":["https:\/\/ajupe.com.uy\/web\/wp-content\/uploads\/2016\/04\/p-6941-Aromas_542c4770da1c5.jpg",300,214,true],"medium_large":["https:\/\/ajupe.com.uy\/web\/wp-content\/uploads\/2016\/04\/p-6941-Aromas_542c4770da1c5.jpg",200,324,false],"large":["https:\/\/ajupe.com.uy\/web\/wp-content\/uploads\/2016\/04\/p-6941-Aromas_542c4770da1c5.jpg",200,324,false],"1536x1536":["https:\/\/ajupe.com.uy\/web\/wp-content\/uploads\/2016\/04\/p-6941-Aromas_542c4770da1c5.jpg",200,324,false],"2048x2048":["https:\/\/ajupe.com.uy\/web\/wp-content\/uploads\/2016\/04\/p-6941-Aromas_542c4770da1c5.jpg",200,324,false],"woocommerce_archive_thumbnail":["https:\/\/ajupe.com.uy\/web\/wp-content\/uploads\/2016\/04\/p-6941-Aromas_542c4770da1c5.jpg",200,324,false],"woocommerce_thumbnail":["https:\/\/ajupe.com.uy\/web\/wp-content\/uploads\/2016\/04\/p-6941-Aromas_542c4770da1c5-200x300.jpg",200,300,true],"woocommerce_single":["https:\/\/ajupe.com.uy\/web\/wp-content\/uploads\/2016\/04\/p-6941-Aromas_542c4770da1c5.jpg",200,324,false],"woocommerce_gallery_thumbnail":["https:\/\/ajupe.com.uy\/web\/wp-content\/uploads\/2016\/04\/p-6941-Aromas_542c4770da1c5-100x100.jpg",100,100,true]},"post_excerpt_stackable_v2":"<p>Si prescindi\u00e9ramos de las im\u00e1genes y los sonidos, nuestros recuerdos ser\u00edan una sucesi\u00f3n de olores percibidos desde la infancia. A partir de esta original propuesta, Philippe Claudel \u2014autor de obras de gran repercusi\u00f3n como Almas grises y La nieta del se\u00f1or Linh\u2014 ha reunido en esta colecci\u00f3n de textos breves una serie de momentos rescatados de su memoria por el poder evocativo de los aromas que los acompa\u00f1aron. El perfume intenso de la tierra negra, de los r\u00edos oscuros y los bosques de abetos de su Lorena natal; la fragancia de la loci\u00f3n de su padre, en contraste con su&hellip;<\/p>\n","category_list_v2":"","author_info_v2":{"name":"","url":""},"comments_num_v2":"0 comentarios","_links":{"self":[{"href":"https:\/\/ajupe.com.uy\/web\/wp-json\/wp\/v2\/product\/6941","targetHints":{"allow":["GET"]}}],"collection":[{"href":"https:\/\/ajupe.com.uy\/web\/wp-json\/wp\/v2\/product"}],"about":[{"href":"https:\/\/ajupe.com.uy\/web\/wp-json\/wp\/v2\/types\/product"}],"wp:featuredmedia":[{"embeddable":true,"href":"https:\/\/ajupe.com.uy\/web\/wp-json\/wp\/v2\/media\/6942"}],"wp:attachment":[{"href":"https:\/\/ajupe.com.uy\/web\/wp-json\/wp\/v2\/media?parent=6941"}],"wp:term":[{"taxonomy":"product_brand","embeddable":true,"href":"https:\/\/ajupe.com.uy\/web\/wp-json\/wp\/v2\/product_brand?post=6941"},{"taxonomy":"product_cat","embeddable":true,"href":"https:\/\/ajupe.com.uy\/web\/wp-json\/wp\/v2\/product_cat?post=6941"},{"taxonomy":"product_tag","embeddable":true,"href":"https:\/\/ajupe.com.uy\/web\/wp-json\/wp\/v2\/product_tag?post=6941"}],"curies":[{"name":"wp","href":"https:\/\/api.w.org\/{rel}","templated":true}]}}