{"id":6944,"date":"2014-10-01T18:29:46","date_gmt":"2014-10-01T21:29:46","guid":{"rendered":"http:\/\/ajupe.com.uy\/web\/?post_type=product&#038;p=6944"},"modified":"2014-10-01T18:32:57","modified_gmt":"2014-10-01T21:32:57","slug":"al-rojo-vivo","status":"publish","type":"product","link":"https:\/\/ajupe.com.uy\/web\/biblioteca\/al-rojo-vivo\/","title":{"rendered":"Al rojo vivo"},"content":{"rendered":"<p>Whitney MacAllister es la heredera de una peque\u00f1a fortuna familiar. Aparentemente, tiene todo lo que una mujer puede desear, pero se siente insatisfecha: anhela vivir una aventura de verdad, una experiencia que remueva todos sus sentidos. El destino se confabula para que se haga realidad su sue\u00f1o: Whitney es secuestrada por una ladr\u00f3n de joyas, Douglas Lord, y juntos se embarcan en la b\u00fasqueda de un fabuloso tesoro.<\/p>\n<p>Ella tiene el dinero y los contactos apropiados; \u00e9l posee los documentos robados que les llevar\u00e1n hasta la ansiada fortuna. Lo que originalmente no era m\u00e1s que una cuesti\u00f3n de negocios, se convierte en una ex\u00f3tica y peligrosa odisea alrededor del mundo. Whitney siempre consigue lo que quiere; sabr\u00e1 manejar al simp\u00e1tico y granuja Douglas con tanta picard\u00eda que provocar\u00e1 aut\u00e9nticas llamaradas de pasi\u00f3n entre ellos.<\/p>\n","protected":false},"excerpt":{"rendered":"<p>Whitney MacAllister es la heredera de una peque\u00f1a fortuna familiar. Aparentemente, tiene todo lo que una mujer puede desear, pero se siente insatisfecha: anhela vivir una aventura de verdad, una experiencia que remueva todos sus sentidos. El destino se confabula para que se haga realidad su sue\u00f1o: Whitney es secuestrada por una ladr\u00f3n de joyas, [&hellip;]<\/p>\n","protected":false},"featured_media":6945,"template":"","meta":[],"product_brand":[267],"product_cat":[30],"product_tag":[],"class_list":{"0":"post-6944","1":"product","2":"type-product","3":"status-publish","4":"has-post-thumbnail","6":"product_brand-nora-roberts","7":"product_cat-suspenso","9":"first","10":"instock","11":"purchasable","12":"product-type-simple"},"featured_image_urls_v2":{"full":["https:\/\/ajupe.com.uy\/web\/wp-content\/uploads\/2016\/04\/p-6944-Al_rojo_vivo_542c48d9409db.jpg",190,292,false],"thumbnail":["https:\/\/ajupe.com.uy\/web\/wp-content\/uploads\/2016\/04\/p-6944-Al_rojo_vivo_542c48d9409db.jpg",150,150,true],"medium":["https:\/\/ajupe.com.uy\/web\/wp-content\/uploads\/2016\/04\/p-6944-Al_rojo_vivo_542c48d9409db.jpg",300,214,true],"medium_large":["https:\/\/ajupe.com.uy\/web\/wp-content\/uploads\/2016\/04\/p-6944-Al_rojo_vivo_542c48d9409db.jpg",190,292,false],"large":["https:\/\/ajupe.com.uy\/web\/wp-content\/uploads\/2016\/04\/p-6944-Al_rojo_vivo_542c48d9409db.jpg",190,292,false],"1536x1536":["https:\/\/ajupe.com.uy\/web\/wp-content\/uploads\/2016\/04\/p-6944-Al_rojo_vivo_542c48d9409db.jpg",190,292,false],"2048x2048":["https:\/\/ajupe.com.uy\/web\/wp-content\/uploads\/2016\/04\/p-6944-Al_rojo_vivo_542c48d9409db.jpg",190,292,false],"woocommerce_archive_thumbnail":["https:\/\/ajupe.com.uy\/web\/wp-content\/uploads\/2016\/04\/p-6944-Al_rojo_vivo_542c48d9409db.jpg",190,292,false],"woocommerce_thumbnail":["https:\/\/ajupe.com.uy\/web\/wp-content\/uploads\/2016\/04\/p-6944-Al_rojo_vivo_542c48d9409db.jpg",190,292,false],"woocommerce_single":["https:\/\/ajupe.com.uy\/web\/wp-content\/uploads\/2016\/04\/p-6944-Al_rojo_vivo_542c48d9409db.jpg",190,292,false],"woocommerce_gallery_thumbnail":["https:\/\/ajupe.com.uy\/web\/wp-content\/uploads\/2016\/04\/p-6944-Al_rojo_vivo_542c48d9409db-100x100.jpg",100,100,true]},"post_excerpt_stackable_v2":"<p>Whitney MacAllister es la heredera de una peque\u00f1a fortuna familiar. Aparentemente, tiene todo lo que una mujer puede desear, pero se siente insatisfecha: anhela vivir una aventura de verdad, una experiencia que remueva todos sus sentidos. El destino se confabula para que se haga realidad su sue\u00f1o: Whitney es secuestrada por una ladr\u00f3n de joyas, Douglas Lord, y juntos se embarcan en la b\u00fasqueda de un fabuloso tesoro. Ella tiene el dinero y los contactos apropiados; \u00e9l posee los documentos robados que les llevar\u00e1n hasta la ansiada fortuna. Lo que originalmente no era m\u00e1s que una cuesti\u00f3n de negocios, se&hellip;<\/p>\n","category_list_v2":"","author_info_v2":{"name":"","url":""},"comments_num_v2":"0 comentarios","_links":{"self":[{"href":"https:\/\/ajupe.com.uy\/web\/wp-json\/wp\/v2\/product\/6944","targetHints":{"allow":["GET"]}}],"collection":[{"href":"https:\/\/ajupe.com.uy\/web\/wp-json\/wp\/v2\/product"}],"about":[{"href":"https:\/\/ajupe.com.uy\/web\/wp-json\/wp\/v2\/types\/product"}],"wp:featuredmedia":[{"embeddable":true,"href":"https:\/\/ajupe.com.uy\/web\/wp-json\/wp\/v2\/media\/6945"}],"wp:attachment":[{"href":"https:\/\/ajupe.com.uy\/web\/wp-json\/wp\/v2\/media?parent=6944"}],"wp:term":[{"taxonomy":"product_brand","embeddable":true,"href":"https:\/\/ajupe.com.uy\/web\/wp-json\/wp\/v2\/product_brand?post=6944"},{"taxonomy":"product_cat","embeddable":true,"href":"https:\/\/ajupe.com.uy\/web\/wp-json\/wp\/v2\/product_cat?post=6944"},{"taxonomy":"product_tag","embeddable":true,"href":"https:\/\/ajupe.com.uy\/web\/wp-json\/wp\/v2\/product_tag?post=6944"}],"curies":[{"name":"wp","href":"https:\/\/api.w.org\/{rel}","templated":true}]}}