{"id":6971,"date":"2014-10-17T18:09:14","date_gmt":"2014-10-17T21:09:14","guid":{"rendered":"http:\/\/ajupe.com.uy\/web\/?post_type=product&#038;p=6971"},"modified":"2014-10-17T18:26:22","modified_gmt":"2014-10-17T21:26:22","slug":"mi-vida-2","status":"publish","type":"product","link":"https:\/\/ajupe.com.uy\/web\/biblioteca\/mi-vida-2\/","title":{"rendered":"Mi vida"},"content":{"rendered":"<p>Benvenuto Cellini es una de las grnades figuras del Ranacimiento. Naci\u00f3 en Florencia el 3 de noviembre de 1500, y llev\u00f3 una vida llena de peripecias, en la que no faltan cr\u00edmenes y vilezas que ensombrecen su memoria. Magnifico orfebre, joyero, medallista y escultor, fue protegido por Papas y grandes se\u00f1ores. Francisco I le tuvo a su servicio en Par\u00eds. Escribi\u00f3 su famosa y amena autobiograf\u00eda con no menos cinismo que sinceridad. La vida de Benvenuto Cellini constituye un interesant\u00edsimo documento de \u00e9poca. Muri\u00f3 el gran artista en su ciudad natal, el 13 de febrero de 1571.<\/p>\n","protected":false},"excerpt":{"rendered":"<p>Benvenuto Cellini es una de las grnades figuras del Ranacimiento. Naci\u00f3 en Florencia el 3 de noviembre de 1500, y llev\u00f3 una vida llena de peripecias, en la que no faltan cr\u00edmenes y vilezas que ensombrecen su memoria. Magnifico orfebre, joyero, medallista y escultor, fue protegido por Papas y grandes se\u00f1ores. Francisco I le tuvo [&hellip;]<\/p>\n","protected":false},"featured_media":6972,"template":"","meta":[],"product_brand":[1322],"product_cat":[36],"product_tag":[],"class_list":{"0":"post-6971","1":"product","2":"type-product","3":"status-publish","4":"has-post-thumbnail","6":"product_brand-benvenuto-cellini","7":"product_cat-autobiografico","9":"first","10":"instock","11":"purchasable","12":"product-type-simple"},"featured_image_urls_v2":{"full":["https:\/\/ajupe.com.uy\/web\/wp-content\/uploads\/2016\/04\/p-6971-Mi_vida_54415f449dc8b.jpg",158,272,false],"thumbnail":["https:\/\/ajupe.com.uy\/web\/wp-content\/uploads\/2016\/04\/p-6971-Mi_vida_54415f449dc8b.jpg",150,150,true],"medium":["https:\/\/ajupe.com.uy\/web\/wp-content\/uploads\/2016\/04\/p-6971-Mi_vida_54415f449dc8b.jpg",300,214,true],"medium_large":["https:\/\/ajupe.com.uy\/web\/wp-content\/uploads\/2016\/04\/p-6971-Mi_vida_54415f449dc8b.jpg",158,272,false],"large":["https:\/\/ajupe.com.uy\/web\/wp-content\/uploads\/2016\/04\/p-6971-Mi_vida_54415f449dc8b.jpg",158,272,false],"1536x1536":["https:\/\/ajupe.com.uy\/web\/wp-content\/uploads\/2016\/04\/p-6971-Mi_vida_54415f449dc8b.jpg",158,272,false],"2048x2048":["https:\/\/ajupe.com.uy\/web\/wp-content\/uploads\/2016\/04\/p-6971-Mi_vida_54415f449dc8b.jpg",158,272,false],"woocommerce_archive_thumbnail":["https:\/\/ajupe.com.uy\/web\/wp-content\/uploads\/2016\/04\/p-6971-Mi_vida_54415f449dc8b.jpg",158,272,false],"woocommerce_thumbnail":["https:\/\/ajupe.com.uy\/web\/wp-content\/uploads\/2016\/04\/p-6971-Mi_vida_54415f449dc8b.jpg",158,272,false],"woocommerce_single":["https:\/\/ajupe.com.uy\/web\/wp-content\/uploads\/2016\/04\/p-6971-Mi_vida_54415f449dc8b.jpg",158,272,false],"woocommerce_gallery_thumbnail":["https:\/\/ajupe.com.uy\/web\/wp-content\/uploads\/2016\/04\/p-6971-Mi_vida_54415f449dc8b-100x100.jpg",100,100,true]},"post_excerpt_stackable_v2":"<p>Benvenuto Cellini es una de las grnades figuras del Ranacimiento. Naci\u00f3 en Florencia el 3 de noviembre de 1500, y llev\u00f3 una vida llena de peripecias, en la que no faltan cr\u00edmenes y vilezas que ensombrecen su memoria. Magnifico orfebre, joyero, medallista y escultor, fue protegido por Papas y grandes se\u00f1ores. Francisco I le tuvo a su servicio en Par\u00eds. Escribi\u00f3 su famosa y amena autobiograf\u00eda con no menos cinismo que sinceridad. La vida de Benvenuto Cellini constituye un interesant\u00edsimo documento de \u00e9poca. Muri\u00f3 el gran artista en su ciudad natal, el 13 de febrero de 1571.<\/p>\n","category_list_v2":"","author_info_v2":{"name":"","url":""},"comments_num_v2":"0 comentarios","_links":{"self":[{"href":"https:\/\/ajupe.com.uy\/web\/wp-json\/wp\/v2\/product\/6971","targetHints":{"allow":["GET"]}}],"collection":[{"href":"https:\/\/ajupe.com.uy\/web\/wp-json\/wp\/v2\/product"}],"about":[{"href":"https:\/\/ajupe.com.uy\/web\/wp-json\/wp\/v2\/types\/product"}],"wp:featuredmedia":[{"embeddable":true,"href":"https:\/\/ajupe.com.uy\/web\/wp-json\/wp\/v2\/media\/6972"}],"wp:attachment":[{"href":"https:\/\/ajupe.com.uy\/web\/wp-json\/wp\/v2\/media?parent=6971"}],"wp:term":[{"taxonomy":"product_brand","embeddable":true,"href":"https:\/\/ajupe.com.uy\/web\/wp-json\/wp\/v2\/product_brand?post=6971"},{"taxonomy":"product_cat","embeddable":true,"href":"https:\/\/ajupe.com.uy\/web\/wp-json\/wp\/v2\/product_cat?post=6971"},{"taxonomy":"product_tag","embeddable":true,"href":"https:\/\/ajupe.com.uy\/web\/wp-json\/wp\/v2\/product_tag?post=6971"}],"curies":[{"name":"wp","href":"https:\/\/api.w.org\/{rel}","templated":true}]}}