{"id":6980,"date":"2014-10-17T18:47:10","date_gmt":"2014-10-17T21:47:10","guid":{"rendered":"http:\/\/ajupe.com.uy\/web\/?post_type=product&#038;p=6980"},"modified":"2014-10-17T18:49:30","modified_gmt":"2014-10-17T21:49:30","slug":"en-sabado-con-los-amigos","status":"publish","type":"product","link":"https:\/\/ajupe.com.uy\/web\/biblioteca\/en-sabado-con-los-amigos\/","title":{"rendered":"En s\u00e1bado con los amigos"},"content":{"rendered":"<p>S\u00e1bado por la noche. Tres parejas y un excompa\u00f1ero de estudios, a quien no ven desde hace a\u00f1os, se re\u00fanen a cenar con la intenci\u00f3n de ponerse al d\u00eda de sus respectivas historias personales. Bajo las s\u00f3lidas convenciones de sus vidas burguesas, laten a\u00fan experiencias traum\u00e1ticas que han marcado su existencia. As\u00ed pues, el aparente equilibro con el que disimulan el dolor, la culpa o la verg\u00fcenza comienza a resquebrajarse cuando los conflictos m\u00e1s profundos salen a la luz de forma inexorable. Y a medida que pasan las horas, la reuni\u00f3n se transforma en un tenso encuentro que enfrentar\u00e1 a los participantes con sus secretos m\u00e1s inconfesables.  En este ins\u00f3lito relato de ecos pirandellianos, Andrea Camilleri disecciona sin compasi\u00f3n la materia m\u00e1s sombr\u00eda y corrupta que puede albergar el alma humana. La voz de hombre de teatro del maestro siciliano emerge en estas p\u00e1ginas con toda la riqueza de su imaginaci\u00f3n y su ingente capacidad de sorprender al lector con el giro menos esperado.<\/p>\n","protected":false},"excerpt":{"rendered":"<p>S\u00e1bado por la noche. Tres parejas y un excompa\u00f1ero de estudios, a quien no ven desde hace a\u00f1os, se re\u00fanen a cenar con la intenci\u00f3n de ponerse al d\u00eda de sus respectivas historias personales. Bajo las s\u00f3lidas convenciones de sus vidas burguesas, laten a\u00fan experiencias traum\u00e1ticas que han marcado su existencia. As\u00ed pues, el aparente [&hellip;]<\/p>\n","protected":false},"featured_media":6981,"template":"","meta":[],"product_brand":[399],"product_cat":[29],"product_tag":[],"class_list":{"0":"post-6980","1":"product","2":"type-product","3":"status-publish","4":"has-post-thumbnail","6":"product_brand-andrea-camilleri","7":"product_cat-novela","9":"first","10":"instock","11":"purchasable","12":"product-type-simple"},"featured_image_urls_v2":{"full":["https:\/\/ajupe.com.uy\/web\/wp-content\/uploads\/2016\/04\/p-6980-En_s__bado_con_l_544164b753ac3.jpg",197,322,false],"thumbnail":["https:\/\/ajupe.com.uy\/web\/wp-content\/uploads\/2016\/04\/p-6980-En_s__bado_con_l_544164b753ac3.jpg",150,150,true],"medium":["https:\/\/ajupe.com.uy\/web\/wp-content\/uploads\/2016\/04\/p-6980-En_s__bado_con_l_544164b753ac3.jpg",300,214,true],"medium_large":["https:\/\/ajupe.com.uy\/web\/wp-content\/uploads\/2016\/04\/p-6980-En_s__bado_con_l_544164b753ac3.jpg",197,322,false],"large":["https:\/\/ajupe.com.uy\/web\/wp-content\/uploads\/2016\/04\/p-6980-En_s__bado_con_l_544164b753ac3.jpg",197,322,false],"1536x1536":["https:\/\/ajupe.com.uy\/web\/wp-content\/uploads\/2016\/04\/p-6980-En_s__bado_con_l_544164b753ac3.jpg",197,322,false],"2048x2048":["https:\/\/ajupe.com.uy\/web\/wp-content\/uploads\/2016\/04\/p-6980-En_s__bado_con_l_544164b753ac3.jpg",197,322,false],"woocommerce_archive_thumbnail":["https:\/\/ajupe.com.uy\/web\/wp-content\/uploads\/2016\/04\/p-6980-En_s__bado_con_l_544164b753ac3-197x300.jpg",197,300,true],"woocommerce_thumbnail":["https:\/\/ajupe.com.uy\/web\/wp-content\/uploads\/2016\/04\/p-6980-En_s__bado_con_l_544164b753ac3-197x300.jpg",197,300,true],"woocommerce_single":["https:\/\/ajupe.com.uy\/web\/wp-content\/uploads\/2016\/04\/p-6980-En_s__bado_con_l_544164b753ac3.jpg",197,322,false],"woocommerce_gallery_thumbnail":["https:\/\/ajupe.com.uy\/web\/wp-content\/uploads\/2016\/04\/p-6980-En_s__bado_con_l_544164b753ac3-100x100.jpg",100,100,true]},"post_excerpt_stackable_v2":"<p>S\u00e1bado por la noche. Tres parejas y un excompa\u00f1ero de estudios, a quien no ven desde hace a\u00f1os, se re\u00fanen a cenar con la intenci\u00f3n de ponerse al d\u00eda de sus respectivas historias personales. Bajo las s\u00f3lidas convenciones de sus vidas burguesas, laten a\u00fan experiencias traum\u00e1ticas que han marcado su existencia. As\u00ed pues, el aparente equilibro con el que disimulan el dolor, la culpa o la verg\u00fcenza comienza a resquebrajarse cuando los conflictos m\u00e1s profundos salen a la luz de forma inexorable. Y a medida que pasan las horas, la reuni\u00f3n se transforma en un tenso encuentro que enfrentar\u00e1 a&hellip;<\/p>\n","category_list_v2":"","author_info_v2":{"name":"","url":""},"comments_num_v2":"0 comentarios","_links":{"self":[{"href":"https:\/\/ajupe.com.uy\/web\/wp-json\/wp\/v2\/product\/6980","targetHints":{"allow":["GET"]}}],"collection":[{"href":"https:\/\/ajupe.com.uy\/web\/wp-json\/wp\/v2\/product"}],"about":[{"href":"https:\/\/ajupe.com.uy\/web\/wp-json\/wp\/v2\/types\/product"}],"wp:featuredmedia":[{"embeddable":true,"href":"https:\/\/ajupe.com.uy\/web\/wp-json\/wp\/v2\/media\/6981"}],"wp:attachment":[{"href":"https:\/\/ajupe.com.uy\/web\/wp-json\/wp\/v2\/media?parent=6980"}],"wp:term":[{"taxonomy":"product_brand","embeddable":true,"href":"https:\/\/ajupe.com.uy\/web\/wp-json\/wp\/v2\/product_brand?post=6980"},{"taxonomy":"product_cat","embeddable":true,"href":"https:\/\/ajupe.com.uy\/web\/wp-json\/wp\/v2\/product_cat?post=6980"},{"taxonomy":"product_tag","embeddable":true,"href":"https:\/\/ajupe.com.uy\/web\/wp-json\/wp\/v2\/product_tag?post=6980"}],"curies":[{"name":"wp","href":"https:\/\/api.w.org\/{rel}","templated":true}]}}