{"id":6983,"date":"2014-10-17T18:50:55","date_gmt":"2014-10-17T21:50:55","guid":{"rendered":"http:\/\/ajupe.com.uy\/web\/?post_type=product&#038;p=6983"},"modified":"2014-10-17T18:52:16","modified_gmt":"2014-10-17T21:52:16","slug":"el-beso-de-la-sirena","status":"publish","type":"product","link":"https:\/\/ajupe.com.uy\/web\/biblioteca\/el-beso-de-la-sirena\/","title":{"rendered":"El beso de la sirena"},"content":{"rendered":"<p>\u00c9rase una vez, en una tierra junto al mar, una bell\u00edsima mujer llamada Maruzza Musumeci. Se dec\u00edan muchas cosas de Maruzza, rumores a voces que quiz\u00e1s explicasen por qu\u00e9 a pesar de su belleza no hab\u00eda encontrado a\u00fan con qui\u00e9n casarse. Maruzza hablaba en griego con su abuela; no era una muchacha como las dem\u00e1s; parec\u00eda el personaje de una f\u00e1bula; transmit\u00eda con sus ojos y su voz la perturbadora sabidur\u00eda que traen y llevan los siglos. Maruzza era una sirena. Pero la historia comienza en realidad con Gnazio, que emigr\u00f3 a Am\u00e9rica y volvi\u00f3 a Vig\u00e0ta tras veinticinco a\u00f1os de ausencia. En Nueva York trabaj\u00f3 como jardinero y, tras una ca\u00edda desgraciada, decidi\u00f3 regresar a su Sicilia natal y comprar un trozo de tierra con un olivo milenario del que se hab\u00eda enamorado. S\u00f3lo le faltaba una mujer. Maruzza y Gnazio, la tierra y el mar, no vivieron una historia de amor imposible&#8230; como tantas otras. Primero fue la boda, despu\u00e9s la familia y, a\u00f1o tras a\u00f1o, el milagro de conjurar lo que parec\u00eda contrario, para tantos irreconciliable. Andrea Camilleri, el aclamado creador del comisario Montalbano, abandona el g\u00e9nero negro para crear una obra que une magia y realidad y que rescata el mito de Ulises y el cuento de Andersen. Una historia plenamente contempor\u00e1nea, que nos habla de c\u00f3mo vivir con lo que nos resulta extra\u00f1o, ajeno y contrario.<\/p>\n","protected":false},"excerpt":{"rendered":"<p>\u00c9rase una vez, en una tierra junto al mar, una bell\u00edsima mujer llamada Maruzza Musumeci. Se dec\u00edan muchas cosas de Maruzza, rumores a voces que quiz\u00e1s explicasen por qu\u00e9 a pesar de su belleza no hab\u00eda encontrado a\u00fan con qui\u00e9n casarse. Maruzza hablaba en griego con su abuela; no era una muchacha como las dem\u00e1s; [&hellip;]<\/p>\n","protected":false},"featured_media":6984,"template":"","meta":[],"product_brand":[399],"product_cat":[29],"product_tag":[],"class_list":{"0":"post-6983","1":"product","2":"type-product","3":"status-publish","4":"has-post-thumbnail","6":"product_brand-andrea-camilleri","7":"product_cat-novela","9":"first","10":"instock","11":"purchasable","12":"product-type-simple"},"featured_image_urls_v2":{"full":["https:\/\/ajupe.com.uy\/web\/wp-content\/uploads\/2016\/04\/p-6983-El_beso_de_la_si_5441655e5dafc.jpg",182,276,false],"thumbnail":["https:\/\/ajupe.com.uy\/web\/wp-content\/uploads\/2016\/04\/p-6983-El_beso_de_la_si_5441655e5dafc.jpg",150,150,true],"medium":["https:\/\/ajupe.com.uy\/web\/wp-content\/uploads\/2016\/04\/p-6983-El_beso_de_la_si_5441655e5dafc.jpg",300,214,true],"medium_large":["https:\/\/ajupe.com.uy\/web\/wp-content\/uploads\/2016\/04\/p-6983-El_beso_de_la_si_5441655e5dafc.jpg",182,276,false],"large":["https:\/\/ajupe.com.uy\/web\/wp-content\/uploads\/2016\/04\/p-6983-El_beso_de_la_si_5441655e5dafc.jpg",182,276,false],"1536x1536":["https:\/\/ajupe.com.uy\/web\/wp-content\/uploads\/2016\/04\/p-6983-El_beso_de_la_si_5441655e5dafc.jpg",182,276,false],"2048x2048":["https:\/\/ajupe.com.uy\/web\/wp-content\/uploads\/2016\/04\/p-6983-El_beso_de_la_si_5441655e5dafc.jpg",182,276,false],"woocommerce_archive_thumbnail":["https:\/\/ajupe.com.uy\/web\/wp-content\/uploads\/2016\/04\/p-6983-El_beso_de_la_si_5441655e5dafc.jpg",182,276,false],"woocommerce_thumbnail":["https:\/\/ajupe.com.uy\/web\/wp-content\/uploads\/2016\/04\/p-6983-El_beso_de_la_si_5441655e5dafc.jpg",182,276,false],"woocommerce_single":["https:\/\/ajupe.com.uy\/web\/wp-content\/uploads\/2016\/04\/p-6983-El_beso_de_la_si_5441655e5dafc.jpg",182,276,false],"woocommerce_gallery_thumbnail":["https:\/\/ajupe.com.uy\/web\/wp-content\/uploads\/2016\/04\/p-6983-El_beso_de_la_si_5441655e5dafc-100x100.jpg",100,100,true]},"post_excerpt_stackable_v2":"<p>\u00c9rase una vez, en una tierra junto al mar, una bell\u00edsima mujer llamada Maruzza Musumeci. Se dec\u00edan muchas cosas de Maruzza, rumores a voces que quiz\u00e1s explicasen por qu\u00e9 a pesar de su belleza no hab\u00eda encontrado a\u00fan con qui\u00e9n casarse. Maruzza hablaba en griego con su abuela; no era una muchacha como las dem\u00e1s; parec\u00eda el personaje de una f\u00e1bula; transmit\u00eda con sus ojos y su voz la perturbadora sabidur\u00eda que traen y llevan los siglos. Maruzza era una sirena. Pero la historia comienza en realidad con Gnazio, que emigr\u00f3 a Am\u00e9rica y volvi\u00f3 a Vig\u00e0ta tras veinticinco a\u00f1os&hellip;<\/p>\n","category_list_v2":"","author_info_v2":{"name":"","url":""},"comments_num_v2":"0 comentarios","_links":{"self":[{"href":"https:\/\/ajupe.com.uy\/web\/wp-json\/wp\/v2\/product\/6983","targetHints":{"allow":["GET"]}}],"collection":[{"href":"https:\/\/ajupe.com.uy\/web\/wp-json\/wp\/v2\/product"}],"about":[{"href":"https:\/\/ajupe.com.uy\/web\/wp-json\/wp\/v2\/types\/product"}],"wp:featuredmedia":[{"embeddable":true,"href":"https:\/\/ajupe.com.uy\/web\/wp-json\/wp\/v2\/media\/6984"}],"wp:attachment":[{"href":"https:\/\/ajupe.com.uy\/web\/wp-json\/wp\/v2\/media?parent=6983"}],"wp:term":[{"taxonomy":"product_brand","embeddable":true,"href":"https:\/\/ajupe.com.uy\/web\/wp-json\/wp\/v2\/product_brand?post=6983"},{"taxonomy":"product_cat","embeddable":true,"href":"https:\/\/ajupe.com.uy\/web\/wp-json\/wp\/v2\/product_cat?post=6983"},{"taxonomy":"product_tag","embeddable":true,"href":"https:\/\/ajupe.com.uy\/web\/wp-json\/wp\/v2\/product_tag?post=6983"}],"curies":[{"name":"wp","href":"https:\/\/api.w.org\/{rel}","templated":true}]}}