{"id":7010,"date":"2014-10-17T19:48:06","date_gmt":"2014-10-17T22:48:06","guid":{"rendered":"http:\/\/ajupe.com.uy\/web\/?post_type=product&#038;p=7010"},"modified":"2014-10-17T19:49:43","modified_gmt":"2014-10-17T22:49:43","slug":"la-sombra-de-la-sirena","status":"publish","type":"product","link":"https:\/\/ajupe.com.uy\/web\/biblioteca\/la-sombra-de-la-sirena\/","title":{"rendered":"La sombra de la sirena"},"content":{"rendered":"<p>Un hombre desparece en Fj\u00e4llbacka sin dejar rastro. Pese a que Patrik Hedstr\u00f6m y sus colegas de la polic\u00eda han hecho cuanto han podido para encontrarlo, nadie sabe si est\u00e1 vivo o muerto. Al cabo de tres meses, lo encuentran finalmente congelado en el hielo. Cuando averiguan que el escritor Christian Thydell, uno de los amigos de la v\u00edctima, lleva m\u00e1s de un a\u00f1o recibiendo cartas an\u00f3nimas plagadas de amenazas, todo se complica. Christian trata de restarle importancia, pero su amiga Erica Falck, quien lo ayud\u00f3 en la escritura de su primera y exitosa novela, La sombra de la sirena, es consciente del peligro. La polic\u00eda no tarda en comprender que el asesinato y las cartas est\u00e1n relacionados. Alguien odia a Christian profundamente, y ese alguien parece que no dudar\u00e1 en cumplir sus amenazas\u2026<\/p>\n","protected":false},"excerpt":{"rendered":"<p>Un hombre desparece en Fj\u00e4llbacka sin dejar rastro. Pese a que Patrik Hedstr\u00f6m y sus colegas de la polic\u00eda han hecho cuanto han podido para encontrarlo, nadie sabe si est\u00e1 vivo o muerto. Al cabo de tres meses, lo encuentran finalmente congelado en el hielo. Cuando averiguan que el escritor Christian Thydell, uno de los [&hellip;]<\/p>\n","protected":false},"featured_media":7011,"template":"","meta":[],"product_brand":[1254],"product_cat":[29],"product_tag":[],"class_list":{"0":"post-7010","1":"product","2":"type-product","3":"status-publish","4":"has-post-thumbnail","6":"product_brand-camilla-lackberg","7":"product_cat-novela","9":"first","10":"instock","11":"purchasable","12":"product-type-simple"},"featured_image_urls_v2":{"full":["https:\/\/ajupe.com.uy\/web\/wp-content\/uploads\/2016\/04\/p-7010-La_sombra_de_la__544172d34b8cd.jpg",218,338,false],"thumbnail":["https:\/\/ajupe.com.uy\/web\/wp-content\/uploads\/2016\/04\/p-7010-La_sombra_de_la__544172d34b8cd.jpg",150,150,true],"medium":["https:\/\/ajupe.com.uy\/web\/wp-content\/uploads\/2016\/04\/p-7010-La_sombra_de_la__544172d34b8cd.jpg",300,214,true],"medium_large":["https:\/\/ajupe.com.uy\/web\/wp-content\/uploads\/2016\/04\/p-7010-La_sombra_de_la__544172d34b8cd.jpg",218,338,false],"large":["https:\/\/ajupe.com.uy\/web\/wp-content\/uploads\/2016\/04\/p-7010-La_sombra_de_la__544172d34b8cd.jpg",218,338,false],"1536x1536":["https:\/\/ajupe.com.uy\/web\/wp-content\/uploads\/2016\/04\/p-7010-La_sombra_de_la__544172d34b8cd.jpg",218,338,false],"2048x2048":["https:\/\/ajupe.com.uy\/web\/wp-content\/uploads\/2016\/04\/p-7010-La_sombra_de_la__544172d34b8cd.jpg",218,338,false],"woocommerce_archive_thumbnail":["https:\/\/ajupe.com.uy\/web\/wp-content\/uploads\/2016\/04\/p-7010-La_sombra_de_la__544172d34b8cd-218x300.jpg",218,300,true],"woocommerce_thumbnail":["https:\/\/ajupe.com.uy\/web\/wp-content\/uploads\/2016\/04\/p-7010-La_sombra_de_la__544172d34b8cd-218x300.jpg",218,300,true],"woocommerce_single":["https:\/\/ajupe.com.uy\/web\/wp-content\/uploads\/2016\/04\/p-7010-La_sombra_de_la__544172d34b8cd.jpg",218,338,false],"woocommerce_gallery_thumbnail":["https:\/\/ajupe.com.uy\/web\/wp-content\/uploads\/2016\/04\/p-7010-La_sombra_de_la__544172d34b8cd-100x100.jpg",100,100,true]},"post_excerpt_stackable_v2":"<p>Un hombre desparece en Fj\u00e4llbacka sin dejar rastro. Pese a que Patrik Hedstr\u00f6m y sus colegas de la polic\u00eda han hecho cuanto han podido para encontrarlo, nadie sabe si est\u00e1 vivo o muerto. Al cabo de tres meses, lo encuentran finalmente congelado en el hielo. Cuando averiguan que el escritor Christian Thydell, uno de los amigos de la v\u00edctima, lleva m\u00e1s de un a\u00f1o recibiendo cartas an\u00f3nimas plagadas de amenazas, todo se complica. Christian trata de restarle importancia, pero su amiga Erica Falck, quien lo ayud\u00f3 en la escritura de su primera y exitosa novela, La sombra de la sirena,&hellip;<\/p>\n","category_list_v2":"","author_info_v2":{"name":"","url":""},"comments_num_v2":"0 comentarios","_links":{"self":[{"href":"https:\/\/ajupe.com.uy\/web\/wp-json\/wp\/v2\/product\/7010","targetHints":{"allow":["GET"]}}],"collection":[{"href":"https:\/\/ajupe.com.uy\/web\/wp-json\/wp\/v2\/product"}],"about":[{"href":"https:\/\/ajupe.com.uy\/web\/wp-json\/wp\/v2\/types\/product"}],"wp:featuredmedia":[{"embeddable":true,"href":"https:\/\/ajupe.com.uy\/web\/wp-json\/wp\/v2\/media\/7011"}],"wp:attachment":[{"href":"https:\/\/ajupe.com.uy\/web\/wp-json\/wp\/v2\/media?parent=7010"}],"wp:term":[{"taxonomy":"product_brand","embeddable":true,"href":"https:\/\/ajupe.com.uy\/web\/wp-json\/wp\/v2\/product_brand?post=7010"},{"taxonomy":"product_cat","embeddable":true,"href":"https:\/\/ajupe.com.uy\/web\/wp-json\/wp\/v2\/product_cat?post=7010"},{"taxonomy":"product_tag","embeddable":true,"href":"https:\/\/ajupe.com.uy\/web\/wp-json\/wp\/v2\/product_tag?post=7010"}],"curies":[{"name":"wp","href":"https:\/\/api.w.org\/{rel}","templated":true}]}}