{"id":7016,"date":"2014-10-17T19:56:29","date_gmt":"2014-10-17T22:56:29","guid":{"rendered":"http:\/\/ajupe.com.uy\/web\/?post_type=product&#038;p=7016"},"modified":"2014-10-17T19:57:27","modified_gmt":"2014-10-17T22:57:27","slug":"atlas-de-geografia-humana","status":"publish","type":"product","link":"https:\/\/ajupe.com.uy\/web\/biblioteca\/atlas-de-geografia-humana\/","title":{"rendered":"Atlas de geograf\u00eda humana"},"content":{"rendered":"<p>Cuatro a\u00f1os le llev\u00f3 a Almudena Grandes escribir su cuarta novela en la que cuatro mujeres cuentan en primera persona su propia historia en un tiempo de confusi\u00f3n ideol\u00f3gica y crisis generacional. Un tiempo que, sin duda, ni ellas mismas, ni los lectores atrapados en las redes de la novela, podr\u00e1n olvidar. Por su en\u00e9rgica plenitud, por el absoluto control del lenguaje y la estructura novelesca, Atlas de geograf\u00eda humana supone la definitiva consagraci\u00f3n de una escritora que, un libro tras otro, nunca ha dejado de sorprendernos. En el Departamento de Obras de consulta de un gran grupo editorial, cuatro mujeres trabajan en la confecci\u00f3n de un atlas de geograf\u00eda en fasc\u00edculos. Reunidas por azar en ese proyecto, y muy distintas entre s\u00ed, todas comparten, sin embargo, una edad decisiva, en la que el peso de la memoria matiza ya la conciencia del tiempo y de la Historia. Mientras investigan, buscan materiales y fijan datos, Ana, Rosa, Marisa y Fran se encuentran en ese punto de inflexi\u00f3n de la vida en que no pueden aplazar m\u00e1s la necesidad de encararse de una vez consigo mismas, despejar dudas, deseos y contradicciones ya insostenibles para situarse ellas mismas en su propia geograf\u00eda, en su propio atlas. As\u00ed, iremos descubri\u00e9ndolo todo sobre cada una de ellas y sobre el mundo que las rodea, que no es otro que el de toda una generaci\u00f3n: su soledad, sus inhibiciones, sus sue\u00f1os truncados, sus decepciones, pero tambi\u00e9n sus pasiones y sus amores inconfesados, su dureza y su ternura, sus derrotas y sus grandes conquistas. Almudena Grandes consigue aqu\u00ed la dif\u00edcil y delicada tarea de tramar, mediante la \u00abpeque\u00f1a historia\u00bb de cuatro mujeres, un gran fresco lleno de resonancias que configuran exactamente lo que sugiere el t\u00edtulo: un atlas de geograf\u00eda humana.<\/p>\n","protected":false},"excerpt":{"rendered":"<p>Cuatro a\u00f1os le llev\u00f3 a Almudena Grandes escribir su cuarta novela en la que cuatro mujeres cuentan en primera persona su propia historia en un tiempo de confusi\u00f3n ideol\u00f3gica y crisis generacional. Un tiempo que, sin duda, ni ellas mismas, ni los lectores atrapados en las redes de la novela, podr\u00e1n olvidar. Por su en\u00e9rgica [&hellip;]<\/p>\n","protected":false},"featured_media":7017,"template":"","meta":[],"product_brand":[548],"product_cat":[29],"product_tag":[],"class_list":{"0":"post-7016","1":"product","2":"type-product","3":"status-publish","4":"has-post-thumbnail","6":"product_brand-almudena-grandes","7":"product_cat-novela","9":"first","10":"instock","11":"purchasable","12":"product-type-simple"},"featured_image_urls_v2":{"full":["https:\/\/ajupe.com.uy\/web\/wp-content\/uploads\/2016\/04\/p-7016-Atlas_de_geograf_54417480d851b.jpg",184,277,false],"thumbnail":["https:\/\/ajupe.com.uy\/web\/wp-content\/uploads\/2016\/04\/p-7016-Atlas_de_geograf_54417480d851b.jpg",150,150,true],"medium":["https:\/\/ajupe.com.uy\/web\/wp-content\/uploads\/2016\/04\/p-7016-Atlas_de_geograf_54417480d851b.jpg",300,214,true],"medium_large":["https:\/\/ajupe.com.uy\/web\/wp-content\/uploads\/2016\/04\/p-7016-Atlas_de_geograf_54417480d851b.jpg",184,277,false],"large":["https:\/\/ajupe.com.uy\/web\/wp-content\/uploads\/2016\/04\/p-7016-Atlas_de_geograf_54417480d851b.jpg",184,277,false],"1536x1536":["https:\/\/ajupe.com.uy\/web\/wp-content\/uploads\/2016\/04\/p-7016-Atlas_de_geograf_54417480d851b.jpg",184,277,false],"2048x2048":["https:\/\/ajupe.com.uy\/web\/wp-content\/uploads\/2016\/04\/p-7016-Atlas_de_geograf_54417480d851b.jpg",184,277,false],"woocommerce_archive_thumbnail":["https:\/\/ajupe.com.uy\/web\/wp-content\/uploads\/2016\/04\/p-7016-Atlas_de_geograf_54417480d851b.jpg",184,277,false],"woocommerce_thumbnail":["https:\/\/ajupe.com.uy\/web\/wp-content\/uploads\/2016\/04\/p-7016-Atlas_de_geograf_54417480d851b.jpg",184,277,false],"woocommerce_single":["https:\/\/ajupe.com.uy\/web\/wp-content\/uploads\/2016\/04\/p-7016-Atlas_de_geograf_54417480d851b.jpg",184,277,false],"woocommerce_gallery_thumbnail":["https:\/\/ajupe.com.uy\/web\/wp-content\/uploads\/2016\/04\/p-7016-Atlas_de_geograf_54417480d851b-100x100.jpg",100,100,true]},"post_excerpt_stackable_v2":"<p>Cuatro a\u00f1os le llev\u00f3 a Almudena Grandes escribir su cuarta novela en la que cuatro mujeres cuentan en primera persona su propia historia en un tiempo de confusi\u00f3n ideol\u00f3gica y crisis generacional. Un tiempo que, sin duda, ni ellas mismas, ni los lectores atrapados en las redes de la novela, podr\u00e1n olvidar. Por su en\u00e9rgica plenitud, por el absoluto control del lenguaje y la estructura novelesca, Atlas de geograf\u00eda humana supone la definitiva consagraci\u00f3n de una escritora que, un libro tras otro, nunca ha dejado de sorprendernos. En el Departamento de Obras de consulta de un gran grupo editorial, cuatro&hellip;<\/p>\n","category_list_v2":"","author_info_v2":{"name":"","url":""},"comments_num_v2":"0 comentarios","_links":{"self":[{"href":"https:\/\/ajupe.com.uy\/web\/wp-json\/wp\/v2\/product\/7016","targetHints":{"allow":["GET"]}}],"collection":[{"href":"https:\/\/ajupe.com.uy\/web\/wp-json\/wp\/v2\/product"}],"about":[{"href":"https:\/\/ajupe.com.uy\/web\/wp-json\/wp\/v2\/types\/product"}],"wp:featuredmedia":[{"embeddable":true,"href":"https:\/\/ajupe.com.uy\/web\/wp-json\/wp\/v2\/media\/7017"}],"wp:attachment":[{"href":"https:\/\/ajupe.com.uy\/web\/wp-json\/wp\/v2\/media?parent=7016"}],"wp:term":[{"taxonomy":"product_brand","embeddable":true,"href":"https:\/\/ajupe.com.uy\/web\/wp-json\/wp\/v2\/product_brand?post=7016"},{"taxonomy":"product_cat","embeddable":true,"href":"https:\/\/ajupe.com.uy\/web\/wp-json\/wp\/v2\/product_cat?post=7016"},{"taxonomy":"product_tag","embeddable":true,"href":"https:\/\/ajupe.com.uy\/web\/wp-json\/wp\/v2\/product_tag?post=7016"}],"curies":[{"name":"wp","href":"https:\/\/api.w.org\/{rel}","templated":true}]}}