{"id":7019,"date":"2014-10-20T16:02:51","date_gmt":"2014-10-20T19:02:51","guid":{"rendered":"http:\/\/ajupe.com.uy\/web\/?post_type=product&#038;p=7019"},"modified":"2014-10-20T16:05:32","modified_gmt":"2014-10-20T19:05:32","slug":"bajo-la-misma-estrella","status":"publish","type":"product","link":"https:\/\/ajupe.com.uy\/web\/biblioteca\/bajo-la-misma-estrella\/","title":{"rendered":"Bajo la misma estrella"},"content":{"rendered":"<p>A Hazel y a Gus les gustar\u00eda tener vidas m\u00e1s corrientes. Algunos dir\u00edan que no han nacido con estrella, que su mundo es injusto. Hazel y Gus son solo adolescentes,  pero si algo les ha ense\u00f1ado el c\u00e1ncer que ambos padecen es que no hay tiempo para lamentaciones, porque, nos guste o no, solo existe el hoy y el ahora.   Y por ello, con la intenci\u00f3n de hacer realidad el mayor deseo de Hazel -conocer a su escritor favorito-, cruzar\u00e1n juntos el Atl\u00e1ntico para vivir una aventura  contrarreloj, tan cat\u00e1rtica como desgarradora. Destino: Amsterdam, el lugar donde reside el enigm\u00e1tico y malhumorado escritor, la \u00fanica persona que tal  vez pueda ayudarles a ordenar las piezas del enorme puzle del que forman parte&#8230;<\/p>\n","protected":false},"excerpt":{"rendered":"<p>A Hazel y a Gus les gustar\u00eda tener vidas m\u00e1s corrientes. Algunos dir\u00edan que no han nacido con estrella, que su mundo es injusto. Hazel y Gus son solo adolescentes, pero si algo les ha ense\u00f1ado el c\u00e1ncer que ambos padecen es que no hay tiempo para lamentaciones, porque, nos guste o no, solo existe [&hellip;]<\/p>\n","protected":false},"featured_media":7020,"template":"","meta":[],"product_brand":[1302],"product_cat":[29],"product_tag":[],"class_list":{"0":"post-7019","1":"product","2":"type-product","3":"status-publish","4":"has-post-thumbnail","6":"product_brand-john-green","7":"product_cat-novela","9":"first","10":"instock","11":"purchasable","12":"product-type-simple"},"featured_image_urls_v2":{"full":["https:\/\/ajupe.com.uy\/web\/wp-content\/uploads\/2016\/04\/p-7019-Bajo_la_misma_es_544532c7080a4.jpg",205,312,false],"thumbnail":["https:\/\/ajupe.com.uy\/web\/wp-content\/uploads\/2016\/04\/p-7019-Bajo_la_misma_es_544532c7080a4.jpg",150,150,true],"medium":["https:\/\/ajupe.com.uy\/web\/wp-content\/uploads\/2016\/04\/p-7019-Bajo_la_misma_es_544532c7080a4.jpg",300,214,true],"medium_large":["https:\/\/ajupe.com.uy\/web\/wp-content\/uploads\/2016\/04\/p-7019-Bajo_la_misma_es_544532c7080a4.jpg",205,312,false],"large":["https:\/\/ajupe.com.uy\/web\/wp-content\/uploads\/2016\/04\/p-7019-Bajo_la_misma_es_544532c7080a4.jpg",205,312,false],"1536x1536":["https:\/\/ajupe.com.uy\/web\/wp-content\/uploads\/2016\/04\/p-7019-Bajo_la_misma_es_544532c7080a4.jpg",205,312,false],"2048x2048":["https:\/\/ajupe.com.uy\/web\/wp-content\/uploads\/2016\/04\/p-7019-Bajo_la_misma_es_544532c7080a4.jpg",205,312,false],"woocommerce_archive_thumbnail":["https:\/\/ajupe.com.uy\/web\/wp-content\/uploads\/2016\/04\/p-7019-Bajo_la_misma_es_544532c7080a4-205x300.jpg",205,300,true],"woocommerce_thumbnail":["https:\/\/ajupe.com.uy\/web\/wp-content\/uploads\/2016\/04\/p-7019-Bajo_la_misma_es_544532c7080a4-205x300.jpg",205,300,true],"woocommerce_single":["https:\/\/ajupe.com.uy\/web\/wp-content\/uploads\/2016\/04\/p-7019-Bajo_la_misma_es_544532c7080a4.jpg",205,312,false],"woocommerce_gallery_thumbnail":["https:\/\/ajupe.com.uy\/web\/wp-content\/uploads\/2016\/04\/p-7019-Bajo_la_misma_es_544532c7080a4-100x100.jpg",100,100,true]},"post_excerpt_stackable_v2":"<p>A Hazel y a Gus les gustar\u00eda tener vidas m\u00e1s corrientes. Algunos dir\u00edan que no han nacido con estrella, que su mundo es injusto. Hazel y Gus son solo adolescentes, pero si algo les ha ense\u00f1ado el c\u00e1ncer que ambos padecen es que no hay tiempo para lamentaciones, porque, nos guste o no, solo existe el hoy y el ahora. Y por ello, con la intenci\u00f3n de hacer realidad el mayor deseo de Hazel -conocer a su escritor favorito-, cruzar\u00e1n juntos el Atl\u00e1ntico para vivir una aventura contrarreloj, tan cat\u00e1rtica como desgarradora. Destino: Amsterdam, el lugar donde reside el enigm\u00e1tico&hellip;<\/p>\n","category_list_v2":"","author_info_v2":{"name":"","url":""},"comments_num_v2":"0 comentarios","_links":{"self":[{"href":"https:\/\/ajupe.com.uy\/web\/wp-json\/wp\/v2\/product\/7019","targetHints":{"allow":["GET"]}}],"collection":[{"href":"https:\/\/ajupe.com.uy\/web\/wp-json\/wp\/v2\/product"}],"about":[{"href":"https:\/\/ajupe.com.uy\/web\/wp-json\/wp\/v2\/types\/product"}],"wp:featuredmedia":[{"embeddable":true,"href":"https:\/\/ajupe.com.uy\/web\/wp-json\/wp\/v2\/media\/7020"}],"wp:attachment":[{"href":"https:\/\/ajupe.com.uy\/web\/wp-json\/wp\/v2\/media?parent=7019"}],"wp:term":[{"taxonomy":"product_brand","embeddable":true,"href":"https:\/\/ajupe.com.uy\/web\/wp-json\/wp\/v2\/product_brand?post=7019"},{"taxonomy":"product_cat","embeddable":true,"href":"https:\/\/ajupe.com.uy\/web\/wp-json\/wp\/v2\/product_cat?post=7019"},{"taxonomy":"product_tag","embeddable":true,"href":"https:\/\/ajupe.com.uy\/web\/wp-json\/wp\/v2\/product_tag?post=7019"}],"curies":[{"name":"wp","href":"https:\/\/api.w.org\/{rel}","templated":true}]}}