{"id":7070,"date":"2014-11-12T20:17:41","date_gmt":"2014-11-12T23:17:41","guid":{"rendered":"http:\/\/ajupe.com.uy\/web\/?post_type=product&#038;p=7070"},"modified":"2014-11-12T20:18:27","modified_gmt":"2014-11-12T23:18:27","slug":"los-perros-de-riga","status":"publish","type":"product","link":"https:\/\/ajupe.com.uy\/web\/biblioteca\/los-perros-de-riga\/","title":{"rendered":"Los perros de riga"},"content":{"rendered":"<p>Una fr\u00eda ma\u00f1ana de febrero llega un bote salvavidas a la costa sueca arrastrado por la corriente. Dentro encuentran los cad\u00e1veres de dos hombres que, como confirma el inspector Wallander, han sido asesinados hace d\u00edas. Aquejado de estr\u00e9s y de intensos dolores de pecho, con remordimientos por su anciano padre y sin haber encajado bien la separaci\u00f3n de su mujer, Kurt Wallander, una vez abierta la investigaci\u00f3n, debe hacer de tripas coraz\u00f3n y posponer sus buenos prop\u00f3sitos de cuidarse m\u00e1s. Al averiguarse que los dos hombres asesinados eran letones, Wallander no tiene m\u00e1s remedio que viajar a Riga, donde se introduce en los ambientes m\u00e1s corruptos, gobernados por bandas criminales.<\/p>\n","protected":false},"excerpt":{"rendered":"<p>Una fr\u00eda ma\u00f1ana de febrero llega un bote salvavidas a la costa sueca arrastrado por la corriente. Dentro encuentran los cad\u00e1veres de dos hombres que, como confirma el inspector Wallander, han sido asesinados hace d\u00edas. Aquejado de estr\u00e9s y de intensos dolores de pecho, con remordimientos por su anciano padre y sin haber encajado bien [&hellip;]<\/p>\n","protected":false},"featured_media":7071,"template":"","meta":[],"product_brand":[996],"product_cat":[40],"product_tag":[],"class_list":{"0":"post-7070","1":"product","2":"type-product","3":"status-publish","4":"has-post-thumbnail","6":"product_brand-henning-mankell","7":"product_cat-policial","9":"first","10":"instock","11":"purchasable","12":"product-type-simple"},"featured_image_urls_v2":{"full":["https:\/\/ajupe.com.uy\/web\/wp-content\/uploads\/2016\/04\/p-7070-Los_perros_de_ri_5463c091b8b8e.jpg",208,309,false],"thumbnail":["https:\/\/ajupe.com.uy\/web\/wp-content\/uploads\/2016\/04\/p-7070-Los_perros_de_ri_5463c091b8b8e.jpg",150,150,true],"medium":["https:\/\/ajupe.com.uy\/web\/wp-content\/uploads\/2016\/04\/p-7070-Los_perros_de_ri_5463c091b8b8e.jpg",300,214,true],"medium_large":["https:\/\/ajupe.com.uy\/web\/wp-content\/uploads\/2016\/04\/p-7070-Los_perros_de_ri_5463c091b8b8e.jpg",208,309,false],"large":["https:\/\/ajupe.com.uy\/web\/wp-content\/uploads\/2016\/04\/p-7070-Los_perros_de_ri_5463c091b8b8e.jpg",208,309,false],"1536x1536":["https:\/\/ajupe.com.uy\/web\/wp-content\/uploads\/2016\/04\/p-7070-Los_perros_de_ri_5463c091b8b8e.jpg",208,309,false],"2048x2048":["https:\/\/ajupe.com.uy\/web\/wp-content\/uploads\/2016\/04\/p-7070-Los_perros_de_ri_5463c091b8b8e.jpg",208,309,false],"woocommerce_archive_thumbnail":["https:\/\/ajupe.com.uy\/web\/wp-content\/uploads\/2016\/04\/p-7070-Los_perros_de_ri_5463c091b8b8e-208x300.jpg",208,300,true],"woocommerce_thumbnail":["https:\/\/ajupe.com.uy\/web\/wp-content\/uploads\/2016\/04\/p-7070-Los_perros_de_ri_5463c091b8b8e-208x300.jpg",208,300,true],"woocommerce_single":["https:\/\/ajupe.com.uy\/web\/wp-content\/uploads\/2016\/04\/p-7070-Los_perros_de_ri_5463c091b8b8e.jpg",208,309,false],"woocommerce_gallery_thumbnail":["https:\/\/ajupe.com.uy\/web\/wp-content\/uploads\/2016\/04\/p-7070-Los_perros_de_ri_5463c091b8b8e-100x100.jpg",100,100,true]},"post_excerpt_stackable_v2":"<p>Una fr\u00eda ma\u00f1ana de febrero llega un bote salvavidas a la costa sueca arrastrado por la corriente. Dentro encuentran los cad\u00e1veres de dos hombres que, como confirma el inspector Wallander, han sido asesinados hace d\u00edas. Aquejado de estr\u00e9s y de intensos dolores de pecho, con remordimientos por su anciano padre y sin haber encajado bien la separaci\u00f3n de su mujer, Kurt Wallander, una vez abierta la investigaci\u00f3n, debe hacer de tripas coraz\u00f3n y posponer sus buenos prop\u00f3sitos de cuidarse m\u00e1s. Al averiguarse que los dos hombres asesinados eran letones, Wallander no tiene m\u00e1s remedio que viajar a Riga, donde se&hellip;<\/p>\n","category_list_v2":"","author_info_v2":{"name":"","url":""},"comments_num_v2":"0 comentarios","_links":{"self":[{"href":"https:\/\/ajupe.com.uy\/web\/wp-json\/wp\/v2\/product\/7070","targetHints":{"allow":["GET"]}}],"collection":[{"href":"https:\/\/ajupe.com.uy\/web\/wp-json\/wp\/v2\/product"}],"about":[{"href":"https:\/\/ajupe.com.uy\/web\/wp-json\/wp\/v2\/types\/product"}],"wp:featuredmedia":[{"embeddable":true,"href":"https:\/\/ajupe.com.uy\/web\/wp-json\/wp\/v2\/media\/7071"}],"wp:attachment":[{"href":"https:\/\/ajupe.com.uy\/web\/wp-json\/wp\/v2\/media?parent=7070"}],"wp:term":[{"taxonomy":"product_brand","embeddable":true,"href":"https:\/\/ajupe.com.uy\/web\/wp-json\/wp\/v2\/product_brand?post=7070"},{"taxonomy":"product_cat","embeddable":true,"href":"https:\/\/ajupe.com.uy\/web\/wp-json\/wp\/v2\/product_cat?post=7070"},{"taxonomy":"product_tag","embeddable":true,"href":"https:\/\/ajupe.com.uy\/web\/wp-json\/wp\/v2\/product_tag?post=7070"}],"curies":[{"name":"wp","href":"https:\/\/api.w.org\/{rel}","templated":true}]}}