{"id":7085,"date":"2014-12-12T17:30:51","date_gmt":"2014-12-12T20:30:51","guid":{"rendered":"http:\/\/ajupe.com.uy\/web\/?post_type=product&#038;p=7085"},"modified":"2014-12-12T17:33:26","modified_gmt":"2014-12-12T20:33:26","slug":"gravedad","status":"publish","type":"product","link":"https:\/\/ajupe.com.uy\/web\/biblioteca\/gravedad\/","title":{"rendered":"Gravedad"},"content":{"rendered":"<p>Brillante investigadora, la Dra. Emma Watson ha sido elegida para tomar parte en una misi\u00f3n que estudiar\u00e1 el comportamiento de distintos microorganismos en el espacio. Pero la NASA ignora la naturaleza letal del experimento. En el espacio, las c\u00e9lulas se reproducen velozmente y comienzan a infectar a la tripulaci\u00f3n con mortales consecuencias. Una misi\u00f3n de rescate termina en una cat\u00e1strofe, mientras Emma Watson lucha desesperadamente para obtener un ant\u00eddoto contra el terrible microbio cuya propagaci\u00f3n quiz\u00e1s le impida regresar a la Tierra&#8230; Tess Gerritsen integra sus conocimientos m\u00e9dicos con la alta tecnolog\u00eda espacial para ofrecernos un thriller verosimil y apasionante. Un gran bestseller.<\/p>\n","protected":false},"excerpt":{"rendered":"<p>Brillante investigadora, la Dra. Emma Watson ha sido elegida para tomar parte en una misi\u00f3n que estudiar\u00e1 el comportamiento de distintos microorganismos en el espacio. Pero la NASA ignora la naturaleza letal del experimento. En el espacio, las c\u00e9lulas se reproducen velozmente y comienzan a infectar a la tripulaci\u00f3n con mortales consecuencias. Una misi\u00f3n de [&hellip;]<\/p>\n","protected":false},"featured_media":7086,"template":"","meta":[],"product_brand":[1337],"product_cat":[48],"product_tag":[],"class_list":{"0":"post-7085","1":"product","2":"type-product","3":"status-publish","4":"has-post-thumbnail","6":"product_brand-tess-gerritsen","7":"product_cat-thrillers","9":"first","10":"instock","11":"purchasable","12":"product-type-simple"},"featured_image_urls_v2":{"full":["https:\/\/ajupe.com.uy\/web\/wp-content\/uploads\/2016\/04\/p-7085-Gravedad_548b266083c5f.jpg",221,337,false],"thumbnail":["https:\/\/ajupe.com.uy\/web\/wp-content\/uploads\/2016\/04\/p-7085-Gravedad_548b266083c5f.jpg",150,150,true],"medium":["https:\/\/ajupe.com.uy\/web\/wp-content\/uploads\/2016\/04\/p-7085-Gravedad_548b266083c5f.jpg",300,214,true],"medium_large":["https:\/\/ajupe.com.uy\/web\/wp-content\/uploads\/2016\/04\/p-7085-Gravedad_548b266083c5f.jpg",221,337,false],"large":["https:\/\/ajupe.com.uy\/web\/wp-content\/uploads\/2016\/04\/p-7085-Gravedad_548b266083c5f.jpg",221,337,false],"1536x1536":["https:\/\/ajupe.com.uy\/web\/wp-content\/uploads\/2016\/04\/p-7085-Gravedad_548b266083c5f.jpg",221,337,false],"2048x2048":["https:\/\/ajupe.com.uy\/web\/wp-content\/uploads\/2016\/04\/p-7085-Gravedad_548b266083c5f.jpg",221,337,false],"woocommerce_archive_thumbnail":["https:\/\/ajupe.com.uy\/web\/wp-content\/uploads\/2016\/04\/p-7085-Gravedad_548b266083c5f-221x300.jpg",221,300,true],"woocommerce_thumbnail":["https:\/\/ajupe.com.uy\/web\/wp-content\/uploads\/2016\/04\/p-7085-Gravedad_548b266083c5f-221x300.jpg",221,300,true],"woocommerce_single":["https:\/\/ajupe.com.uy\/web\/wp-content\/uploads\/2016\/04\/p-7085-Gravedad_548b266083c5f.jpg",221,337,false],"woocommerce_gallery_thumbnail":["https:\/\/ajupe.com.uy\/web\/wp-content\/uploads\/2016\/04\/p-7085-Gravedad_548b266083c5f-100x100.jpg",100,100,true]},"post_excerpt_stackable_v2":"<p>Brillante investigadora, la Dra. Emma Watson ha sido elegida para tomar parte en una misi\u00f3n que estudiar\u00e1 el comportamiento de distintos microorganismos en el espacio. Pero la NASA ignora la naturaleza letal del experimento. En el espacio, las c\u00e9lulas se reproducen velozmente y comienzan a infectar a la tripulaci\u00f3n con mortales consecuencias. Una misi\u00f3n de rescate termina en una cat\u00e1strofe, mientras Emma Watson lucha desesperadamente para obtener un ant\u00eddoto contra el terrible microbio cuya propagaci\u00f3n quiz\u00e1s le impida regresar a la Tierra&#8230; Tess Gerritsen integra sus conocimientos m\u00e9dicos con la alta tecnolog\u00eda espacial para ofrecernos un thriller verosimil y apasionante.&hellip;<\/p>\n","category_list_v2":"","author_info_v2":{"name":"","url":""},"comments_num_v2":"0 comentarios","_links":{"self":[{"href":"https:\/\/ajupe.com.uy\/web\/wp-json\/wp\/v2\/product\/7085","targetHints":{"allow":["GET"]}}],"collection":[{"href":"https:\/\/ajupe.com.uy\/web\/wp-json\/wp\/v2\/product"}],"about":[{"href":"https:\/\/ajupe.com.uy\/web\/wp-json\/wp\/v2\/types\/product"}],"wp:featuredmedia":[{"embeddable":true,"href":"https:\/\/ajupe.com.uy\/web\/wp-json\/wp\/v2\/media\/7086"}],"wp:attachment":[{"href":"https:\/\/ajupe.com.uy\/web\/wp-json\/wp\/v2\/media?parent=7085"}],"wp:term":[{"taxonomy":"product_brand","embeddable":true,"href":"https:\/\/ajupe.com.uy\/web\/wp-json\/wp\/v2\/product_brand?post=7085"},{"taxonomy":"product_cat","embeddable":true,"href":"https:\/\/ajupe.com.uy\/web\/wp-json\/wp\/v2\/product_cat?post=7085"},{"taxonomy":"product_tag","embeddable":true,"href":"https:\/\/ajupe.com.uy\/web\/wp-json\/wp\/v2\/product_tag?post=7085"}],"curies":[{"name":"wp","href":"https:\/\/api.w.org\/{rel}","templated":true}]}}