{"id":7091,"date":"2014-12-12T18:34:32","date_gmt":"2014-12-12T21:34:32","guid":{"rendered":"http:\/\/ajupe.com.uy\/web\/?post_type=product&#038;p=7091"},"modified":"2014-12-12T18:35:50","modified_gmt":"2014-12-12T21:35:50","slug":"28-dias","status":"publish","type":"product","link":"https:\/\/ajupe.com.uy\/web\/biblioteca\/28-dias\/","title":{"rendered":"28 dias"},"content":{"rendered":"<p>1943. Mira est\u00e1 al cargo de Hannah, su hermana peque\u00f1a, dentro del duro d\u00eda a d\u00eda del gueto de Varsovia, poniendo en riesgo su vida pasando comida de contrabando. Pero ahora se ha planeado que la poblaci\u00f3n entera del gueto sea aniquilada. Mira se une a la Resistencia. A pesar de la todopoderosa SS, la Resistencia podr\u00e1 hacerle frente durante m\u00e1s tiempo de lo esperado. 28 d\u00edas. Durante 28 d\u00edas.  28 d\u00edas durante los cuales Mira deber\u00e1 decidir a quien pertenece su coraz\u00f3n: Amos, decidido a matar a tantos nazis como pueda, o Daniel, quien cuida de los hu\u00e9rfanos del b\u00fanker.   28 d\u00edas en los que con frecuencia se preguntar\u00e1, \u00bfqu\u00e9 tipo de persona quieres ser?  28 d\u00edas para vivir tu vida entera. 28 d\u00edas para encontrar el amor verdadero. 28 d\u00edas para convertirse en una leyenda.<\/p>\n","protected":false},"excerpt":{"rendered":"<p>1943. Mira est\u00e1 al cargo de Hannah, su hermana peque\u00f1a, dentro del duro d\u00eda a d\u00eda del gueto de Varsovia, poniendo en riesgo su vida pasando comida de contrabando. Pero ahora se ha planeado que la poblaci\u00f3n entera del gueto sea aniquilada. Mira se une a la Resistencia. A pesar de la todopoderosa SS, la [&hellip;]<\/p>\n","protected":false},"featured_media":7092,"template":"","meta":[],"product_brand":[1338],"product_cat":[29],"product_tag":[],"class_list":{"0":"post-7091","1":"product","2":"type-product","3":"status-publish","4":"has-post-thumbnail","6":"product_brand-david-safier","7":"product_cat-novela","9":"first","10":"instock","11":"purchasable","12":"product-type-simple"},"featured_image_urls_v2":{"full":["https:\/\/ajupe.com.uy\/web\/wp-content\/uploads\/2016\/04\/p-7091-28_dias_548b3583a7ece.jpg",196,338,false],"thumbnail":["https:\/\/ajupe.com.uy\/web\/wp-content\/uploads\/2016\/04\/p-7091-28_dias_548b3583a7ece.jpg",150,150,true],"medium":["https:\/\/ajupe.com.uy\/web\/wp-content\/uploads\/2016\/04\/p-7091-28_dias_548b3583a7ece.jpg",300,214,true],"medium_large":["https:\/\/ajupe.com.uy\/web\/wp-content\/uploads\/2016\/04\/p-7091-28_dias_548b3583a7ece.jpg",196,338,false],"large":["https:\/\/ajupe.com.uy\/web\/wp-content\/uploads\/2016\/04\/p-7091-28_dias_548b3583a7ece.jpg",196,338,false],"1536x1536":["https:\/\/ajupe.com.uy\/web\/wp-content\/uploads\/2016\/04\/p-7091-28_dias_548b3583a7ece.jpg",196,338,false],"2048x2048":["https:\/\/ajupe.com.uy\/web\/wp-content\/uploads\/2016\/04\/p-7091-28_dias_548b3583a7ece.jpg",196,338,false],"woocommerce_archive_thumbnail":["https:\/\/ajupe.com.uy\/web\/wp-content\/uploads\/2016\/04\/p-7091-28_dias_548b3583a7ece-196x300.jpg",196,300,true],"woocommerce_thumbnail":["https:\/\/ajupe.com.uy\/web\/wp-content\/uploads\/2016\/04\/p-7091-28_dias_548b3583a7ece-196x300.jpg",196,300,true],"woocommerce_single":["https:\/\/ajupe.com.uy\/web\/wp-content\/uploads\/2016\/04\/p-7091-28_dias_548b3583a7ece.jpg",196,338,false],"woocommerce_gallery_thumbnail":["https:\/\/ajupe.com.uy\/web\/wp-content\/uploads\/2016\/04\/p-7091-28_dias_548b3583a7ece-100x100.jpg",100,100,true]},"post_excerpt_stackable_v2":"<p>1943. Mira est\u00e1 al cargo de Hannah, su hermana peque\u00f1a, dentro del duro d\u00eda a d\u00eda del gueto de Varsovia, poniendo en riesgo su vida pasando comida de contrabando. Pero ahora se ha planeado que la poblaci\u00f3n entera del gueto sea aniquilada. Mira se une a la Resistencia. A pesar de la todopoderosa SS, la Resistencia podr\u00e1 hacerle frente durante m\u00e1s tiempo de lo esperado. 28 d\u00edas. Durante 28 d\u00edas. 28 d\u00edas durante los cuales Mira deber\u00e1 decidir a quien pertenece su coraz\u00f3n: Amos, decidido a matar a tantos nazis como pueda, o Daniel, quien cuida de los hu\u00e9rfanos del&hellip;<\/p>\n","category_list_v2":"","author_info_v2":{"name":"","url":""},"comments_num_v2":"0 comentarios","_links":{"self":[{"href":"https:\/\/ajupe.com.uy\/web\/wp-json\/wp\/v2\/product\/7091","targetHints":{"allow":["GET"]}}],"collection":[{"href":"https:\/\/ajupe.com.uy\/web\/wp-json\/wp\/v2\/product"}],"about":[{"href":"https:\/\/ajupe.com.uy\/web\/wp-json\/wp\/v2\/types\/product"}],"wp:featuredmedia":[{"embeddable":true,"href":"https:\/\/ajupe.com.uy\/web\/wp-json\/wp\/v2\/media\/7092"}],"wp:attachment":[{"href":"https:\/\/ajupe.com.uy\/web\/wp-json\/wp\/v2\/media?parent=7091"}],"wp:term":[{"taxonomy":"product_brand","embeddable":true,"href":"https:\/\/ajupe.com.uy\/web\/wp-json\/wp\/v2\/product_brand?post=7091"},{"taxonomy":"product_cat","embeddable":true,"href":"https:\/\/ajupe.com.uy\/web\/wp-json\/wp\/v2\/product_cat?post=7091"},{"taxonomy":"product_tag","embeddable":true,"href":"https:\/\/ajupe.com.uy\/web\/wp-json\/wp\/v2\/product_tag?post=7091"}],"curies":[{"name":"wp","href":"https:\/\/api.w.org\/{rel}","templated":true}]}}