{"id":7112,"date":"2014-12-12T19:25:56","date_gmt":"2014-12-12T22:25:56","guid":{"rendered":"http:\/\/ajupe.com.uy\/web\/?post_type=product&#038;p=7112"},"modified":"2014-12-12T19:27:41","modified_gmt":"2014-12-12T22:27:41","slug":"nido-de-serpientes","status":"publish","type":"product","link":"https:\/\/ajupe.com.uy\/web\/biblioteca\/nido-de-serpientes\/","title":{"rendered":"Nido de serpientes"},"content":{"rendered":"<p>En el Edimburgo de finales del siglo XIX, una joven de diecis\u00e9is a\u00f1os es acusada injustamente del asesinato de su padre, un poderoso banquero. Davina, sin saberlo, ha sido v\u00edctima de un vil complot urdido por una enigm\u00e1tica y bella institutriz y un cochero arrogante y siniestro. Obligada por las circunstancias, Davina escapa azarosamente a la lejana Sud\u00e1frica, un pa\u00eds convulsionado por la fiebre de los diamantes y la guerra de los b\u00f3ers, donde intentar\u00e1 rehacer su vida&#8230;<\/p>\n","protected":false},"excerpt":{"rendered":"<p>En el Edimburgo de finales del siglo XIX, una joven de diecis\u00e9is a\u00f1os es acusada injustamente del asesinato de su padre, un poderoso banquero. Davina, sin saberlo, ha sido v\u00edctima de un vil complot urdido por una enigm\u00e1tica y bella institutriz y un cochero arrogante y siniestro. Obligada por las circunstancias, Davina escapa azarosamente a [&hellip;]<\/p>\n","protected":false},"featured_media":7113,"template":"","meta":[],"product_brand":[325],"product_cat":[29],"product_tag":[],"class_list":{"0":"post-7112","1":"product","2":"type-product","3":"status-publish","4":"has-post-thumbnail","6":"product_brand-victoria-holt","7":"product_cat-novela","9":"first","10":"instock","11":"purchasable","12":"product-type-simple"},"featured_image_urls_v2":{"full":["https:\/\/ajupe.com.uy\/web\/wp-content\/uploads\/2016\/04\/p-7112-Nido_de_serpient_548b4160869e6.jpg",190,291,false],"thumbnail":["https:\/\/ajupe.com.uy\/web\/wp-content\/uploads\/2016\/04\/p-7112-Nido_de_serpient_548b4160869e6.jpg",150,150,true],"medium":["https:\/\/ajupe.com.uy\/web\/wp-content\/uploads\/2016\/04\/p-7112-Nido_de_serpient_548b4160869e6.jpg",300,214,true],"medium_large":["https:\/\/ajupe.com.uy\/web\/wp-content\/uploads\/2016\/04\/p-7112-Nido_de_serpient_548b4160869e6.jpg",190,291,false],"large":["https:\/\/ajupe.com.uy\/web\/wp-content\/uploads\/2016\/04\/p-7112-Nido_de_serpient_548b4160869e6.jpg",190,291,false],"1536x1536":["https:\/\/ajupe.com.uy\/web\/wp-content\/uploads\/2016\/04\/p-7112-Nido_de_serpient_548b4160869e6.jpg",190,291,false],"2048x2048":["https:\/\/ajupe.com.uy\/web\/wp-content\/uploads\/2016\/04\/p-7112-Nido_de_serpient_548b4160869e6.jpg",190,291,false],"woocommerce_archive_thumbnail":["https:\/\/ajupe.com.uy\/web\/wp-content\/uploads\/2016\/04\/p-7112-Nido_de_serpient_548b4160869e6.jpg",190,291,false],"woocommerce_thumbnail":["https:\/\/ajupe.com.uy\/web\/wp-content\/uploads\/2016\/04\/p-7112-Nido_de_serpient_548b4160869e6.jpg",190,291,false],"woocommerce_single":["https:\/\/ajupe.com.uy\/web\/wp-content\/uploads\/2016\/04\/p-7112-Nido_de_serpient_548b4160869e6.jpg",190,291,false],"woocommerce_gallery_thumbnail":["https:\/\/ajupe.com.uy\/web\/wp-content\/uploads\/2016\/04\/p-7112-Nido_de_serpient_548b4160869e6-100x100.jpg",100,100,true]},"post_excerpt_stackable_v2":"<p>En el Edimburgo de finales del siglo XIX, una joven de diecis\u00e9is a\u00f1os es acusada injustamente del asesinato de su padre, un poderoso banquero. Davina, sin saberlo, ha sido v\u00edctima de un vil complot urdido por una enigm\u00e1tica y bella institutriz y un cochero arrogante y siniestro. Obligada por las circunstancias, Davina escapa azarosamente a la lejana Sud\u00e1frica, un pa\u00eds convulsionado por la fiebre de los diamantes y la guerra de los b\u00f3ers, donde intentar\u00e1 rehacer su vida&#8230;<\/p>\n","category_list_v2":"","author_info_v2":{"name":"","url":""},"comments_num_v2":"0 comentarios","_links":{"self":[{"href":"https:\/\/ajupe.com.uy\/web\/wp-json\/wp\/v2\/product\/7112","targetHints":{"allow":["GET"]}}],"collection":[{"href":"https:\/\/ajupe.com.uy\/web\/wp-json\/wp\/v2\/product"}],"about":[{"href":"https:\/\/ajupe.com.uy\/web\/wp-json\/wp\/v2\/types\/product"}],"wp:featuredmedia":[{"embeddable":true,"href":"https:\/\/ajupe.com.uy\/web\/wp-json\/wp\/v2\/media\/7113"}],"wp:attachment":[{"href":"https:\/\/ajupe.com.uy\/web\/wp-json\/wp\/v2\/media?parent=7112"}],"wp:term":[{"taxonomy":"product_brand","embeddable":true,"href":"https:\/\/ajupe.com.uy\/web\/wp-json\/wp\/v2\/product_brand?post=7112"},{"taxonomy":"product_cat","embeddable":true,"href":"https:\/\/ajupe.com.uy\/web\/wp-json\/wp\/v2\/product_cat?post=7112"},{"taxonomy":"product_tag","embeddable":true,"href":"https:\/\/ajupe.com.uy\/web\/wp-json\/wp\/v2\/product_tag?post=7112"}],"curies":[{"name":"wp","href":"https:\/\/api.w.org\/{rel}","templated":true}]}}