{"id":7130,"date":"2014-12-15T18:06:02","date_gmt":"2014-12-15T21:06:02","guid":{"rendered":"http:\/\/ajupe.com.uy\/web\/?post_type=product&#038;p=7130"},"modified":"2014-12-15T18:06:30","modified_gmt":"2014-12-15T21:06:30","slug":"el-misterio-del-tesoro-de-las-masilotti","status":"publish","type":"product","link":"https:\/\/ajupe.com.uy\/web\/biblioteca\/el-misterio-del-tesoro-de-las-masilotti\/","title":{"rendered":"El misterio del tesoro de las Masilotti"},"content":{"rendered":"<p>Si se tuviera que definir El misterio del tesoro de las Masilotti en pocas palabras, dir\u00edamos que es un libro de historia escrito por un profesor de matem\u00e1tica. Es que, necesariamente, para buscar un tesoro se requiere profundizar en los detalles hist\u00f3ricos y en la l\u00ednea del tiempo. El autor se top\u00f3, al indagar sobre este misterio, con una de las mejores motivaciones para el conocimiento de nuestro pasado.<br \/>\nEl resultado es fascinante: este libro cuenta los pormenores de las b\u00fasquedas, contiene mapas para localizar el famoso tesoro presuntamente escondido en el cementerio Central y muestra con fundamento cu\u00e1l podr\u00eda ser el verdadero trasfondo oculto tras las fren\u00e9ticas b\u00fasquedas de 1951, 1956, 1961, 1970-72 y 1983. Historias reales, leyendas, datos sorprendentes, pistas, rumores son analizados cuidadosa pero apasionadamente por Cuiti\u00f1o, que logra atrapar al lector.<\/p>\n","protected":false},"excerpt":{"rendered":"<p>Si se tuviera que definir El misterio del tesoro de las Masilotti en pocas palabras, dir\u00edamos que es un libro de historia escrito por un profesor de matem\u00e1tica. Es que, necesariamente, para buscar un tesoro se requiere profundizar en los detalles hist\u00f3ricos y en la l\u00ednea del tiempo. El autor se top\u00f3, al indagar sobre [&hellip;]<\/p>\n","protected":false},"featured_media":7131,"template":"","meta":[],"product_brand":[633],"product_cat":[31,45],"product_tag":[],"class_list":{"0":"post-7130","1":"product","2":"type-product","3":"status-publish","4":"has-post-thumbnail","6":"product_brand-eden-phillpotts","7":"product_cat-historico","8":"product_cat-uruguayo","10":"first","11":"instock","12":"purchasable","13":"product-type-simple"},"featured_image_urls_v2":{"full":["https:\/\/ajupe.com.uy\/web\/wp-content\/uploads\/2016\/04\/p-7130-El_misterio_del__548f2326c2648.jpg",233,323,false],"thumbnail":["https:\/\/ajupe.com.uy\/web\/wp-content\/uploads\/2016\/04\/p-7130-El_misterio_del__548f2326c2648.jpg",150,150,true],"medium":["https:\/\/ajupe.com.uy\/web\/wp-content\/uploads\/2016\/04\/p-7130-El_misterio_del__548f2326c2648.jpg",300,214,true],"medium_large":["https:\/\/ajupe.com.uy\/web\/wp-content\/uploads\/2016\/04\/p-7130-El_misterio_del__548f2326c2648.jpg",233,323,false],"large":["https:\/\/ajupe.com.uy\/web\/wp-content\/uploads\/2016\/04\/p-7130-El_misterio_del__548f2326c2648.jpg",233,323,false],"1536x1536":["https:\/\/ajupe.com.uy\/web\/wp-content\/uploads\/2016\/04\/p-7130-El_misterio_del__548f2326c2648.jpg",233,323,false],"2048x2048":["https:\/\/ajupe.com.uy\/web\/wp-content\/uploads\/2016\/04\/p-7130-El_misterio_del__548f2326c2648.jpg",233,323,false],"woocommerce_archive_thumbnail":["https:\/\/ajupe.com.uy\/web\/wp-content\/uploads\/2016\/04\/p-7130-El_misterio_del__548f2326c2648-233x300.jpg",233,300,true],"woocommerce_thumbnail":["https:\/\/ajupe.com.uy\/web\/wp-content\/uploads\/2016\/04\/p-7130-El_misterio_del__548f2326c2648-233x300.jpg",233,300,true],"woocommerce_single":["https:\/\/ajupe.com.uy\/web\/wp-content\/uploads\/2016\/04\/p-7130-El_misterio_del__548f2326c2648.jpg",233,323,false],"woocommerce_gallery_thumbnail":["https:\/\/ajupe.com.uy\/web\/wp-content\/uploads\/2016\/04\/p-7130-El_misterio_del__548f2326c2648-100x100.jpg",100,100,true]},"post_excerpt_stackable_v2":"<p>Si se tuviera que definir El misterio del tesoro de las Masilotti en pocas palabras, dir\u00edamos que es un libro de historia escrito por un profesor de matem\u00e1tica. Es que, necesariamente, para buscar un tesoro se requiere profundizar en los detalles hist\u00f3ricos y en la l\u00ednea del tiempo. El autor se top\u00f3, al indagar sobre este misterio, con una de las mejores motivaciones para el conocimiento de nuestro pasado. El resultado es fascinante: este libro cuenta los pormenores de las b\u00fasquedas, contiene mapas para localizar el famoso tesoro presuntamente escondido en el cementerio Central y muestra con fundamento cu\u00e1l podr\u00eda&hellip;<\/p>\n","category_list_v2":"","author_info_v2":{"name":"","url":""},"comments_num_v2":"0 comentarios","_links":{"self":[{"href":"https:\/\/ajupe.com.uy\/web\/wp-json\/wp\/v2\/product\/7130","targetHints":{"allow":["GET"]}}],"collection":[{"href":"https:\/\/ajupe.com.uy\/web\/wp-json\/wp\/v2\/product"}],"about":[{"href":"https:\/\/ajupe.com.uy\/web\/wp-json\/wp\/v2\/types\/product"}],"wp:featuredmedia":[{"embeddable":true,"href":"https:\/\/ajupe.com.uy\/web\/wp-json\/wp\/v2\/media\/7131"}],"wp:attachment":[{"href":"https:\/\/ajupe.com.uy\/web\/wp-json\/wp\/v2\/media?parent=7130"}],"wp:term":[{"taxonomy":"product_brand","embeddable":true,"href":"https:\/\/ajupe.com.uy\/web\/wp-json\/wp\/v2\/product_brand?post=7130"},{"taxonomy":"product_cat","embeddable":true,"href":"https:\/\/ajupe.com.uy\/web\/wp-json\/wp\/v2\/product_cat?post=7130"},{"taxonomy":"product_tag","embeddable":true,"href":"https:\/\/ajupe.com.uy\/web\/wp-json\/wp\/v2\/product_tag?post=7130"}],"curies":[{"name":"wp","href":"https:\/\/api.w.org\/{rel}","templated":true}]}}