{"id":7149,"date":"2015-01-22T16:15:23","date_gmt":"2015-01-22T19:15:23","guid":{"rendered":"http:\/\/ajupe.com.uy\/web\/?post_type=product&#038;p=7149"},"modified":"2015-01-22T16:16:43","modified_gmt":"2015-01-22T19:16:43","slug":"la-hierba-de-las-noches","status":"publish","type":"product","link":"https:\/\/ajupe.com.uy\/web\/biblioteca\/la-hierba-de-las-noches\/","title":{"rendered":"La hierba de las noches"},"content":{"rendered":"<p>En La hierba de las noches, Modiano nos invita, como en otras de sus novelas, a un intenso viaje por un Par\u00eds espectral. La ciudad se configura como una geograf\u00eda interior, hecha de capas de tiempo que se confunden y entremezclan en esa evocaci\u00f3n y b\u00fasqueda del tiempo perdido que hace Jean, el protagonista de la novela, escritor y tal vez \u00e1lter ego del propio Modiano. Jean reconstruye en su escritura los fragmentos de su juventud, en los a\u00f1os sesenta, capturados en una libreta negra; abre una brecha en el tiempo y describe su deriva por la ciudad recordada, sigue el rastro de los ausentes e intenta resolver el misterio de un pasado lleno de interrogantes. Y traza una ruta, que oscila entre el hoy y el ayer, siguiendo la pista de una turbia historia de tintes policiales \u2013en la que aparece un leitmotiv del universo modianesco, la exploraci\u00f3n del p\u00fatrido territorio de la Ocupaci\u00f3n\u2013 pero tambi\u00e9n el recuerdo de Dannie, un viejo amor.  Y como en las mejores novelas negras, en el coraz\u00f3n de la trama hay un enigma. Dannie no es quien parece ser, su identidad se desdobla y multi plica como el laberinto de espacios que transitan los amantes. Jean la acompa\u00f1ar\u00e1 en algunas de sus desconcertantes misiones. Porque ella, junto con los hu\u00e9spedes del Unic H\u00f4tel, es una de los protagonistas, los perso najes \u00abverdaderos\u00bb de una trama compleja que el lector ir\u00e1 descubriendo a medida que avanza la novela. Y es entonces cuando la ficci\u00f3n de Modiano revela tambi\u00e9n su poder para documentar una \u00e9poca, y por sus p\u00e1ginas vemos aparecer a los fantasmas de la turbulenta historia de la Francia poscolonial, con el asunto Ben Barka como oscuro coraz\u00f3n de las tinieblas. La hierba de las noches es una novela magistral, un hipn\u00f3tico relato sobre los laberintos de la memoria y los pasadizos secretos de la Historia que mantiene al lector en vilo hasta la \u00faltima p\u00e1gina.<\/p>\n","protected":false},"excerpt":{"rendered":"<p>En La hierba de las noches, Modiano nos invita, como en otras de sus novelas, a un intenso viaje por un Par\u00eds espectral. La ciudad se configura como una geograf\u00eda interior, hecha de capas de tiempo que se confunden y entremezclan en esa evocaci\u00f3n y b\u00fasqueda del tiempo perdido que hace Jean, el protagonista de [&hellip;]<\/p>\n","protected":false},"featured_media":7150,"template":"","meta":[],"product_brand":[1346],"product_cat":[29],"product_tag":[],"class_list":{"0":"post-7149","1":"product","2":"type-product","3":"status-publish","4":"has-post-thumbnail","6":"product_brand-patrick-modiano","7":"product_cat-novela","9":"first","10":"instock","11":"purchasable","12":"product-type-simple"},"featured_image_urls_v2":{"full":["https:\/\/ajupe.com.uy\/web\/wp-content\/uploads\/2016\/04\/p-7149-La_hierba_de_las_54c1223b331b3.jpg",205,324,false],"thumbnail":["https:\/\/ajupe.com.uy\/web\/wp-content\/uploads\/2016\/04\/p-7149-La_hierba_de_las_54c1223b331b3.jpg",150,150,true],"medium":["https:\/\/ajupe.com.uy\/web\/wp-content\/uploads\/2016\/04\/p-7149-La_hierba_de_las_54c1223b331b3.jpg",300,214,true],"medium_large":["https:\/\/ajupe.com.uy\/web\/wp-content\/uploads\/2016\/04\/p-7149-La_hierba_de_las_54c1223b331b3.jpg",205,324,false],"large":["https:\/\/ajupe.com.uy\/web\/wp-content\/uploads\/2016\/04\/p-7149-La_hierba_de_las_54c1223b331b3.jpg",205,324,false],"1536x1536":["https:\/\/ajupe.com.uy\/web\/wp-content\/uploads\/2016\/04\/p-7149-La_hierba_de_las_54c1223b331b3.jpg",205,324,false],"2048x2048":["https:\/\/ajupe.com.uy\/web\/wp-content\/uploads\/2016\/04\/p-7149-La_hierba_de_las_54c1223b331b3.jpg",205,324,false],"woocommerce_archive_thumbnail":["https:\/\/ajupe.com.uy\/web\/wp-content\/uploads\/2016\/04\/p-7149-La_hierba_de_las_54c1223b331b3-205x300.jpg",205,300,true],"woocommerce_thumbnail":["https:\/\/ajupe.com.uy\/web\/wp-content\/uploads\/2016\/04\/p-7149-La_hierba_de_las_54c1223b331b3-205x300.jpg",205,300,true],"woocommerce_single":["https:\/\/ajupe.com.uy\/web\/wp-content\/uploads\/2016\/04\/p-7149-La_hierba_de_las_54c1223b331b3.jpg",205,324,false],"woocommerce_gallery_thumbnail":["https:\/\/ajupe.com.uy\/web\/wp-content\/uploads\/2016\/04\/p-7149-La_hierba_de_las_54c1223b331b3-100x100.jpg",100,100,true]},"post_excerpt_stackable_v2":"<p>En La hierba de las noches, Modiano nos invita, como en otras de sus novelas, a un intenso viaje por un Par\u00eds espectral. La ciudad se configura como una geograf\u00eda interior, hecha de capas de tiempo que se confunden y entremezclan en esa evocaci\u00f3n y b\u00fasqueda del tiempo perdido que hace Jean, el protagonista de la novela, escritor y tal vez \u00e1lter ego del propio Modiano. Jean reconstruye en su escritura los fragmentos de su juventud, en los a\u00f1os sesenta, capturados en una libreta negra; abre una brecha en el tiempo y describe su deriva por la ciudad recordada, sigue&hellip;<\/p>\n","category_list_v2":"","author_info_v2":{"name":"","url":""},"comments_num_v2":"0 comentarios","_links":{"self":[{"href":"https:\/\/ajupe.com.uy\/web\/wp-json\/wp\/v2\/product\/7149","targetHints":{"allow":["GET"]}}],"collection":[{"href":"https:\/\/ajupe.com.uy\/web\/wp-json\/wp\/v2\/product"}],"about":[{"href":"https:\/\/ajupe.com.uy\/web\/wp-json\/wp\/v2\/types\/product"}],"wp:featuredmedia":[{"embeddable":true,"href":"https:\/\/ajupe.com.uy\/web\/wp-json\/wp\/v2\/media\/7150"}],"wp:attachment":[{"href":"https:\/\/ajupe.com.uy\/web\/wp-json\/wp\/v2\/media?parent=7149"}],"wp:term":[{"taxonomy":"product_brand","embeddable":true,"href":"https:\/\/ajupe.com.uy\/web\/wp-json\/wp\/v2\/product_brand?post=7149"},{"taxonomy":"product_cat","embeddable":true,"href":"https:\/\/ajupe.com.uy\/web\/wp-json\/wp\/v2\/product_cat?post=7149"},{"taxonomy":"product_tag","embeddable":true,"href":"https:\/\/ajupe.com.uy\/web\/wp-json\/wp\/v2\/product_tag?post=7149"}],"curies":[{"name":"wp","href":"https:\/\/api.w.org\/{rel}","templated":true}]}}