{"id":7152,"date":"2015-01-22T16:20:03","date_gmt":"2015-01-22T19:20:03","guid":{"rendered":"http:\/\/ajupe.com.uy\/web\/?post_type=product&#038;p=7152"},"modified":"2015-01-22T16:21:01","modified_gmt":"2015-01-22T19:21:01","slug":"adios-hemingway","status":"publish","type":"product","link":"https:\/\/ajupe.com.uy\/web\/biblioteca\/adios-hemingway\/","title":{"rendered":"Adi\u00f3s, Hemingway"},"content":{"rendered":"<p>En la memoria de Mario Conde todav\u00eda brilla el recuerdo de su visita a Coj\u00edmar de la mano de su abuelo. Aquella tarde de 1960, en el peque\u00f1o pueblo de pescadores, el ni\u00f1o tuvo la ocasi\u00f3n de ver a Hemingway en persona y, movido por una extra\u00f1a fascinaci\u00f3n, se atrevi\u00f3 a saludarlo. Cuarenta a\u00f1os m\u00e1s tarde, abandonado su cargo de teniente investigador en la polic\u00eda de La Habana y dedicado a vender libros de segunda mano, Mario Conde se ve empujado a regresar a Finca Vig\u00eda, la casa museo de Hemingway en las afueras de La Habana, para enfrentarse a un extra\u00f1o caso: en el jard\u00edn de la propiedad han sido descubiertos los restos de un hombre que, seg\u00fan la autopsia, muri\u00f3 hace cuarenta a\u00f1os de dos tiros en el pecho. Junto al cad\u00e1ver aparecer\u00e1 tambi\u00e9n una placa del FBI. Mientras Conde trata de desentra\u00f1ar lo que sucedi\u00f3 all\u00ed la noche del 2 al 3 de octubre de 1958, la novela nos permite asistir a los \u00faltimos a\u00f1os del escritor norteamericano, a sus obsesiones, miedos y a su entorno habanero, desde donde refulgen algunos objetos inquietantes, como ese rev\u00f3lver del calibre 22 que el escritor guarda envuelto en una prenda \u00edntima de Ava Gardner.     Con el mismo tono crepuscular y melanc\u00f3lico de La neblina del ayer, y la misma eficacia envolvente de sus novelas anteriores, Adi\u00f3s, Hemingway es un ajuste de cuentas de Mario Conde con su vida y con sus \u00eddolos literarios, pero tambi\u00e9n una punzante e inolvidable recreaci\u00f3n del Hemingway eg\u00f3latra y contradictorio, acorralado por sus recuerdos y remordimientos, en los d\u00edas previos a su suicidio.<\/p>\n","protected":false},"excerpt":{"rendered":"<p>En la memoria de Mario Conde todav\u00eda brilla el recuerdo de su visita a Coj\u00edmar de la mano de su abuelo. Aquella tarde de 1960, en el peque\u00f1o pueblo de pescadores, el ni\u00f1o tuvo la ocasi\u00f3n de ver a Hemingway en persona y, movido por una extra\u00f1a fascinaci\u00f3n, se atrevi\u00f3 a saludarlo. Cuarenta a\u00f1os m\u00e1s [&hellip;]<\/p>\n","protected":false},"featured_media":7153,"template":"","meta":[],"product_brand":[1278],"product_cat":[40],"product_tag":[],"class_list":{"0":"post-7152","1":"product","2":"type-product","3":"status-publish","4":"has-post-thumbnail","6":"product_brand-leonardo-padura","7":"product_cat-policial","9":"first","10":"instock","11":"purchasable","12":"product-type-simple"},"featured_image_urls_v2":{"full":["https:\/\/ajupe.com.uy\/web\/wp-content\/uploads\/2016\/04\/p-7152-Adi__s__Hemingwa_54c12369ebfde.jpg",184,281,false],"thumbnail":["https:\/\/ajupe.com.uy\/web\/wp-content\/uploads\/2016\/04\/p-7152-Adi__s__Hemingwa_54c12369ebfde.jpg",150,150,true],"medium":["https:\/\/ajupe.com.uy\/web\/wp-content\/uploads\/2016\/04\/p-7152-Adi__s__Hemingwa_54c12369ebfde.jpg",300,214,true],"medium_large":["https:\/\/ajupe.com.uy\/web\/wp-content\/uploads\/2016\/04\/p-7152-Adi__s__Hemingwa_54c12369ebfde.jpg",184,281,false],"large":["https:\/\/ajupe.com.uy\/web\/wp-content\/uploads\/2016\/04\/p-7152-Adi__s__Hemingwa_54c12369ebfde.jpg",184,281,false],"1536x1536":["https:\/\/ajupe.com.uy\/web\/wp-content\/uploads\/2016\/04\/p-7152-Adi__s__Hemingwa_54c12369ebfde.jpg",184,281,false],"2048x2048":["https:\/\/ajupe.com.uy\/web\/wp-content\/uploads\/2016\/04\/p-7152-Adi__s__Hemingwa_54c12369ebfde.jpg",184,281,false],"woocommerce_archive_thumbnail":["https:\/\/ajupe.com.uy\/web\/wp-content\/uploads\/2016\/04\/p-7152-Adi__s__Hemingwa_54c12369ebfde.jpg",184,281,false],"woocommerce_thumbnail":["https:\/\/ajupe.com.uy\/web\/wp-content\/uploads\/2016\/04\/p-7152-Adi__s__Hemingwa_54c12369ebfde.jpg",184,281,false],"woocommerce_single":["https:\/\/ajupe.com.uy\/web\/wp-content\/uploads\/2016\/04\/p-7152-Adi__s__Hemingwa_54c12369ebfde.jpg",184,281,false],"woocommerce_gallery_thumbnail":["https:\/\/ajupe.com.uy\/web\/wp-content\/uploads\/2016\/04\/p-7152-Adi__s__Hemingwa_54c12369ebfde-100x100.jpg",100,100,true]},"post_excerpt_stackable_v2":"<p>En la memoria de Mario Conde todav\u00eda brilla el recuerdo de su visita a Coj\u00edmar de la mano de su abuelo. Aquella tarde de 1960, en el peque\u00f1o pueblo de pescadores, el ni\u00f1o tuvo la ocasi\u00f3n de ver a Hemingway en persona y, movido por una extra\u00f1a fascinaci\u00f3n, se atrevi\u00f3 a saludarlo. Cuarenta a\u00f1os m\u00e1s tarde, abandonado su cargo de teniente investigador en la polic\u00eda de La Habana y dedicado a vender libros de segunda mano, Mario Conde se ve empujado a regresar a Finca Vig\u00eda, la casa museo de Hemingway en las afueras de La Habana, para enfrentarse a&hellip;<\/p>\n","category_list_v2":"","author_info_v2":{"name":"","url":""},"comments_num_v2":"0 comentarios","_links":{"self":[{"href":"https:\/\/ajupe.com.uy\/web\/wp-json\/wp\/v2\/product\/7152","targetHints":{"allow":["GET"]}}],"collection":[{"href":"https:\/\/ajupe.com.uy\/web\/wp-json\/wp\/v2\/product"}],"about":[{"href":"https:\/\/ajupe.com.uy\/web\/wp-json\/wp\/v2\/types\/product"}],"wp:featuredmedia":[{"embeddable":true,"href":"https:\/\/ajupe.com.uy\/web\/wp-json\/wp\/v2\/media\/7153"}],"wp:attachment":[{"href":"https:\/\/ajupe.com.uy\/web\/wp-json\/wp\/v2\/media?parent=7152"}],"wp:term":[{"taxonomy":"product_brand","embeddable":true,"href":"https:\/\/ajupe.com.uy\/web\/wp-json\/wp\/v2\/product_brand?post=7152"},{"taxonomy":"product_cat","embeddable":true,"href":"https:\/\/ajupe.com.uy\/web\/wp-json\/wp\/v2\/product_cat?post=7152"},{"taxonomy":"product_tag","embeddable":true,"href":"https:\/\/ajupe.com.uy\/web\/wp-json\/wp\/v2\/product_tag?post=7152"}],"curies":[{"name":"wp","href":"https:\/\/api.w.org\/{rel}","templated":true}]}}