{"id":7164,"date":"2015-01-22T17:18:52","date_gmt":"2015-01-22T20:18:52","guid":{"rendered":"http:\/\/ajupe.com.uy\/web\/?post_type=product&#038;p=7164"},"modified":"2015-01-22T17:21:20","modified_gmt":"2015-01-22T20:21:20","slug":"los-vigilantes-del-faro","status":"publish","type":"product","link":"https:\/\/ajupe.com.uy\/web\/biblioteca\/los-vigilantes-del-faro\/","title":{"rendered":"Los vigilantes del faro"},"content":{"rendered":"<p>Desde que Patrik se ha reincorporado al trabajo, Erica se dedica de lleno a sus gemelos, que nacieron prematuros. Apenas tiene tiempo para ir a visitar a Annie Wester, una compa\u00f1era de instituto que acaba de regresar a Fj\u00e4llbacka despu\u00e9s de muchos a\u00f1os. Junto con su hijo Sam, Annie se ha instalado en el faro abandonado de la isla de Gr\u00e5sk\u00e4r, propiedad de su familia. A pesar de los rumores que circulan por el pueblo sobre la leyenda de la \u00abisla de los esp\u00edritus\u00bb, en la que los muertos vagan libremente, no parecen importarle las voces extra\u00f1as que oye por la noche. Adem\u00e1s, su antiguo novio Matte Sverin, quien tambi\u00e9n ha pasado unos a\u00f1os en Estocolmo y acaba de empezar a trabajar en el Ayuntamiento de Fj\u00e4llbacka, aparece asesinado. Annie es la \u00faltima persona que lo ve con vida.<\/p>\n<p>Estos sucesos le deparar\u00e1n a Patrik y a su eficaz colaboradora Paula muchos quebraderos de cabeza. Por su parte, Erica, que realiza su propia investigaci\u00f3n en paralelo, conseguir\u00e1 atar algunos cabos sueltos que ser\u00e1n de gran ayuda para la resoluci\u00f3n del caso.<\/p>\n","protected":false},"excerpt":{"rendered":"<p>Desde que Patrik se ha reincorporado al trabajo, Erica se dedica de lleno a sus gemelos, que nacieron prematuros. Apenas tiene tiempo para ir a visitar a Annie Wester, una compa\u00f1era de instituto que acaba de regresar a Fj\u00e4llbacka despu\u00e9s de muchos a\u00f1os. Junto con su hijo Sam, Annie se ha instalado en el faro [&hellip;]<\/p>\n","protected":false},"featured_media":7165,"template":"","meta":[],"product_brand":[1254],"product_cat":[40],"product_tag":[],"class_list":{"0":"post-7164","1":"product","2":"type-product","3":"status-publish","4":"has-post-thumbnail","6":"product_brand-camilla-lackberg","7":"product_cat-policial","9":"first","10":"instock","11":"purchasable","12":"product-type-simple"},"featured_image_urls_v2":{"full":["https:\/\/ajupe.com.uy\/web\/wp-content\/uploads\/2016\/04\/p-7164-Los_vigilantes_d_54c1319063c77.jpg",184,280,false],"thumbnail":["https:\/\/ajupe.com.uy\/web\/wp-content\/uploads\/2016\/04\/p-7164-Los_vigilantes_d_54c1319063c77.jpg",150,150,true],"medium":["https:\/\/ajupe.com.uy\/web\/wp-content\/uploads\/2016\/04\/p-7164-Los_vigilantes_d_54c1319063c77.jpg",300,214,true],"medium_large":["https:\/\/ajupe.com.uy\/web\/wp-content\/uploads\/2016\/04\/p-7164-Los_vigilantes_d_54c1319063c77.jpg",184,280,false],"large":["https:\/\/ajupe.com.uy\/web\/wp-content\/uploads\/2016\/04\/p-7164-Los_vigilantes_d_54c1319063c77.jpg",184,280,false],"1536x1536":["https:\/\/ajupe.com.uy\/web\/wp-content\/uploads\/2016\/04\/p-7164-Los_vigilantes_d_54c1319063c77.jpg",184,280,false],"2048x2048":["https:\/\/ajupe.com.uy\/web\/wp-content\/uploads\/2016\/04\/p-7164-Los_vigilantes_d_54c1319063c77.jpg",184,280,false],"woocommerce_archive_thumbnail":["https:\/\/ajupe.com.uy\/web\/wp-content\/uploads\/2016\/04\/p-7164-Los_vigilantes_d_54c1319063c77.jpg",184,280,false],"woocommerce_thumbnail":["https:\/\/ajupe.com.uy\/web\/wp-content\/uploads\/2016\/04\/p-7164-Los_vigilantes_d_54c1319063c77.jpg",184,280,false],"woocommerce_single":["https:\/\/ajupe.com.uy\/web\/wp-content\/uploads\/2016\/04\/p-7164-Los_vigilantes_d_54c1319063c77.jpg",184,280,false],"woocommerce_gallery_thumbnail":["https:\/\/ajupe.com.uy\/web\/wp-content\/uploads\/2016\/04\/p-7164-Los_vigilantes_d_54c1319063c77-100x100.jpg",100,100,true]},"post_excerpt_stackable_v2":"<p>Desde que Patrik se ha reincorporado al trabajo, Erica se dedica de lleno a sus gemelos, que nacieron prematuros. Apenas tiene tiempo para ir a visitar a Annie Wester, una compa\u00f1era de instituto que acaba de regresar a Fj\u00e4llbacka despu\u00e9s de muchos a\u00f1os. Junto con su hijo Sam, Annie se ha instalado en el faro abandonado de la isla de Gr\u00e5sk\u00e4r, propiedad de su familia. A pesar de los rumores que circulan por el pueblo sobre la leyenda de la \u00abisla de los esp\u00edritus\u00bb, en la que los muertos vagan libremente, no parecen importarle las voces extra\u00f1as que oye por&hellip;<\/p>\n","category_list_v2":"","author_info_v2":{"name":"","url":""},"comments_num_v2":"0 comentarios","_links":{"self":[{"href":"https:\/\/ajupe.com.uy\/web\/wp-json\/wp\/v2\/product\/7164","targetHints":{"allow":["GET"]}}],"collection":[{"href":"https:\/\/ajupe.com.uy\/web\/wp-json\/wp\/v2\/product"}],"about":[{"href":"https:\/\/ajupe.com.uy\/web\/wp-json\/wp\/v2\/types\/product"}],"wp:featuredmedia":[{"embeddable":true,"href":"https:\/\/ajupe.com.uy\/web\/wp-json\/wp\/v2\/media\/7165"}],"wp:attachment":[{"href":"https:\/\/ajupe.com.uy\/web\/wp-json\/wp\/v2\/media?parent=7164"}],"wp:term":[{"taxonomy":"product_brand","embeddable":true,"href":"https:\/\/ajupe.com.uy\/web\/wp-json\/wp\/v2\/product_brand?post=7164"},{"taxonomy":"product_cat","embeddable":true,"href":"https:\/\/ajupe.com.uy\/web\/wp-json\/wp\/v2\/product_cat?post=7164"},{"taxonomy":"product_tag","embeddable":true,"href":"https:\/\/ajupe.com.uy\/web\/wp-json\/wp\/v2\/product_tag?post=7164"}],"curies":[{"name":"wp","href":"https:\/\/api.w.org\/{rel}","templated":true}]}}