{"id":7167,"date":"2015-01-22T17:23:30","date_gmt":"2015-01-22T20:23:30","guid":{"rendered":"http:\/\/ajupe.com.uy\/web\/?post_type=product&#038;p=7167"},"modified":"2015-01-22T17:24:28","modified_gmt":"2015-01-22T20:24:28","slug":"hacia-los-mares-de-la-libertad","status":"publish","type":"product","link":"https:\/\/ajupe.com.uy\/web\/biblioteca\/hacia-los-mares-de-la-libertad\/","title":{"rendered":"Hacia los mares de la libertad"},"content":{"rendered":"<p>Irlanda, 1846. Kathleen y Michael se aman y planean en secreto abandonar su tierra natal, la humilde y hambrienta Irlanda, en busca de una vida mejor en el Nuevo Mundo. Pero todos sus sue\u00f1os se ven truncados cuando Michael es condenado como rebelde y desterrado a Australia. Kathleen, embarazada, se ver\u00e1 obligada a casarse con un comerciante de ganado y emigrar con \u00e9l a Nueva Zelanda. Entretanto, Michael, con la ayuda de la audaz Lizzie, intentar\u00e1 escapar de la colonia penal para reencontrarse con su primer amor.<\/p>\n","protected":false},"excerpt":{"rendered":"<p>Irlanda, 1846. Kathleen y Michael se aman y planean en secreto abandonar su tierra natal, la humilde y hambrienta Irlanda, en busca de una vida mejor en el Nuevo Mundo. Pero todos sus sue\u00f1os se ven truncados cuando Michael es condenado como rebelde y desterrado a Australia. Kathleen, embarazada, se ver\u00e1 obligada a casarse con [&hellip;]<\/p>\n","protected":false},"featured_media":7168,"template":"","meta":[],"product_brand":[1160],"product_cat":[29],"product_tag":[],"class_list":{"0":"post-7167","1":"product","2":"type-product","3":"status-publish","4":"has-post-thumbnail","6":"product_brand-sarah-lark","7":"product_cat-novela","9":"first","10":"instock","11":"purchasable","12":"product-type-simple"},"featured_image_urls_v2":{"full":["https:\/\/ajupe.com.uy\/web\/wp-content\/uploads\/2016\/04\/p-7167-Hacia_los_mares__54c1324cd1e8d.jpg",221,339,false],"thumbnail":["https:\/\/ajupe.com.uy\/web\/wp-content\/uploads\/2016\/04\/p-7167-Hacia_los_mares__54c1324cd1e8d.jpg",150,150,true],"medium":["https:\/\/ajupe.com.uy\/web\/wp-content\/uploads\/2016\/04\/p-7167-Hacia_los_mares__54c1324cd1e8d.jpg",300,214,true],"medium_large":["https:\/\/ajupe.com.uy\/web\/wp-content\/uploads\/2016\/04\/p-7167-Hacia_los_mares__54c1324cd1e8d.jpg",221,339,false],"large":["https:\/\/ajupe.com.uy\/web\/wp-content\/uploads\/2016\/04\/p-7167-Hacia_los_mares__54c1324cd1e8d.jpg",221,339,false],"1536x1536":["https:\/\/ajupe.com.uy\/web\/wp-content\/uploads\/2016\/04\/p-7167-Hacia_los_mares__54c1324cd1e8d.jpg",221,339,false],"2048x2048":["https:\/\/ajupe.com.uy\/web\/wp-content\/uploads\/2016\/04\/p-7167-Hacia_los_mares__54c1324cd1e8d.jpg",221,339,false],"woocommerce_archive_thumbnail":["https:\/\/ajupe.com.uy\/web\/wp-content\/uploads\/2016\/04\/p-7167-Hacia_los_mares__54c1324cd1e8d-221x300.jpg",221,300,true],"woocommerce_thumbnail":["https:\/\/ajupe.com.uy\/web\/wp-content\/uploads\/2016\/04\/p-7167-Hacia_los_mares__54c1324cd1e8d-221x300.jpg",221,300,true],"woocommerce_single":["https:\/\/ajupe.com.uy\/web\/wp-content\/uploads\/2016\/04\/p-7167-Hacia_los_mares__54c1324cd1e8d.jpg",221,339,false],"woocommerce_gallery_thumbnail":["https:\/\/ajupe.com.uy\/web\/wp-content\/uploads\/2016\/04\/p-7167-Hacia_los_mares__54c1324cd1e8d-100x100.jpg",100,100,true]},"post_excerpt_stackable_v2":"<p>Irlanda, 1846. Kathleen y Michael se aman y planean en secreto abandonar su tierra natal, la humilde y hambrienta Irlanda, en busca de una vida mejor en el Nuevo Mundo. Pero todos sus sue\u00f1os se ven truncados cuando Michael es condenado como rebelde y desterrado a Australia. Kathleen, embarazada, se ver\u00e1 obligada a casarse con un comerciante de ganado y emigrar con \u00e9l a Nueva Zelanda. Entretanto, Michael, con la ayuda de la audaz Lizzie, intentar\u00e1 escapar de la colonia penal para reencontrarse con su primer amor.<\/p>\n","category_list_v2":"","author_info_v2":{"name":"","url":""},"comments_num_v2":"0 comentarios","_links":{"self":[{"href":"https:\/\/ajupe.com.uy\/web\/wp-json\/wp\/v2\/product\/7167","targetHints":{"allow":["GET"]}}],"collection":[{"href":"https:\/\/ajupe.com.uy\/web\/wp-json\/wp\/v2\/product"}],"about":[{"href":"https:\/\/ajupe.com.uy\/web\/wp-json\/wp\/v2\/types\/product"}],"wp:featuredmedia":[{"embeddable":true,"href":"https:\/\/ajupe.com.uy\/web\/wp-json\/wp\/v2\/media\/7168"}],"wp:attachment":[{"href":"https:\/\/ajupe.com.uy\/web\/wp-json\/wp\/v2\/media?parent=7167"}],"wp:term":[{"taxonomy":"product_brand","embeddable":true,"href":"https:\/\/ajupe.com.uy\/web\/wp-json\/wp\/v2\/product_brand?post=7167"},{"taxonomy":"product_cat","embeddable":true,"href":"https:\/\/ajupe.com.uy\/web\/wp-json\/wp\/v2\/product_cat?post=7167"},{"taxonomy":"product_tag","embeddable":true,"href":"https:\/\/ajupe.com.uy\/web\/wp-json\/wp\/v2\/product_tag?post=7167"}],"curies":[{"name":"wp","href":"https:\/\/api.w.org\/{rel}","templated":true}]}}