{"id":7176,"date":"2015-01-23T15:16:28","date_gmt":"2015-01-23T18:16:28","guid":{"rendered":"http:\/\/ajupe.com.uy\/web\/?post_type=product&#038;p=7176"},"modified":"2015-01-23T15:17:24","modified_gmt":"2015-01-23T18:17:24","slug":"el-estudiante","status":"publish","type":"product","link":"https:\/\/ajupe.com.uy\/web\/biblioteca\/el-estudiante\/","title":{"rendered":"El estudiante"},"content":{"rendered":"<p>Mientras intenta mantenerse alejado del alcohol, Timothy Moth Warner alterna sus clases de posgrado en la Universidad de Miami con las reuniones de un grupo de autoayuda para adictos. Su t\u00edo Ed, m\u00e9dico psiquiatra y alcoh\u00f3lico rehabilitado, es su gran apoyo moral. Preocupado porque Ed ha faltado a una cita, Moth se dirige a la consulta de su t\u00edo y lo encuentra muerto. , en medio de un charco de sangre. Aparentemente, se ha disparado en la sien. Para la polic\u00eda, se trata de un claro caso de suicidio y pronto da el caso por cerrado.<\/p>\n<p>Sin embargo, Moth est\u00e1 convencido de que fue asesinado. Desolado y decidido a encontrar \u00e9l mismo al asesino, busca apoyo en la \u00fanica persona en la que puede confiar: Andrea Martine, que hab\u00eda sido su novia y a la que no ve desde hace cuatro a\u00f1os. Pese a que est\u00e1 sumida en la depresi\u00f3n tras haber vivido una situaci\u00f3n traum\u00e1tica, Andy no puede dejar de escucharle.<\/p>\n<p>Mientras luchan contra sus demonios interiores, los dos j\u00f3venes se ir\u00e1n internando en un territorio oscuro y desconocido, habitado por una mente tortuosa y vengativa que no cejar\u00e1 ante nada para lograr su objetivo.<\/p>\n","protected":false},"excerpt":{"rendered":"<p>Mientras intenta mantenerse alejado del alcohol, Timothy Moth Warner alterna sus clases de posgrado en la Universidad de Miami con las reuniones de un grupo de autoayuda para adictos. Su t\u00edo Ed, m\u00e9dico psiquiatra y alcoh\u00f3lico rehabilitado, es su gran apoyo moral. Preocupado porque Ed ha faltado a una cita, Moth se dirige a la [&hellip;]<\/p>\n","protected":false},"featured_media":7177,"template":"","meta":[],"product_brand":[445],"product_cat":[40],"product_tag":[],"class_list":{"0":"post-7176","1":"product","2":"type-product","3":"status-publish","4":"has-post-thumbnail","6":"product_brand-john-katzenbach","7":"product_cat-policial","9":"first","10":"instock","11":"purchasable","12":"product-type-simple"},"featured_image_urls_v2":{"full":["https:\/\/ajupe.com.uy\/web\/wp-content\/uploads\/2016\/04\/p-7176-El_estudiante_54c265daed136.jpg",219,340,false],"thumbnail":["https:\/\/ajupe.com.uy\/web\/wp-content\/uploads\/2016\/04\/p-7176-El_estudiante_54c265daed136.jpg",150,150,true],"medium":["https:\/\/ajupe.com.uy\/web\/wp-content\/uploads\/2016\/04\/p-7176-El_estudiante_54c265daed136.jpg",300,214,true],"medium_large":["https:\/\/ajupe.com.uy\/web\/wp-content\/uploads\/2016\/04\/p-7176-El_estudiante_54c265daed136.jpg",219,340,false],"large":["https:\/\/ajupe.com.uy\/web\/wp-content\/uploads\/2016\/04\/p-7176-El_estudiante_54c265daed136.jpg",219,340,false],"1536x1536":["https:\/\/ajupe.com.uy\/web\/wp-content\/uploads\/2016\/04\/p-7176-El_estudiante_54c265daed136.jpg",219,340,false],"2048x2048":["https:\/\/ajupe.com.uy\/web\/wp-content\/uploads\/2016\/04\/p-7176-El_estudiante_54c265daed136.jpg",219,340,false],"woocommerce_archive_thumbnail":["https:\/\/ajupe.com.uy\/web\/wp-content\/uploads\/2016\/04\/p-7176-El_estudiante_54c265daed136-219x300.jpg",219,300,true],"woocommerce_thumbnail":["https:\/\/ajupe.com.uy\/web\/wp-content\/uploads\/2016\/04\/p-7176-El_estudiante_54c265daed136-219x300.jpg",219,300,true],"woocommerce_single":["https:\/\/ajupe.com.uy\/web\/wp-content\/uploads\/2016\/04\/p-7176-El_estudiante_54c265daed136.jpg",219,340,false],"woocommerce_gallery_thumbnail":["https:\/\/ajupe.com.uy\/web\/wp-content\/uploads\/2016\/04\/p-7176-El_estudiante_54c265daed136-100x100.jpg",100,100,true]},"post_excerpt_stackable_v2":"<p>Mientras intenta mantenerse alejado del alcohol, Timothy Moth Warner alterna sus clases de posgrado en la Universidad de Miami con las reuniones de un grupo de autoayuda para adictos. Su t\u00edo Ed, m\u00e9dico psiquiatra y alcoh\u00f3lico rehabilitado, es su gran apoyo moral. Preocupado porque Ed ha faltado a una cita, Moth se dirige a la consulta de su t\u00edo y lo encuentra muerto. , en medio de un charco de sangre. Aparentemente, se ha disparado en la sien. Para la polic\u00eda, se trata de un claro caso de suicidio y pronto da el caso por cerrado. Sin embargo, Moth est\u00e1&hellip;<\/p>\n","category_list_v2":"","author_info_v2":{"name":"","url":""},"comments_num_v2":"0 comentarios","_links":{"self":[{"href":"https:\/\/ajupe.com.uy\/web\/wp-json\/wp\/v2\/product\/7176","targetHints":{"allow":["GET"]}}],"collection":[{"href":"https:\/\/ajupe.com.uy\/web\/wp-json\/wp\/v2\/product"}],"about":[{"href":"https:\/\/ajupe.com.uy\/web\/wp-json\/wp\/v2\/types\/product"}],"wp:featuredmedia":[{"embeddable":true,"href":"https:\/\/ajupe.com.uy\/web\/wp-json\/wp\/v2\/media\/7177"}],"wp:attachment":[{"href":"https:\/\/ajupe.com.uy\/web\/wp-json\/wp\/v2\/media?parent=7176"}],"wp:term":[{"taxonomy":"product_brand","embeddable":true,"href":"https:\/\/ajupe.com.uy\/web\/wp-json\/wp\/v2\/product_brand?post=7176"},{"taxonomy":"product_cat","embeddable":true,"href":"https:\/\/ajupe.com.uy\/web\/wp-json\/wp\/v2\/product_cat?post=7176"},{"taxonomy":"product_tag","embeddable":true,"href":"https:\/\/ajupe.com.uy\/web\/wp-json\/wp\/v2\/product_tag?post=7176"}],"curies":[{"name":"wp","href":"https:\/\/api.w.org\/{rel}","templated":true}]}}