{"id":7212,"date":"2015-03-09T18:33:13","date_gmt":"2015-03-09T21:33:13","guid":{"rendered":"http:\/\/ajupe.com.uy\/web\/?post_type=product&#038;p=7212"},"modified":"2015-03-09T18:33:13","modified_gmt":"2015-03-09T21:33:13","slug":"la-traicion-de-roma","status":"publish","type":"product","link":"https:\/\/ajupe.com.uy\/web\/biblioteca\/la-traicion-de-roma\/","title":{"rendered":"La traici\u00f3n de Roma"},"content":{"rendered":"<p>La traici\u00f3n de Roma es la tercera y \u00faltima entrega de la trilog\u00eda de Santiago Posteguillo sobre Publio Cornelio Escipi\u00f3n. El rotundo \u00e9xito de las anteriores entregas, Las legiones malditas (m\u00e1s de 60.000 ejemplares vendidos) y Africanus (m\u00e1s de 40.000 ejemplares vendidos) confirman que nos hallamos antes una de las sagas de novela hist\u00f3rica m\u00e1s exitosas de los \u00faltimos tiempos.<\/p>\n<p>El autor cierra los interrogantes que se han ido abriendo en las dos novelas anteriores.\u00bfEscribi\u00f3 Escipi\u00f3n unas memorias? \u00bfQu\u00e9 pensaba al final de sus d\u00edas de sus amigos, de su familia, de sus enemigos? \u00bfQu\u00e9 pensaba de An\u00edbal? \u00bfY qu\u00e9 pensaba An\u00edbal, justo antes de morir, del \u00fanico hombre que fue capaz de vencerle? La habilidad de Posteguillo para enganchar al lector sin renunciar al rigor hist\u00f3rico le ha hecho conquistar a decenas de miles de lectores.<\/p>\n","protected":false},"excerpt":{"rendered":"<p>La traici\u00f3n de Roma es la tercera y \u00faltima entrega de la trilog\u00eda de Santiago Posteguillo sobre Publio Cornelio Escipi\u00f3n. El rotundo \u00e9xito de las anteriores entregas, Las legiones malditas (m\u00e1s de 60.000 ejemplares vendidos) y Africanus (m\u00e1s de 40.000 ejemplares vendidos) confirman que nos hallamos antes una de las sagas de novela hist\u00f3rica m\u00e1s [&hellip;]<\/p>\n","protected":false},"featured_media":7213,"template":"","meta":[],"product_brand":[883],"product_cat":[29],"product_tag":[],"class_list":{"0":"post-7212","1":"product","2":"type-product","3":"status-publish","4":"has-post-thumbnail","6":"product_brand-santiago-posteguillo","7":"product_cat-novela","9":"first","10":"instock","11":"purchasable","12":"product-type-simple"},"featured_image_urls_v2":{"full":["https:\/\/ajupe.com.uy\/web\/wp-content\/uploads\/2016\/04\/p-7212-La_traici__n_de__54fde769933fc.jpg",203,314,false],"thumbnail":["https:\/\/ajupe.com.uy\/web\/wp-content\/uploads\/2016\/04\/p-7212-La_traici__n_de__54fde769933fc.jpg",150,150,true],"medium":["https:\/\/ajupe.com.uy\/web\/wp-content\/uploads\/2016\/04\/p-7212-La_traici__n_de__54fde769933fc.jpg",300,214,true],"medium_large":["https:\/\/ajupe.com.uy\/web\/wp-content\/uploads\/2016\/04\/p-7212-La_traici__n_de__54fde769933fc.jpg",203,314,false],"large":["https:\/\/ajupe.com.uy\/web\/wp-content\/uploads\/2016\/04\/p-7212-La_traici__n_de__54fde769933fc.jpg",203,314,false],"1536x1536":["https:\/\/ajupe.com.uy\/web\/wp-content\/uploads\/2016\/04\/p-7212-La_traici__n_de__54fde769933fc.jpg",203,314,false],"2048x2048":["https:\/\/ajupe.com.uy\/web\/wp-content\/uploads\/2016\/04\/p-7212-La_traici__n_de__54fde769933fc.jpg",203,314,false],"woocommerce_archive_thumbnail":["https:\/\/ajupe.com.uy\/web\/wp-content\/uploads\/2016\/04\/p-7212-La_traici__n_de__54fde769933fc-203x300.jpg",203,300,true],"woocommerce_thumbnail":["https:\/\/ajupe.com.uy\/web\/wp-content\/uploads\/2016\/04\/p-7212-La_traici__n_de__54fde769933fc-203x300.jpg",203,300,true],"woocommerce_single":["https:\/\/ajupe.com.uy\/web\/wp-content\/uploads\/2016\/04\/p-7212-La_traici__n_de__54fde769933fc.jpg",203,314,false],"woocommerce_gallery_thumbnail":["https:\/\/ajupe.com.uy\/web\/wp-content\/uploads\/2016\/04\/p-7212-La_traici__n_de__54fde769933fc-100x100.jpg",100,100,true]},"post_excerpt_stackable_v2":"<p>La traici\u00f3n de Roma es la tercera y \u00faltima entrega de la trilog\u00eda de Santiago Posteguillo sobre Publio Cornelio Escipi\u00f3n. El rotundo \u00e9xito de las anteriores entregas, Las legiones malditas (m\u00e1s de 60.000 ejemplares vendidos) y Africanus (m\u00e1s de 40.000 ejemplares vendidos) confirman que nos hallamos antes una de las sagas de novela hist\u00f3rica m\u00e1s exitosas de los \u00faltimos tiempos. El autor cierra los interrogantes que se han ido abriendo en las dos novelas anteriores.\u00bfEscribi\u00f3 Escipi\u00f3n unas memorias? \u00bfQu\u00e9 pensaba al final de sus d\u00edas de sus amigos, de su familia, de sus enemigos? \u00bfQu\u00e9 pensaba de An\u00edbal? \u00bfY qu\u00e9&hellip;<\/p>\n","category_list_v2":"","author_info_v2":{"name":"","url":""},"comments_num_v2":"0 comentarios","_links":{"self":[{"href":"https:\/\/ajupe.com.uy\/web\/wp-json\/wp\/v2\/product\/7212","targetHints":{"allow":["GET"]}}],"collection":[{"href":"https:\/\/ajupe.com.uy\/web\/wp-json\/wp\/v2\/product"}],"about":[{"href":"https:\/\/ajupe.com.uy\/web\/wp-json\/wp\/v2\/types\/product"}],"wp:featuredmedia":[{"embeddable":true,"href":"https:\/\/ajupe.com.uy\/web\/wp-json\/wp\/v2\/media\/7213"}],"wp:attachment":[{"href":"https:\/\/ajupe.com.uy\/web\/wp-json\/wp\/v2\/media?parent=7212"}],"wp:term":[{"taxonomy":"product_brand","embeddable":true,"href":"https:\/\/ajupe.com.uy\/web\/wp-json\/wp\/v2\/product_brand?post=7212"},{"taxonomy":"product_cat","embeddable":true,"href":"https:\/\/ajupe.com.uy\/web\/wp-json\/wp\/v2\/product_cat?post=7212"},{"taxonomy":"product_tag","embeddable":true,"href":"https:\/\/ajupe.com.uy\/web\/wp-json\/wp\/v2\/product_tag?post=7212"}],"curies":[{"name":"wp","href":"https:\/\/api.w.org\/{rel}","templated":true}]}}