{"id":7215,"date":"2015-03-09T18:39:28","date_gmt":"2015-03-09T21:39:28","guid":{"rendered":"http:\/\/ajupe.com.uy\/web\/?post_type=product&#038;p=7215"},"modified":"2015-03-09T18:41:48","modified_gmt":"2015-03-09T21:41:48","slug":"malala-mi-historia","status":"publish","type":"product","link":"https:\/\/ajupe.com.uy\/web\/biblioteca\/malala-mi-historia\/","title":{"rendered":"Malala, mi historia"},"content":{"rendered":"<p>Malala Yousafzai s\u00f3lo ten\u00eda diez a\u00f1os cuando los talibanes se apoderaron de su regi\u00f3n. Dec\u00edan que la m\u00fasica era pecado. Dec\u00edan que las mujeres no deb\u00edan ir al mercado. Dec\u00edan que las ni\u00f1as no deb\u00edan ir al colegio.<\/p>\n<p>Malala creci\u00f3 en una pac\u00edfica regi\u00f3n de Pakist\u00e1n transformada por el terrorismo. Aprendi\u00f3 a defender sus convicciones y luch\u00f3 por su derecho a la educaci\u00f3n. El 9 de octubre de 2012 estuvo a punto de perder la vida por la causa: le dispararon a quemarropa en el autob\u00fas cuando volv\u00eda a casa del colegio.Nadie cre\u00eda que fuera a sobrevivir.Se ha convertido en un s\u00edmbolo inernacional de la protesta pac\u00edfica y es la nominada m\u00e1s joven de la historia para el Premio Nobel de la Paz. En esta nueva edici\u00f3n de sus memorias, que incluye numerosas fotos y otros materiales, escuchamos de primera mano la extraordinaria historia de una ni\u00f1a que, desde muy peque\u00f1a, sab\u00eda que quer\u00eda cambiar el mundo&#8230; y lo hizo.<\/p>\n<p>La poderosa historia de Malala nos abre los ojos a otro mundo y nos impulsa a creer en la esperanza, la verdad, los milagros y la posibilidad de que una persona -una persona muy joven- puede inspirar el cambio en su comunidad y m\u00e1s all\u00e1.<\/p>\n","protected":false},"excerpt":{"rendered":"<p>Malala Yousafzai s\u00f3lo ten\u00eda diez a\u00f1os cuando los talibanes se apoderaron de su regi\u00f3n. Dec\u00edan que la m\u00fasica era pecado. Dec\u00edan que las mujeres no deb\u00edan ir al mercado. Dec\u00edan que las ni\u00f1as no deb\u00edan ir al colegio. Malala creci\u00f3 en una pac\u00edfica regi\u00f3n de Pakist\u00e1n transformada por el terrorismo. Aprendi\u00f3 a defender sus convicciones [&hellip;]<\/p>\n","protected":false},"featured_media":7216,"template":"","meta":[],"product_brand":[1354],"product_cat":[36],"product_tag":[],"class_list":{"0":"post-7215","1":"product","2":"type-product","3":"status-publish","4":"has-post-thumbnail","6":"product_brand-malala-youzafsal","7":"product_cat-autobiografico","9":"first","10":"instock","11":"purchasable","12":"product-type-simple"},"featured_image_urls_v2":{"full":["https:\/\/ajupe.com.uy\/web\/wp-content\/uploads\/2016\/04\/p-7215-Malala__mi_histo_54fde96a79add.jpg",215,331,false],"thumbnail":["https:\/\/ajupe.com.uy\/web\/wp-content\/uploads\/2016\/04\/p-7215-Malala__mi_histo_54fde96a79add.jpg",150,150,true],"medium":["https:\/\/ajupe.com.uy\/web\/wp-content\/uploads\/2016\/04\/p-7215-Malala__mi_histo_54fde96a79add.jpg",300,214,true],"medium_large":["https:\/\/ajupe.com.uy\/web\/wp-content\/uploads\/2016\/04\/p-7215-Malala__mi_histo_54fde96a79add.jpg",215,331,false],"large":["https:\/\/ajupe.com.uy\/web\/wp-content\/uploads\/2016\/04\/p-7215-Malala__mi_histo_54fde96a79add.jpg",215,331,false],"1536x1536":["https:\/\/ajupe.com.uy\/web\/wp-content\/uploads\/2016\/04\/p-7215-Malala__mi_histo_54fde96a79add.jpg",215,331,false],"2048x2048":["https:\/\/ajupe.com.uy\/web\/wp-content\/uploads\/2016\/04\/p-7215-Malala__mi_histo_54fde96a79add.jpg",215,331,false],"woocommerce_archive_thumbnail":["https:\/\/ajupe.com.uy\/web\/wp-content\/uploads\/2016\/04\/p-7215-Malala__mi_histo_54fde96a79add-215x300.jpg",215,300,true],"woocommerce_thumbnail":["https:\/\/ajupe.com.uy\/web\/wp-content\/uploads\/2016\/04\/p-7215-Malala__mi_histo_54fde96a79add-215x300.jpg",215,300,true],"woocommerce_single":["https:\/\/ajupe.com.uy\/web\/wp-content\/uploads\/2016\/04\/p-7215-Malala__mi_histo_54fde96a79add.jpg",215,331,false],"woocommerce_gallery_thumbnail":["https:\/\/ajupe.com.uy\/web\/wp-content\/uploads\/2016\/04\/p-7215-Malala__mi_histo_54fde96a79add-100x100.jpg",100,100,true]},"post_excerpt_stackable_v2":"<p>Malala Yousafzai s\u00f3lo ten\u00eda diez a\u00f1os cuando los talibanes se apoderaron de su regi\u00f3n. Dec\u00edan que la m\u00fasica era pecado. Dec\u00edan que las mujeres no deb\u00edan ir al mercado. Dec\u00edan que las ni\u00f1as no deb\u00edan ir al colegio. Malala creci\u00f3 en una pac\u00edfica regi\u00f3n de Pakist\u00e1n transformada por el terrorismo. Aprendi\u00f3 a defender sus convicciones y luch\u00f3 por su derecho a la educaci\u00f3n. El 9 de octubre de 2012 estuvo a punto de perder la vida por la causa: le dispararon a quemarropa en el autob\u00fas cuando volv\u00eda a casa del colegio.Nadie cre\u00eda que fuera a sobrevivir.Se ha convertido en&hellip;<\/p>\n","category_list_v2":"","author_info_v2":{"name":"","url":""},"comments_num_v2":"0 comentarios","_links":{"self":[{"href":"https:\/\/ajupe.com.uy\/web\/wp-json\/wp\/v2\/product\/7215","targetHints":{"allow":["GET"]}}],"collection":[{"href":"https:\/\/ajupe.com.uy\/web\/wp-json\/wp\/v2\/product"}],"about":[{"href":"https:\/\/ajupe.com.uy\/web\/wp-json\/wp\/v2\/types\/product"}],"wp:featuredmedia":[{"embeddable":true,"href":"https:\/\/ajupe.com.uy\/web\/wp-json\/wp\/v2\/media\/7216"}],"wp:attachment":[{"href":"https:\/\/ajupe.com.uy\/web\/wp-json\/wp\/v2\/media?parent=7215"}],"wp:term":[{"taxonomy":"product_brand","embeddable":true,"href":"https:\/\/ajupe.com.uy\/web\/wp-json\/wp\/v2\/product_brand?post=7215"},{"taxonomy":"product_cat","embeddable":true,"href":"https:\/\/ajupe.com.uy\/web\/wp-json\/wp\/v2\/product_cat?post=7215"},{"taxonomy":"product_tag","embeddable":true,"href":"https:\/\/ajupe.com.uy\/web\/wp-json\/wp\/v2\/product_tag?post=7215"}],"curies":[{"name":"wp","href":"https:\/\/api.w.org\/{rel}","templated":true}]}}