{"id":7236,"date":"2015-04-09T19:49:57","date_gmt":"2015-04-09T22:49:57","guid":{"rendered":"http:\/\/ajupe.com.uy\/web\/?post_type=product&#038;p=7236"},"modified":"2015-04-09T19:51:05","modified_gmt":"2015-04-09T22:51:05","slug":"el-proyecto-williamson-2","status":"publish","type":"product","link":"https:\/\/ajupe.com.uy\/web\/biblioteca\/el-proyecto-williamson-2\/","title":{"rendered":"El proyecto Williamson"},"content":{"rendered":"<p>Bas\u00e1ndose en una historia real, John Grisham se adentra en la vida de un hombre condenado injustamente a la pena de muerte: Ronald Keith Williamson, acusado del asesinato de una mujer. Tras doce a\u00f1os de prisi\u00f3n, sus abogados lograron demostrar su inocencia cinco d\u00edas antes de la fecha en que deb\u00eda ser ajusticiado.<\/p>\n<p>A veces, la realidad supera la ficci\u00f3n\u2026<\/p>\n","protected":false},"excerpt":{"rendered":"<p>Bas\u00e1ndose en una historia real, John Grisham se adentra en la vida de un hombre condenado injustamente a la pena de muerte: Ronald Keith Williamson, acusado del asesinato de una mujer. Tras doce a\u00f1os de prisi\u00f3n, sus abogados lograron demostrar su inocencia cinco d\u00edas antes de la fecha en que deb\u00eda ser ajusticiado. A veces, [&hellip;]<\/p>\n","protected":false},"featured_media":7237,"template":"","meta":[],"product_brand":[77],"product_cat":[40],"product_tag":[],"class_list":{"0":"post-7236","1":"product","2":"type-product","3":"status-publish","4":"has-post-thumbnail","6":"product_brand-john-grisham","7":"product_cat-policial","9":"first","10":"instock","11":"purchasable","12":"product-type-simple"},"featured_image_urls_v2":{"full":["https:\/\/ajupe.com.uy\/web\/wp-content\/uploads\/2016\/04\/p-7236-El_proyecto_Will_5526d829b9414.jpg",161,258,false],"thumbnail":["https:\/\/ajupe.com.uy\/web\/wp-content\/uploads\/2016\/04\/p-7236-El_proyecto_Will_5526d829b9414.jpg",150,150,true],"medium":["https:\/\/ajupe.com.uy\/web\/wp-content\/uploads\/2016\/04\/p-7236-El_proyecto_Will_5526d829b9414.jpg",300,214,true],"medium_large":["https:\/\/ajupe.com.uy\/web\/wp-content\/uploads\/2016\/04\/p-7236-El_proyecto_Will_5526d829b9414.jpg",161,258,false],"large":["https:\/\/ajupe.com.uy\/web\/wp-content\/uploads\/2016\/04\/p-7236-El_proyecto_Will_5526d829b9414.jpg",161,258,false],"1536x1536":["https:\/\/ajupe.com.uy\/web\/wp-content\/uploads\/2016\/04\/p-7236-El_proyecto_Will_5526d829b9414.jpg",161,258,false],"2048x2048":["https:\/\/ajupe.com.uy\/web\/wp-content\/uploads\/2016\/04\/p-7236-El_proyecto_Will_5526d829b9414.jpg",161,258,false],"woocommerce_archive_thumbnail":["https:\/\/ajupe.com.uy\/web\/wp-content\/uploads\/2016\/04\/p-7236-El_proyecto_Will_5526d829b9414.jpg",161,258,false],"woocommerce_thumbnail":["https:\/\/ajupe.com.uy\/web\/wp-content\/uploads\/2016\/04\/p-7236-El_proyecto_Will_5526d829b9414.jpg",161,258,false],"woocommerce_single":["https:\/\/ajupe.com.uy\/web\/wp-content\/uploads\/2016\/04\/p-7236-El_proyecto_Will_5526d829b9414.jpg",161,258,false],"woocommerce_gallery_thumbnail":["https:\/\/ajupe.com.uy\/web\/wp-content\/uploads\/2016\/04\/p-7236-El_proyecto_Will_5526d829b9414-100x100.jpg",100,100,true]},"post_excerpt_stackable_v2":"<p>Bas\u00e1ndose en una historia real, John Grisham se adentra en la vida de un hombre condenado injustamente a la pena de muerte: Ronald Keith Williamson, acusado del asesinato de una mujer. Tras doce a\u00f1os de prisi\u00f3n, sus abogados lograron demostrar su inocencia cinco d\u00edas antes de la fecha en que deb\u00eda ser ajusticiado. A veces, la realidad supera la ficci\u00f3n\u2026<\/p>\n","category_list_v2":"","author_info_v2":{"name":"","url":""},"comments_num_v2":"0 comentarios","_links":{"self":[{"href":"https:\/\/ajupe.com.uy\/web\/wp-json\/wp\/v2\/product\/7236","targetHints":{"allow":["GET"]}}],"collection":[{"href":"https:\/\/ajupe.com.uy\/web\/wp-json\/wp\/v2\/product"}],"about":[{"href":"https:\/\/ajupe.com.uy\/web\/wp-json\/wp\/v2\/types\/product"}],"wp:featuredmedia":[{"embeddable":true,"href":"https:\/\/ajupe.com.uy\/web\/wp-json\/wp\/v2\/media\/7237"}],"wp:attachment":[{"href":"https:\/\/ajupe.com.uy\/web\/wp-json\/wp\/v2\/media?parent=7236"}],"wp:term":[{"taxonomy":"product_brand","embeddable":true,"href":"https:\/\/ajupe.com.uy\/web\/wp-json\/wp\/v2\/product_brand?post=7236"},{"taxonomy":"product_cat","embeddable":true,"href":"https:\/\/ajupe.com.uy\/web\/wp-json\/wp\/v2\/product_cat?post=7236"},{"taxonomy":"product_tag","embeddable":true,"href":"https:\/\/ajupe.com.uy\/web\/wp-json\/wp\/v2\/product_tag?post=7236"}],"curies":[{"name":"wp","href":"https:\/\/api.w.org\/{rel}","templated":true}]}}