{"id":7239,"date":"2015-04-09T19:53:35","date_gmt":"2015-04-09T22:53:35","guid":{"rendered":"http:\/\/ajupe.com.uy\/web\/?post_type=product&#038;p=7239"},"modified":"2015-04-09T19:58:40","modified_gmt":"2015-04-09T22:58:40","slug":"el-gran-desierto-2","status":"publish","type":"product","link":"https:\/\/ajupe.com.uy\/web\/biblioteca\/el-gran-desierto-2\/","title":{"rendered":"El gran desierto"},"content":{"rendered":"<p>Los \u00c1ngeles, a\u00f1os cincuenta. Tres hombres se ven atrapados en una tupida red de ambiciones, perversi\u00f3n y mentiras: Danny Upshaw, ayudante del sheriff y punto de mira de intereses ajenos: Mal Considine, fiscal del distrito que intenta promocionarse profesionalmente y poner orden a su vida privada; Meeks, ex narco y hombre fiel a un \u00fanico dios: el dinero. Por motivos distintos, los tres se ver\u00e1n vinculados a un grupo de comunistas entre los que un s\u00e1dico asesino ha sembrado el p\u00e1nico. Por motivos distintos, los tres habr\u00e1n sacado billete para una pesadilla.<\/p>\n","protected":false},"excerpt":{"rendered":"<p>Los \u00c1ngeles, a\u00f1os cincuenta. Tres hombres se ven atrapados en una tupida red de ambiciones, perversi\u00f3n y mentiras: Danny Upshaw, ayudante del sheriff y punto de mira de intereses ajenos: Mal Considine, fiscal del distrito que intenta promocionarse profesionalmente y poner orden a su vida privada; Meeks, ex narco y hombre fiel a un \u00fanico [&hellip;]<\/p>\n","protected":false},"featured_media":7240,"template":"","meta":[],"product_brand":[272],"product_cat":[31],"product_tag":[],"class_list":{"0":"post-7239","1":"product","2":"type-product","3":"status-publish","4":"has-post-thumbnail","6":"product_brand-james-ellroy","7":"product_cat-historico","9":"first","10":"instock","11":"purchasable","12":"product-type-simple"},"featured_image_urls_v2":{"full":["https:\/\/ajupe.com.uy\/web\/wp-content\/uploads\/2016\/04\/p-7239-El_gran_desierto_5526d94fd0449.jpg",157,260,false],"thumbnail":["https:\/\/ajupe.com.uy\/web\/wp-content\/uploads\/2016\/04\/p-7239-El_gran_desierto_5526d94fd0449.jpg",150,150,true],"medium":["https:\/\/ajupe.com.uy\/web\/wp-content\/uploads\/2016\/04\/p-7239-El_gran_desierto_5526d94fd0449.jpg",300,214,true],"medium_large":["https:\/\/ajupe.com.uy\/web\/wp-content\/uploads\/2016\/04\/p-7239-El_gran_desierto_5526d94fd0449.jpg",157,260,false],"large":["https:\/\/ajupe.com.uy\/web\/wp-content\/uploads\/2016\/04\/p-7239-El_gran_desierto_5526d94fd0449.jpg",157,260,false],"1536x1536":["https:\/\/ajupe.com.uy\/web\/wp-content\/uploads\/2016\/04\/p-7239-El_gran_desierto_5526d94fd0449.jpg",157,260,false],"2048x2048":["https:\/\/ajupe.com.uy\/web\/wp-content\/uploads\/2016\/04\/p-7239-El_gran_desierto_5526d94fd0449.jpg",157,260,false],"woocommerce_archive_thumbnail":["https:\/\/ajupe.com.uy\/web\/wp-content\/uploads\/2016\/04\/p-7239-El_gran_desierto_5526d94fd0449.jpg",157,260,false],"woocommerce_thumbnail":["https:\/\/ajupe.com.uy\/web\/wp-content\/uploads\/2016\/04\/p-7239-El_gran_desierto_5526d94fd0449.jpg",157,260,false],"woocommerce_single":["https:\/\/ajupe.com.uy\/web\/wp-content\/uploads\/2016\/04\/p-7239-El_gran_desierto_5526d94fd0449.jpg",157,260,false],"woocommerce_gallery_thumbnail":["https:\/\/ajupe.com.uy\/web\/wp-content\/uploads\/2016\/04\/p-7239-El_gran_desierto_5526d94fd0449-100x100.jpg",100,100,true]},"post_excerpt_stackable_v2":"<p>Los \u00c1ngeles, a\u00f1os cincuenta. Tres hombres se ven atrapados en una tupida red de ambiciones, perversi\u00f3n y mentiras: Danny Upshaw, ayudante del sheriff y punto de mira de intereses ajenos: Mal Considine, fiscal del distrito que intenta promocionarse profesionalmente y poner orden a su vida privada; Meeks, ex narco y hombre fiel a un \u00fanico dios: el dinero. Por motivos distintos, los tres se ver\u00e1n vinculados a un grupo de comunistas entre los que un s\u00e1dico asesino ha sembrado el p\u00e1nico. Por motivos distintos, los tres habr\u00e1n sacado billete para una pesadilla.<\/p>\n","category_list_v2":"","author_info_v2":{"name":"","url":""},"comments_num_v2":"0 comentarios","_links":{"self":[{"href":"https:\/\/ajupe.com.uy\/web\/wp-json\/wp\/v2\/product\/7239","targetHints":{"allow":["GET"]}}],"collection":[{"href":"https:\/\/ajupe.com.uy\/web\/wp-json\/wp\/v2\/product"}],"about":[{"href":"https:\/\/ajupe.com.uy\/web\/wp-json\/wp\/v2\/types\/product"}],"wp:featuredmedia":[{"embeddable":true,"href":"https:\/\/ajupe.com.uy\/web\/wp-json\/wp\/v2\/media\/7240"}],"wp:attachment":[{"href":"https:\/\/ajupe.com.uy\/web\/wp-json\/wp\/v2\/media?parent=7239"}],"wp:term":[{"taxonomy":"product_brand","embeddable":true,"href":"https:\/\/ajupe.com.uy\/web\/wp-json\/wp\/v2\/product_brand?post=7239"},{"taxonomy":"product_cat","embeddable":true,"href":"https:\/\/ajupe.com.uy\/web\/wp-json\/wp\/v2\/product_cat?post=7239"},{"taxonomy":"product_tag","embeddable":true,"href":"https:\/\/ajupe.com.uy\/web\/wp-json\/wp\/v2\/product_tag?post=7239"}],"curies":[{"name":"wp","href":"https:\/\/api.w.org\/{rel}","templated":true}]}}