{"id":7263,"date":"2015-04-27T18:16:15","date_gmt":"2015-04-27T21:16:15","guid":{"rendered":"http:\/\/ajupe.com.uy\/web\/?post_type=product&#038;p=7263"},"modified":"2015-04-27T18:17:27","modified_gmt":"2015-04-27T21:17:27","slug":"aquello-estaba-deseando-ocurrir","status":"publish","type":"product","link":"https:\/\/ajupe.com.uy\/web\/biblioteca\/aquello-estaba-deseando-ocurrir\/","title":{"rendered":"Aquello estaba deseando ocurrir"},"content":{"rendered":"<p>Los cuentos reunidos del narrador cubano m\u00e1s internacional.  El universo habanero de las novelas de Leonardo Padura ya es inconfundible, pero hasta ahora sus numerosos relatos nunca se hab\u00edan recogido en un solo volumen. Son historias magn\u00edficas de soldados que vuelven de Angola a La Habana y recalan en Madrid, de j\u00f3venes estudiantes seducidos por boleros y por cantantes de antiguo esplendor, relatos de amor y erotismo, de amistad y de descubrimientos, o de formaci\u00f3n en la atm\u00f3sfera caribe\u00f1a de una ciudad cargada de personajes y de vidas por contar.<\/p>\n","protected":false},"excerpt":{"rendered":"<p>Los cuentos reunidos del narrador cubano m\u00e1s internacional. El universo habanero de las novelas de Leonardo Padura ya es inconfundible, pero hasta ahora sus numerosos relatos nunca se hab\u00edan recogido en un solo volumen. Son historias magn\u00edficas de soldados que vuelven de Angola a La Habana y recalan en Madrid, de j\u00f3venes estudiantes seducidos por [&hellip;]<\/p>\n","protected":false},"featured_media":7264,"template":"","meta":[],"product_brand":[1278],"product_cat":[29],"product_tag":[],"class_list":{"0":"post-7263","1":"product","2":"type-product","3":"status-publish","4":"has-post-thumbnail","6":"product_brand-leonardo-padura","7":"product_cat-novela","9":"first","10":"instock","11":"purchasable","12":"product-type-simple"},"featured_image_urls_v2":{"full":["https:\/\/ajupe.com.uy\/web\/wp-content\/uploads\/2016\/04\/p-7263-Aquello_estaba_d_553e7d3403181.jpg",207,309,false],"thumbnail":["https:\/\/ajupe.com.uy\/web\/wp-content\/uploads\/2016\/04\/p-7263-Aquello_estaba_d_553e7d3403181.jpg",150,150,true],"medium":["https:\/\/ajupe.com.uy\/web\/wp-content\/uploads\/2016\/04\/p-7263-Aquello_estaba_d_553e7d3403181.jpg",300,214,true],"medium_large":["https:\/\/ajupe.com.uy\/web\/wp-content\/uploads\/2016\/04\/p-7263-Aquello_estaba_d_553e7d3403181.jpg",207,309,false],"large":["https:\/\/ajupe.com.uy\/web\/wp-content\/uploads\/2016\/04\/p-7263-Aquello_estaba_d_553e7d3403181.jpg",207,309,false],"1536x1536":["https:\/\/ajupe.com.uy\/web\/wp-content\/uploads\/2016\/04\/p-7263-Aquello_estaba_d_553e7d3403181.jpg",207,309,false],"2048x2048":["https:\/\/ajupe.com.uy\/web\/wp-content\/uploads\/2016\/04\/p-7263-Aquello_estaba_d_553e7d3403181.jpg",207,309,false],"woocommerce_archive_thumbnail":["https:\/\/ajupe.com.uy\/web\/wp-content\/uploads\/2016\/04\/p-7263-Aquello_estaba_d_553e7d3403181-207x300.jpg",207,300,true],"woocommerce_thumbnail":["https:\/\/ajupe.com.uy\/web\/wp-content\/uploads\/2016\/04\/p-7263-Aquello_estaba_d_553e7d3403181-207x300.jpg",207,300,true],"woocommerce_single":["https:\/\/ajupe.com.uy\/web\/wp-content\/uploads\/2016\/04\/p-7263-Aquello_estaba_d_553e7d3403181.jpg",207,309,false],"woocommerce_gallery_thumbnail":["https:\/\/ajupe.com.uy\/web\/wp-content\/uploads\/2016\/04\/p-7263-Aquello_estaba_d_553e7d3403181-100x100.jpg",100,100,true]},"post_excerpt_stackable_v2":"<p>Los cuentos reunidos del narrador cubano m\u00e1s internacional. El universo habanero de las novelas de Leonardo Padura ya es inconfundible, pero hasta ahora sus numerosos relatos nunca se hab\u00edan recogido en un solo volumen. Son historias magn\u00edficas de soldados que vuelven de Angola a La Habana y recalan en Madrid, de j\u00f3venes estudiantes seducidos por boleros y por cantantes de antiguo esplendor, relatos de amor y erotismo, de amistad y de descubrimientos, o de formaci\u00f3n en la atm\u00f3sfera caribe\u00f1a de una ciudad cargada de personajes y de vidas por contar.<\/p>\n","category_list_v2":"","author_info_v2":{"name":"","url":""},"comments_num_v2":"0 comentarios","_links":{"self":[{"href":"https:\/\/ajupe.com.uy\/web\/wp-json\/wp\/v2\/product\/7263","targetHints":{"allow":["GET"]}}],"collection":[{"href":"https:\/\/ajupe.com.uy\/web\/wp-json\/wp\/v2\/product"}],"about":[{"href":"https:\/\/ajupe.com.uy\/web\/wp-json\/wp\/v2\/types\/product"}],"wp:featuredmedia":[{"embeddable":true,"href":"https:\/\/ajupe.com.uy\/web\/wp-json\/wp\/v2\/media\/7264"}],"wp:attachment":[{"href":"https:\/\/ajupe.com.uy\/web\/wp-json\/wp\/v2\/media?parent=7263"}],"wp:term":[{"taxonomy":"product_brand","embeddable":true,"href":"https:\/\/ajupe.com.uy\/web\/wp-json\/wp\/v2\/product_brand?post=7263"},{"taxonomy":"product_cat","embeddable":true,"href":"https:\/\/ajupe.com.uy\/web\/wp-json\/wp\/v2\/product_cat?post=7263"},{"taxonomy":"product_tag","embeddable":true,"href":"https:\/\/ajupe.com.uy\/web\/wp-json\/wp\/v2\/product_tag?post=7263"}],"curies":[{"name":"wp","href":"https:\/\/api.w.org\/{rel}","templated":true}]}}