{"id":7266,"date":"2015-04-27T18:18:55","date_gmt":"2015-04-27T21:18:55","guid":{"rendered":"http:\/\/ajupe.com.uy\/web\/?post_type=product&#038;p=7266"},"modified":"2015-04-27T18:20:02","modified_gmt":"2015-04-27T21:20:02","slug":"mascaras","status":"publish","type":"product","link":"https:\/\/ajupe.com.uy\/web\/biblioteca\/mascaras\/","title":{"rendered":"Mascaras"},"content":{"rendered":"<p>Pese a una obra narrativa y ensay\u00edstica muy notable, ya reconocida no s\u00f3lo en su pa\u00eds sino tambi\u00e9n en Hispanoam\u00e9rica, s\u00f3lo ahora llega a los lectores espa\u00f1oles M\u00e1scaras, la cuarta novela de Leonardo Padura, galardonada con el Premio Caf\u00e9 Gij\u00f3n de Novela 1995. Con su publicaci\u00f3n queremos reparar en cierto modo ese olvido al que relegamos, con demasiada frecuencia, a una valios\u00edsima nueva generaci\u00f3n de escritores cubanos que han nacido pr\u00e1cticamente con la Revoluci\u00f3n y siguen viviendo en Cuba. M\u00e1scaras forma parte de una tetralog\u00eda de novelas policiacas, protagonizadas por el mismo personaje, el teniente de polic\u00eda Conde, hombre solitario y desencantado, sancionado en la Central por una antigua insubordinaci\u00f3n, y a quien vuelven a llamar para investigar los casos m\u00e1s extra\u00f1os y menos lucidos. Este entra\u00f1able personaje, y el g\u00e9nero novelesco en el que se enmarca, le sirven a Padura para abrirse a un horizonte m\u00e1s amplio: sus historias trazan, de hecho, un fresco a la vez risue\u00f1o y sombr\u00edo de las peque\u00f1as grandezas y grandes miserias de la vida cotidiana en la Cuba actual y las someten, como de pasada, a una brillante y profunda reflexi\u00f3n. En la tupida arboleda del Bosque de La Habana aparece un 6 de agosto, d\u00eda en que la Iglesia celebra la transfiguraci\u00f3n de Jes\u00fas, el cuerpo de un travesti con el lazo de seda roja de la muerte a\u00fan al cuello. Para mayor zozobra del Conde, aquella mujer \u00absin los beneficios de la naturaleza\u00bb, vestida de rojo, resulta ser Alexis Aray\u00e1n, hijo de un respetado diplom\u00e1tico del r\u00e9gimen cubano. La investigaci\u00f3n se inicia con la visita del Conde al impresionante personaje del Marqu\u00e9s, hombre de letras y de teatro, homosexual desterrado en su propia tierra en una casona desvencijada, especie de exc\u00e9ntrico santo y brujo a la vez, culto, inteligente, astuto y dotado de la m\u00e1s refinada iron\u00eda. Poco a poco, el Conde va adentr\u00e1ndose en el mundo hosco en el que le introduce ladinamente el Marqu\u00e9s, poblado de seres que parecen todos portadores de la verdad de Alexis Aray\u00e1n\u2026 \u00bfPero d\u00f3nde, en semejante laberinto, encontrar\u00e1 el Conde su verdad?<\/p>\n","protected":false},"excerpt":{"rendered":"<p>Pese a una obra narrativa y ensay\u00edstica muy notable, ya reconocida no s\u00f3lo en su pa\u00eds sino tambi\u00e9n en Hispanoam\u00e9rica, s\u00f3lo ahora llega a los lectores espa\u00f1oles M\u00e1scaras, la cuarta novela de Leonardo Padura, galardonada con el Premio Caf\u00e9 Gij\u00f3n de Novela 1995. Con su publicaci\u00f3n queremos reparar en cierto modo ese olvido al que [&hellip;]<\/p>\n","protected":false},"featured_media":7267,"template":"","meta":[],"product_brand":[1278],"product_cat":[40],"product_tag":[],"class_list":{"0":"post-7266","1":"product","2":"type-product","3":"status-publish","4":"has-post-thumbnail","6":"product_brand-leonardo-padura","7":"product_cat-policial","9":"first","10":"instock","11":"purchasable","12":"product-type-simple"},"featured_image_urls_v2":{"full":["https:\/\/ajupe.com.uy\/web\/wp-content\/uploads\/2016\/04\/p-7266-Mascaras_553e7dcee9d24.jpg",188,280,false],"thumbnail":["https:\/\/ajupe.com.uy\/web\/wp-content\/uploads\/2016\/04\/p-7266-Mascaras_553e7dcee9d24.jpg",150,150,true],"medium":["https:\/\/ajupe.com.uy\/web\/wp-content\/uploads\/2016\/04\/p-7266-Mascaras_553e7dcee9d24.jpg",300,214,true],"medium_large":["https:\/\/ajupe.com.uy\/web\/wp-content\/uploads\/2016\/04\/p-7266-Mascaras_553e7dcee9d24.jpg",188,280,false],"large":["https:\/\/ajupe.com.uy\/web\/wp-content\/uploads\/2016\/04\/p-7266-Mascaras_553e7dcee9d24.jpg",188,280,false],"1536x1536":["https:\/\/ajupe.com.uy\/web\/wp-content\/uploads\/2016\/04\/p-7266-Mascaras_553e7dcee9d24.jpg",188,280,false],"2048x2048":["https:\/\/ajupe.com.uy\/web\/wp-content\/uploads\/2016\/04\/p-7266-Mascaras_553e7dcee9d24.jpg",188,280,false],"woocommerce_archive_thumbnail":["https:\/\/ajupe.com.uy\/web\/wp-content\/uploads\/2016\/04\/p-7266-Mascaras_553e7dcee9d24.jpg",188,280,false],"woocommerce_thumbnail":["https:\/\/ajupe.com.uy\/web\/wp-content\/uploads\/2016\/04\/p-7266-Mascaras_553e7dcee9d24.jpg",188,280,false],"woocommerce_single":["https:\/\/ajupe.com.uy\/web\/wp-content\/uploads\/2016\/04\/p-7266-Mascaras_553e7dcee9d24.jpg",188,280,false],"woocommerce_gallery_thumbnail":["https:\/\/ajupe.com.uy\/web\/wp-content\/uploads\/2016\/04\/p-7266-Mascaras_553e7dcee9d24-100x100.jpg",100,100,true]},"post_excerpt_stackable_v2":"<p>Pese a una obra narrativa y ensay\u00edstica muy notable, ya reconocida no s\u00f3lo en su pa\u00eds sino tambi\u00e9n en Hispanoam\u00e9rica, s\u00f3lo ahora llega a los lectores espa\u00f1oles M\u00e1scaras, la cuarta novela de Leonardo Padura, galardonada con el Premio Caf\u00e9 Gij\u00f3n de Novela 1995. Con su publicaci\u00f3n queremos reparar en cierto modo ese olvido al que relegamos, con demasiada frecuencia, a una valios\u00edsima nueva generaci\u00f3n de escritores cubanos que han nacido pr\u00e1cticamente con la Revoluci\u00f3n y siguen viviendo en Cuba. M\u00e1scaras forma parte de una tetralog\u00eda de novelas policiacas, protagonizadas por el mismo personaje, el teniente de polic\u00eda Conde, hombre solitario&hellip;<\/p>\n","category_list_v2":"","author_info_v2":{"name":"","url":""},"comments_num_v2":"0 comentarios","_links":{"self":[{"href":"https:\/\/ajupe.com.uy\/web\/wp-json\/wp\/v2\/product\/7266","targetHints":{"allow":["GET"]}}],"collection":[{"href":"https:\/\/ajupe.com.uy\/web\/wp-json\/wp\/v2\/product"}],"about":[{"href":"https:\/\/ajupe.com.uy\/web\/wp-json\/wp\/v2\/types\/product"}],"wp:featuredmedia":[{"embeddable":true,"href":"https:\/\/ajupe.com.uy\/web\/wp-json\/wp\/v2\/media\/7267"}],"wp:attachment":[{"href":"https:\/\/ajupe.com.uy\/web\/wp-json\/wp\/v2\/media?parent=7266"}],"wp:term":[{"taxonomy":"product_brand","embeddable":true,"href":"https:\/\/ajupe.com.uy\/web\/wp-json\/wp\/v2\/product_brand?post=7266"},{"taxonomy":"product_cat","embeddable":true,"href":"https:\/\/ajupe.com.uy\/web\/wp-json\/wp\/v2\/product_cat?post=7266"},{"taxonomy":"product_tag","embeddable":true,"href":"https:\/\/ajupe.com.uy\/web\/wp-json\/wp\/v2\/product_tag?post=7266"}],"curies":[{"name":"wp","href":"https:\/\/api.w.org\/{rel}","templated":true}]}}