{"id":7275,"date":"2015-04-27T18:33:18","date_gmt":"2015-04-27T21:33:18","guid":{"rendered":"http:\/\/ajupe.com.uy\/web\/?post_type=product&#038;p=7275"},"modified":"2015-04-27T18:34:09","modified_gmt":"2015-04-27T21:34:09","slug":"calle-de-las-tiendas-oscuras","status":"publish","type":"product","link":"https:\/\/ajupe.com.uy\/web\/biblioteca\/calle-de-las-tiendas-oscuras\/","title":{"rendered":"Calle de las tiendas oscuras"},"content":{"rendered":"<p>Guy Roland es un hombre sin pasado y sin memoria. Ha trabajado durante ocho a\u00f1os en la agencia de detectives del bar\u00f3n Constantin von Hutte, que acaba de jubilarse, y emprende ahora, en esta novela de misterio, un apasionante viaje al pasado tras la pista de su propia identidad perdida. Paso a paso Guy Roland va a reconstruir su historia incierta, cuyas piezas se dispersan por Bora Bora, Nueva York, Vichy o Roma, y cuyos testigos habitan un Par\u00eds que muestra las heridas de su historia reciente. Una novela que nos sit\u00faa ante un yo evanescente, un espectro que trata de volverse corp\u00f3reo en un viaje de retorno a un tiempo olvidado. Pero esta b\u00fasqueda es tambi\u00e9n una poderosa reflexi\u00f3n sobre los mecanismos de la ficci\u00f3n, y Calle de las Tiendas Oscuras es una novela (in\u00e9dita en Espa\u00f1a y que en su d\u00eda gan\u00f3 el Premio Goncourt) sobre la fragilidad de la memoria que, sin duda, perdurar\u00e1 en el recuerdo. <\/p>\n<p>\u00abSiempre a la caza de los espectros del pasado, empezando por los de la Ocupaci\u00f3n, per\u00edodo tab\u00fa de la historia francesa. Y Modiano ser\u00e1 el primer gran novelista franc\u00e9s en exorcizarlo\u00bb (Delphine Peras, Lire).<\/p>\n","protected":false},"excerpt":{"rendered":"<p>Guy Roland es un hombre sin pasado y sin memoria. Ha trabajado durante ocho a\u00f1os en la agencia de detectives del bar\u00f3n Constantin von Hutte, que acaba de jubilarse, y emprende ahora, en esta novela de misterio, un apasionante viaje al pasado tras la pista de su propia identidad perdida. Paso a paso Guy Roland [&hellip;]<\/p>\n","protected":false},"featured_media":7276,"template":"","meta":[],"product_brand":[1346],"product_cat":[29],"product_tag":[],"class_list":{"0":"post-7275","1":"product","2":"type-product","3":"status-publish","4":"has-post-thumbnail","6":"product_brand-patrick-modiano","7":"product_cat-novela","9":"first","10":"instock","11":"purchasable","12":"product-type-simple"},"featured_image_urls_v2":{"full":["https:\/\/ajupe.com.uy\/web\/wp-content\/uploads\/2016\/04\/p-7275-Calle_de_las_tie_553e812117701.jpg",207,326,false],"thumbnail":["https:\/\/ajupe.com.uy\/web\/wp-content\/uploads\/2016\/04\/p-7275-Calle_de_las_tie_553e812117701.jpg",150,150,true],"medium":["https:\/\/ajupe.com.uy\/web\/wp-content\/uploads\/2016\/04\/p-7275-Calle_de_las_tie_553e812117701.jpg",300,214,true],"medium_large":["https:\/\/ajupe.com.uy\/web\/wp-content\/uploads\/2016\/04\/p-7275-Calle_de_las_tie_553e812117701.jpg",207,326,false],"large":["https:\/\/ajupe.com.uy\/web\/wp-content\/uploads\/2016\/04\/p-7275-Calle_de_las_tie_553e812117701.jpg",207,326,false],"1536x1536":["https:\/\/ajupe.com.uy\/web\/wp-content\/uploads\/2016\/04\/p-7275-Calle_de_las_tie_553e812117701.jpg",207,326,false],"2048x2048":["https:\/\/ajupe.com.uy\/web\/wp-content\/uploads\/2016\/04\/p-7275-Calle_de_las_tie_553e812117701.jpg",207,326,false],"woocommerce_archive_thumbnail":["https:\/\/ajupe.com.uy\/web\/wp-content\/uploads\/2016\/04\/p-7275-Calle_de_las_tie_553e812117701-207x300.jpg",207,300,true],"woocommerce_thumbnail":["https:\/\/ajupe.com.uy\/web\/wp-content\/uploads\/2016\/04\/p-7275-Calle_de_las_tie_553e812117701-207x300.jpg",207,300,true],"woocommerce_single":["https:\/\/ajupe.com.uy\/web\/wp-content\/uploads\/2016\/04\/p-7275-Calle_de_las_tie_553e812117701.jpg",207,326,false],"woocommerce_gallery_thumbnail":["https:\/\/ajupe.com.uy\/web\/wp-content\/uploads\/2016\/04\/p-7275-Calle_de_las_tie_553e812117701-100x100.jpg",100,100,true]},"post_excerpt_stackable_v2":"<p>Guy Roland es un hombre sin pasado y sin memoria. Ha trabajado durante ocho a\u00f1os en la agencia de detectives del bar\u00f3n Constantin von Hutte, que acaba de jubilarse, y emprende ahora, en esta novela de misterio, un apasionante viaje al pasado tras la pista de su propia identidad perdida. Paso a paso Guy Roland va a reconstruir su historia incierta, cuyas piezas se dispersan por Bora Bora, Nueva York, Vichy o Roma, y cuyos testigos habitan un Par\u00eds que muestra las heridas de su historia reciente. Una novela que nos sit\u00faa ante un yo evanescente, un espectro que trata&hellip;<\/p>\n","category_list_v2":"","author_info_v2":{"name":"","url":""},"comments_num_v2":"0 comentarios","_links":{"self":[{"href":"https:\/\/ajupe.com.uy\/web\/wp-json\/wp\/v2\/product\/7275","targetHints":{"allow":["GET"]}}],"collection":[{"href":"https:\/\/ajupe.com.uy\/web\/wp-json\/wp\/v2\/product"}],"about":[{"href":"https:\/\/ajupe.com.uy\/web\/wp-json\/wp\/v2\/types\/product"}],"wp:featuredmedia":[{"embeddable":true,"href":"https:\/\/ajupe.com.uy\/web\/wp-json\/wp\/v2\/media\/7276"}],"wp:attachment":[{"href":"https:\/\/ajupe.com.uy\/web\/wp-json\/wp\/v2\/media?parent=7275"}],"wp:term":[{"taxonomy":"product_brand","embeddable":true,"href":"https:\/\/ajupe.com.uy\/web\/wp-json\/wp\/v2\/product_brand?post=7275"},{"taxonomy":"product_cat","embeddable":true,"href":"https:\/\/ajupe.com.uy\/web\/wp-json\/wp\/v2\/product_cat?post=7275"},{"taxonomy":"product_tag","embeddable":true,"href":"https:\/\/ajupe.com.uy\/web\/wp-json\/wp\/v2\/product_tag?post=7275"}],"curies":[{"name":"wp","href":"https:\/\/api.w.org\/{rel}","templated":true}]}}