{"id":7281,"date":"2015-04-27T18:41:48","date_gmt":"2015-04-27T21:41:48","guid":{"rendered":"http:\/\/ajupe.com.uy\/web\/?post_type=product&#038;p=7281"},"modified":"2015-04-27T18:42:44","modified_gmt":"2015-04-27T21:42:44","slug":"libro-de-familia","status":"publish","type":"product","link":"https:\/\/ajupe.com.uy\/web\/biblioteca\/libro-de-familia\/","title":{"rendered":"Libro de familia"},"content":{"rendered":"<p>Todo arranca con un nacimiento: un padre contempla tras el cristal de la maternidad a su hija que duerme pl\u00e1cidamente. En la mano, ese padre sostiene el libro de familia para inscribirla en el registro civil. Ese libro de familia es el punto de partida de una indagaci\u00f3n en el pasado en la que se entremezcla lo biogr\u00e1fico y lo novelesco. Una indagaci\u00f3n en la que se suman recuerdos, documentos oficiales, viejas fotograf\u00edas, testimonios de otras personas y lugares revisitados. Una indagaci\u00f3n que, siguiendo un quebradizo hilo de Ariadna, permite aventurarse en busca de las se\u00f1as de identidad de un ser humano y en los rastros de su familia.   Esta novela autobiogr\u00e1fica nos sumerge en el evanescente y melanc\u00f3lico universo Modiano. Y as\u00ed, van apareciendo el acta del matrimonio de sus progenitores, en la que su padre, jud\u00edo, figura con un nombre falso porque Francia estaba en plena Ocupaci\u00f3n nazi; los inicios de la carrera cinematogr\u00e1fica de su madre a los dieciocho a\u00f1os en Amberes; el recuerdo de un viaje en tren con su padre, que viv\u00eda escondido para evitar las redadas; el instante en que saliendo de una librer\u00eda en los a\u00f1os setenta el protagonista percibe de golpe que su juventud ha terminado; la b\u00fasqueda de su partida bautismal en Biarritz&#8230; Y tambi\u00e9n asoman por estas p\u00e1ginas edificios, calles, cines y caf\u00e9s de Par\u00eds, la ciudad de Alejandr\u00eda y una portentosa galer\u00eda de personajes singulares, misteriosos, incluso fantasmag\u00f3ricos, como aquella vieja estrella japonesa de Hollywood que viv\u00eda en el Par\u00eds ocupado&#8230;   Historias, peripecias, recuerdos que van envolviendo al lector en esta prodigiosa pesquisa sobre la identidad que se abre y se cierra con la hija reci\u00e9n nacida, a la que \u00abnada le perturbaba el sue\u00f1o. Todav\u00eda no ten\u00eda memoria\u00bb.<\/p>\n","protected":false},"excerpt":{"rendered":"<p>Todo arranca con un nacimiento: un padre contempla tras el cristal de la maternidad a su hija que duerme pl\u00e1cidamente. En la mano, ese padre sostiene el libro de familia para inscribirla en el registro civil. Ese libro de familia es el punto de partida de una indagaci\u00f3n en el pasado en la que se [&hellip;]<\/p>\n","protected":false},"featured_media":7282,"template":"","meta":[],"product_brand":[1346],"product_cat":[29],"product_tag":[],"class_list":{"0":"post-7281","1":"product","2":"type-product","3":"status-publish","4":"has-post-thumbnail","6":"product_brand-patrick-modiano","7":"product_cat-novela","9":"first","10":"instock","11":"purchasable","12":"product-type-simple"},"featured_image_urls_v2":{"full":["https:\/\/ajupe.com.uy\/web\/wp-content\/uploads\/2016\/04\/p-7281-Libro_de_familia_553e8320b838a.jpg",207,322,false],"thumbnail":["https:\/\/ajupe.com.uy\/web\/wp-content\/uploads\/2016\/04\/p-7281-Libro_de_familia_553e8320b838a.jpg",150,150,true],"medium":["https:\/\/ajupe.com.uy\/web\/wp-content\/uploads\/2016\/04\/p-7281-Libro_de_familia_553e8320b838a.jpg",300,214,true],"medium_large":["https:\/\/ajupe.com.uy\/web\/wp-content\/uploads\/2016\/04\/p-7281-Libro_de_familia_553e8320b838a.jpg",207,322,false],"large":["https:\/\/ajupe.com.uy\/web\/wp-content\/uploads\/2016\/04\/p-7281-Libro_de_familia_553e8320b838a.jpg",207,322,false],"1536x1536":["https:\/\/ajupe.com.uy\/web\/wp-content\/uploads\/2016\/04\/p-7281-Libro_de_familia_553e8320b838a.jpg",207,322,false],"2048x2048":["https:\/\/ajupe.com.uy\/web\/wp-content\/uploads\/2016\/04\/p-7281-Libro_de_familia_553e8320b838a.jpg",207,322,false],"woocommerce_archive_thumbnail":["https:\/\/ajupe.com.uy\/web\/wp-content\/uploads\/2016\/04\/p-7281-Libro_de_familia_553e8320b838a-207x300.jpg",207,300,true],"woocommerce_thumbnail":["https:\/\/ajupe.com.uy\/web\/wp-content\/uploads\/2016\/04\/p-7281-Libro_de_familia_553e8320b838a-207x300.jpg",207,300,true],"woocommerce_single":["https:\/\/ajupe.com.uy\/web\/wp-content\/uploads\/2016\/04\/p-7281-Libro_de_familia_553e8320b838a.jpg",207,322,false],"woocommerce_gallery_thumbnail":["https:\/\/ajupe.com.uy\/web\/wp-content\/uploads\/2016\/04\/p-7281-Libro_de_familia_553e8320b838a-100x100.jpg",100,100,true]},"post_excerpt_stackable_v2":"<p>Todo arranca con un nacimiento: un padre contempla tras el cristal de la maternidad a su hija que duerme pl\u00e1cidamente. En la mano, ese padre sostiene el libro de familia para inscribirla en el registro civil. Ese libro de familia es el punto de partida de una indagaci\u00f3n en el pasado en la que se entremezcla lo biogr\u00e1fico y lo novelesco. Una indagaci\u00f3n en la que se suman recuerdos, documentos oficiales, viejas fotograf\u00edas, testimonios de otras personas y lugares revisitados. Una indagaci\u00f3n que, siguiendo un quebradizo hilo de Ariadna, permite aventurarse en busca de las se\u00f1as de identidad de un&hellip;<\/p>\n","category_list_v2":"","author_info_v2":{"name":"","url":""},"comments_num_v2":"0 comentarios","_links":{"self":[{"href":"https:\/\/ajupe.com.uy\/web\/wp-json\/wp\/v2\/product\/7281","targetHints":{"allow":["GET"]}}],"collection":[{"href":"https:\/\/ajupe.com.uy\/web\/wp-json\/wp\/v2\/product"}],"about":[{"href":"https:\/\/ajupe.com.uy\/web\/wp-json\/wp\/v2\/types\/product"}],"wp:featuredmedia":[{"embeddable":true,"href":"https:\/\/ajupe.com.uy\/web\/wp-json\/wp\/v2\/media\/7282"}],"wp:attachment":[{"href":"https:\/\/ajupe.com.uy\/web\/wp-json\/wp\/v2\/media?parent=7281"}],"wp:term":[{"taxonomy":"product_brand","embeddable":true,"href":"https:\/\/ajupe.com.uy\/web\/wp-json\/wp\/v2\/product_brand?post=7281"},{"taxonomy":"product_cat","embeddable":true,"href":"https:\/\/ajupe.com.uy\/web\/wp-json\/wp\/v2\/product_cat?post=7281"},{"taxonomy":"product_tag","embeddable":true,"href":"https:\/\/ajupe.com.uy\/web\/wp-json\/wp\/v2\/product_tag?post=7281"}],"curies":[{"name":"wp","href":"https:\/\/api.w.org\/{rel}","templated":true}]}}