{"id":7284,"date":"2015-04-27T18:45:20","date_gmt":"2015-04-27T21:45:20","guid":{"rendered":"http:\/\/ajupe.com.uy\/web\/?post_type=product&#038;p=7284"},"modified":"2015-04-27T18:46:03","modified_gmt":"2015-04-27T21:46:03","slug":"trilogia-de-la-ocupacion","status":"publish","type":"product","link":"https:\/\/ajupe.com.uy\/web\/biblioteca\/trilogia-de-la-ocupacion\/","title":{"rendered":"Trilog\u00eda de la ocupaci\u00f3n"},"content":{"rendered":"<p>Si Un pedigr\u00ed y En el caf\u00e9 de la juventud perdida, ambas publicadas por Anagrama, supusieron para el lector espa\u00f1ol un rescate del Modiano esencial, la Trilog\u00eda de la Ocupaci\u00f3n representa la recuperaci\u00f3n del Modiano originario, del Modiano de donde surge una obra \u00fanica y fulgurante que silencia las voces que especulan sobre la crisis de la novela francesa contempor\u00e1nea. Forman esta trilog\u00eda las tres primeras novelas de Patrick Modiano: El lugar de la estrella, La ronda nocturna y Los paseos de circunvalaci\u00f3n. Cuando public\u00f3 la primera, 1968,  ten\u00eda veintitr\u00e9s a\u00f1os y el libro obtuvo los premios Roger Nimier y F\u00e9n\u00e9on.<\/p>\n","protected":false},"excerpt":{"rendered":"<p>Si Un pedigr\u00ed y En el caf\u00e9 de la juventud perdida, ambas publicadas por Anagrama, supusieron para el lector espa\u00f1ol un rescate del Modiano esencial, la Trilog\u00eda de la Ocupaci\u00f3n representa la recuperaci\u00f3n del Modiano originario, del Modiano de donde surge una obra \u00fanica y fulgurante que silencia las voces que especulan sobre la crisis [&hellip;]<\/p>\n","protected":false},"featured_media":7285,"template":"","meta":[],"product_brand":[1346],"product_cat":[29],"product_tag":[],"class_list":{"0":"post-7284","1":"product","2":"type-product","3":"status-publish","4":"has-post-thumbnail","6":"product_brand-patrick-modiano","7":"product_cat-novela","9":"first","10":"instock","11":"purchasable","12":"product-type-simple"},"featured_image_urls_v2":{"full":["https:\/\/ajupe.com.uy\/web\/wp-content\/uploads\/2016\/04\/p-7284-Trilog__a_de_la__553e83e84b341.jpg",207,322,false],"thumbnail":["https:\/\/ajupe.com.uy\/web\/wp-content\/uploads\/2016\/04\/p-7284-Trilog__a_de_la__553e83e84b341.jpg",150,150,true],"medium":["https:\/\/ajupe.com.uy\/web\/wp-content\/uploads\/2016\/04\/p-7284-Trilog__a_de_la__553e83e84b341.jpg",300,214,true],"medium_large":["https:\/\/ajupe.com.uy\/web\/wp-content\/uploads\/2016\/04\/p-7284-Trilog__a_de_la__553e83e84b341.jpg",207,322,false],"large":["https:\/\/ajupe.com.uy\/web\/wp-content\/uploads\/2016\/04\/p-7284-Trilog__a_de_la__553e83e84b341.jpg",207,322,false],"1536x1536":["https:\/\/ajupe.com.uy\/web\/wp-content\/uploads\/2016\/04\/p-7284-Trilog__a_de_la__553e83e84b341.jpg",207,322,false],"2048x2048":["https:\/\/ajupe.com.uy\/web\/wp-content\/uploads\/2016\/04\/p-7284-Trilog__a_de_la__553e83e84b341.jpg",207,322,false],"woocommerce_archive_thumbnail":["https:\/\/ajupe.com.uy\/web\/wp-content\/uploads\/2016\/04\/p-7284-Trilog__a_de_la__553e83e84b341-207x300.jpg",207,300,true],"woocommerce_thumbnail":["https:\/\/ajupe.com.uy\/web\/wp-content\/uploads\/2016\/04\/p-7284-Trilog__a_de_la__553e83e84b341-207x300.jpg",207,300,true],"woocommerce_single":["https:\/\/ajupe.com.uy\/web\/wp-content\/uploads\/2016\/04\/p-7284-Trilog__a_de_la__553e83e84b341.jpg",207,322,false],"woocommerce_gallery_thumbnail":["https:\/\/ajupe.com.uy\/web\/wp-content\/uploads\/2016\/04\/p-7284-Trilog__a_de_la__553e83e84b341-100x100.jpg",100,100,true]},"post_excerpt_stackable_v2":"<p>Si Un pedigr\u00ed y En el caf\u00e9 de la juventud perdida, ambas publicadas por Anagrama, supusieron para el lector espa\u00f1ol un rescate del Modiano esencial, la Trilog\u00eda de la Ocupaci\u00f3n representa la recuperaci\u00f3n del Modiano originario, del Modiano de donde surge una obra \u00fanica y fulgurante que silencia las voces que especulan sobre la crisis de la novela francesa contempor\u00e1nea. Forman esta trilog\u00eda las tres primeras novelas de Patrick Modiano: El lugar de la estrella, La ronda nocturna y Los paseos de circunvalaci\u00f3n. Cuando public\u00f3 la primera, 1968, ten\u00eda veintitr\u00e9s a\u00f1os y el libro obtuvo los premios Roger Nimier y&hellip;<\/p>\n","category_list_v2":"","author_info_v2":{"name":"","url":""},"comments_num_v2":"0 comentarios","_links":{"self":[{"href":"https:\/\/ajupe.com.uy\/web\/wp-json\/wp\/v2\/product\/7284","targetHints":{"allow":["GET"]}}],"collection":[{"href":"https:\/\/ajupe.com.uy\/web\/wp-json\/wp\/v2\/product"}],"about":[{"href":"https:\/\/ajupe.com.uy\/web\/wp-json\/wp\/v2\/types\/product"}],"wp:featuredmedia":[{"embeddable":true,"href":"https:\/\/ajupe.com.uy\/web\/wp-json\/wp\/v2\/media\/7285"}],"wp:attachment":[{"href":"https:\/\/ajupe.com.uy\/web\/wp-json\/wp\/v2\/media?parent=7284"}],"wp:term":[{"taxonomy":"product_brand","embeddable":true,"href":"https:\/\/ajupe.com.uy\/web\/wp-json\/wp\/v2\/product_brand?post=7284"},{"taxonomy":"product_cat","embeddable":true,"href":"https:\/\/ajupe.com.uy\/web\/wp-json\/wp\/v2\/product_cat?post=7284"},{"taxonomy":"product_tag","embeddable":true,"href":"https:\/\/ajupe.com.uy\/web\/wp-json\/wp\/v2\/product_tag?post=7284"}],"curies":[{"name":"wp","href":"https:\/\/api.w.org\/{rel}","templated":true}]}}