{"id":7287,"date":"2015-04-27T18:48:06","date_gmt":"2015-04-27T21:48:06","guid":{"rendered":"http:\/\/ajupe.com.uy\/web\/?post_type=product&#038;p=7287"},"modified":"2015-04-27T18:48:53","modified_gmt":"2015-04-27T21:48:53","slug":"hombres-buenos","status":"publish","type":"product","link":"https:\/\/ajupe.com.uy\/web\/biblioteca\/hombres-buenos\/","title":{"rendered":"Hombres buenos"},"content":{"rendered":"<p>La heroica aventura de quienes se atrevieron a cambiar el mundo con libros.  En tiempos de oscuridad, siempre hubo hombres buenos que lucharon por traer las luces y el progreso. Y otros que procuraron impedirlo. Arturo P\u00e9rez-Reverte  A finales del siglo XVIII, cuando dos miembros de la Real Academia Espa\u00f1ola, el bibliotecario don Herm\u00f3genes Molina y el almirante don Pedro Z\u00e1rate, recibieron de sus compa\u00f1eros el encargo de viajar a Par\u00eds para conseguir de forma casi clandestina los 28 vol\u00famenes de la Encyclopedie de D&#8217;Alembert y Diderot, que estaba prohibida en Espa\u00f1a, nadie pod\u00eda sospechar que los dos acad\u00e9micos iban a enfrentarse a una peligrosa sucesi\u00f3n de intrigas, a un viaje de incertidumbres y sobresaltos que los llevar\u00eda, por caminos infestados de bandoleros e inc\u00f3modas ventas y posadas, desde el Madrid ilustrado de Carlos III al Par\u00eds de los caf\u00e9s, los salones, las tertulias filos\u00f3ficas, la vida libertina y las agitaciones pol\u00edticas en v\u00edsperas de la Revoluci\u00f3n francesa. Basada en hechos y personajes reales, documentada con extremo rigor, conmovedora y fascinante en cada p\u00e1gina.  Un elogio a los libros y su poder de cambiar el mundo. Una defensa de la raz\u00f3n como mejor arma ante cualquier fanatismo. Una reflexi\u00f3n de plena actualidad. Una novela para aprender con discusiones filos\u00f3ficas al alcance de todos los p\u00fablicos.  El autor involucra al lector en su relato haci\u00e9ndole part\u00edcipe de las decisiones y las inquietudes que se le han ido planteando a la hora de escribir esta novela.<\/p>\n","protected":false},"excerpt":{"rendered":"<p>La heroica aventura de quienes se atrevieron a cambiar el mundo con libros. En tiempos de oscuridad, siempre hubo hombres buenos que lucharon por traer las luces y el progreso. Y otros que procuraron impedirlo. Arturo P\u00e9rez-Reverte A finales del siglo XVIII, cuando dos miembros de la Real Academia Espa\u00f1ola, el bibliotecario don Herm\u00f3genes Molina [&hellip;]<\/p>\n","protected":false},"featured_media":7288,"template":"","meta":[],"product_brand":[262],"product_cat":[31,29],"product_tag":[],"class_list":{"0":"post-7287","1":"product","2":"type-product","3":"status-publish","4":"has-post-thumbnail","6":"product_brand-arturo-perez-reverte","7":"product_cat-historico","8":"product_cat-novela","10":"first","11":"instock","12":"purchasable","13":"product-type-simple"},"featured_image_urls_v2":{"full":["https:\/\/ajupe.com.uy\/web\/wp-content\/uploads\/2016\/04\/p-7287-Hombres_buenos_553e8493e00f9.jpg",224,355,false],"thumbnail":["https:\/\/ajupe.com.uy\/web\/wp-content\/uploads\/2016\/04\/p-7287-Hombres_buenos_553e8493e00f9.jpg",150,150,true],"medium":["https:\/\/ajupe.com.uy\/web\/wp-content\/uploads\/2016\/04\/p-7287-Hombres_buenos_553e8493e00f9.jpg",300,214,true],"medium_large":["https:\/\/ajupe.com.uy\/web\/wp-content\/uploads\/2016\/04\/p-7287-Hombres_buenos_553e8493e00f9.jpg",224,355,false],"large":["https:\/\/ajupe.com.uy\/web\/wp-content\/uploads\/2016\/04\/p-7287-Hombres_buenos_553e8493e00f9.jpg",224,355,false],"1536x1536":["https:\/\/ajupe.com.uy\/web\/wp-content\/uploads\/2016\/04\/p-7287-Hombres_buenos_553e8493e00f9.jpg",224,355,false],"2048x2048":["https:\/\/ajupe.com.uy\/web\/wp-content\/uploads\/2016\/04\/p-7287-Hombres_buenos_553e8493e00f9.jpg",224,355,false],"woocommerce_archive_thumbnail":["https:\/\/ajupe.com.uy\/web\/wp-content\/uploads\/2016\/04\/p-7287-Hombres_buenos_553e8493e00f9-224x300.jpg",224,300,true],"woocommerce_thumbnail":["https:\/\/ajupe.com.uy\/web\/wp-content\/uploads\/2016\/04\/p-7287-Hombres_buenos_553e8493e00f9-224x300.jpg",224,300,true],"woocommerce_single":["https:\/\/ajupe.com.uy\/web\/wp-content\/uploads\/2016\/04\/p-7287-Hombres_buenos_553e8493e00f9.jpg",224,355,false],"woocommerce_gallery_thumbnail":["https:\/\/ajupe.com.uy\/web\/wp-content\/uploads\/2016\/04\/p-7287-Hombres_buenos_553e8493e00f9-100x100.jpg",100,100,true]},"post_excerpt_stackable_v2":"<p>La heroica aventura de quienes se atrevieron a cambiar el mundo con libros. En tiempos de oscuridad, siempre hubo hombres buenos que lucharon por traer las luces y el progreso. Y otros que procuraron impedirlo. Arturo P\u00e9rez-Reverte A finales del siglo XVIII, cuando dos miembros de la Real Academia Espa\u00f1ola, el bibliotecario don Herm\u00f3genes Molina y el almirante don Pedro Z\u00e1rate, recibieron de sus compa\u00f1eros el encargo de viajar a Par\u00eds para conseguir de forma casi clandestina los 28 vol\u00famenes de la Encyclopedie de D&#8217;Alembert y Diderot, que estaba prohibida en Espa\u00f1a, nadie pod\u00eda sospechar que los dos acad\u00e9micos iban&hellip;<\/p>\n","category_list_v2":"","author_info_v2":{"name":"","url":""},"comments_num_v2":"0 comentarios","_links":{"self":[{"href":"https:\/\/ajupe.com.uy\/web\/wp-json\/wp\/v2\/product\/7287","targetHints":{"allow":["GET"]}}],"collection":[{"href":"https:\/\/ajupe.com.uy\/web\/wp-json\/wp\/v2\/product"}],"about":[{"href":"https:\/\/ajupe.com.uy\/web\/wp-json\/wp\/v2\/types\/product"}],"wp:featuredmedia":[{"embeddable":true,"href":"https:\/\/ajupe.com.uy\/web\/wp-json\/wp\/v2\/media\/7288"}],"wp:attachment":[{"href":"https:\/\/ajupe.com.uy\/web\/wp-json\/wp\/v2\/media?parent=7287"}],"wp:term":[{"taxonomy":"product_brand","embeddable":true,"href":"https:\/\/ajupe.com.uy\/web\/wp-json\/wp\/v2\/product_brand?post=7287"},{"taxonomy":"product_cat","embeddable":true,"href":"https:\/\/ajupe.com.uy\/web\/wp-json\/wp\/v2\/product_cat?post=7287"},{"taxonomy":"product_tag","embeddable":true,"href":"https:\/\/ajupe.com.uy\/web\/wp-json\/wp\/v2\/product_tag?post=7287"}],"curies":[{"name":"wp","href":"https:\/\/api.w.org\/{rel}","templated":true}]}}