{"id":7290,"date":"2015-04-27T18:59:39","date_gmt":"2015-04-27T21:59:39","guid":{"rendered":"http:\/\/ajupe.com.uy\/web\/?post_type=product&#038;p=7290"},"modified":"2015-04-27T19:01:27","modified_gmt":"2015-04-27T22:01:27","slug":"la-templanza","status":"publish","type":"product","link":"https:\/\/ajupe.com.uy\/web\/biblioteca\/la-templanza\/","title":{"rendered":"La templanza"},"content":{"rendered":"<p>Despu\u00e9s del \u00e9xito literario y televisivo de su primera novela<br \/>\nEl tiempo entre costuras y de su confirmaci\u00f3n como una de las autoras m\u00e1s le\u00eddas en todo el mundo con Misi\u00f3n Olvido, Mar\u00eda Due\u00f1as regresar\u00e1 esta primavera con su tercera y esperada novela.  Las p\u00e1ginas de La Templanza nos trasportar\u00e1n a la segunda mitad del siglo XIX de la mano de un atractivo indiano hecho a s\u00ed mismo.  Con este tel\u00f3n de fondo, recorreremos maravillosos escenarios de M\u00e9xico y de la Cuba colonial y, sobre todo, descubriremos un Jerez desconocido, glamuroso y cosmopolita y de gran influencia brit\u00e1nica donde los protagonistas vivir\u00e1n un amor inesperado e historias llenas de coraje, intriga y pasi\u00f3n.<\/p>\n","protected":false},"excerpt":{"rendered":"<p>Despu\u00e9s del \u00e9xito literario y televisivo de su primera novela El tiempo entre costuras y de su confirmaci\u00f3n como una de las autoras m\u00e1s le\u00eddas en todo el mundo con Misi\u00f3n Olvido, Mar\u00eda Due\u00f1as regresar\u00e1 esta primavera con su tercera y esperada novela. Las p\u00e1ginas de La Templanza nos trasportar\u00e1n a la segunda mitad del [&hellip;]<\/p>\n","protected":false},"featured_media":7291,"template":"","meta":[],"product_brand":[1025],"product_cat":[29],"product_tag":[],"class_list":{"0":"post-7290","1":"product","2":"type-product","3":"status-publish","4":"has-post-thumbnail","6":"product_brand-maria-duenas","7":"product_cat-novela","9":"first","10":"instock","11":"purchasable","12":"product-type-simple"},"featured_image_urls_v2":{"full":["https:\/\/ajupe.com.uy\/web\/wp-content\/uploads\/2016\/04\/p-7290-La_templanza_553e87852929d.jpg",218,338,false],"thumbnail":["https:\/\/ajupe.com.uy\/web\/wp-content\/uploads\/2016\/04\/p-7290-La_templanza_553e87852929d.jpg",150,150,true],"medium":["https:\/\/ajupe.com.uy\/web\/wp-content\/uploads\/2016\/04\/p-7290-La_templanza_553e87852929d.jpg",300,214,true],"medium_large":["https:\/\/ajupe.com.uy\/web\/wp-content\/uploads\/2016\/04\/p-7290-La_templanza_553e87852929d.jpg",218,338,false],"large":["https:\/\/ajupe.com.uy\/web\/wp-content\/uploads\/2016\/04\/p-7290-La_templanza_553e87852929d.jpg",218,338,false],"1536x1536":["https:\/\/ajupe.com.uy\/web\/wp-content\/uploads\/2016\/04\/p-7290-La_templanza_553e87852929d.jpg",218,338,false],"2048x2048":["https:\/\/ajupe.com.uy\/web\/wp-content\/uploads\/2016\/04\/p-7290-La_templanza_553e87852929d.jpg",218,338,false],"woocommerce_archive_thumbnail":["https:\/\/ajupe.com.uy\/web\/wp-content\/uploads\/2016\/04\/p-7290-La_templanza_553e87852929d-218x300.jpg",218,300,true],"woocommerce_thumbnail":["https:\/\/ajupe.com.uy\/web\/wp-content\/uploads\/2016\/04\/p-7290-La_templanza_553e87852929d-218x300.jpg",218,300,true],"woocommerce_single":["https:\/\/ajupe.com.uy\/web\/wp-content\/uploads\/2016\/04\/p-7290-La_templanza_553e87852929d.jpg",218,338,false],"woocommerce_gallery_thumbnail":["https:\/\/ajupe.com.uy\/web\/wp-content\/uploads\/2016\/04\/p-7290-La_templanza_553e87852929d-100x100.jpg",100,100,true]},"post_excerpt_stackable_v2":"<p>Despu\u00e9s del \u00e9xito literario y televisivo de su primera novela El tiempo entre costuras y de su confirmaci\u00f3n como una de las autoras m\u00e1s le\u00eddas en todo el mundo con Misi\u00f3n Olvido, Mar\u00eda Due\u00f1as regresar\u00e1 esta primavera con su tercera y esperada novela. Las p\u00e1ginas de La Templanza nos trasportar\u00e1n a la segunda mitad del siglo XIX de la mano de un atractivo indiano hecho a s\u00ed mismo. Con este tel\u00f3n de fondo, recorreremos maravillosos escenarios de M\u00e9xico y de la Cuba colonial y, sobre todo, descubriremos un Jerez desconocido, glamuroso y cosmopolita y de gran influencia brit\u00e1nica donde los&hellip;<\/p>\n","category_list_v2":"","author_info_v2":{"name":"","url":""},"comments_num_v2":"0 comentarios","_links":{"self":[{"href":"https:\/\/ajupe.com.uy\/web\/wp-json\/wp\/v2\/product\/7290","targetHints":{"allow":["GET"]}}],"collection":[{"href":"https:\/\/ajupe.com.uy\/web\/wp-json\/wp\/v2\/product"}],"about":[{"href":"https:\/\/ajupe.com.uy\/web\/wp-json\/wp\/v2\/types\/product"}],"wp:featuredmedia":[{"embeddable":true,"href":"https:\/\/ajupe.com.uy\/web\/wp-json\/wp\/v2\/media\/7291"}],"wp:attachment":[{"href":"https:\/\/ajupe.com.uy\/web\/wp-json\/wp\/v2\/media?parent=7290"}],"wp:term":[{"taxonomy":"product_brand","embeddable":true,"href":"https:\/\/ajupe.com.uy\/web\/wp-json\/wp\/v2\/product_brand?post=7290"},{"taxonomy":"product_cat","embeddable":true,"href":"https:\/\/ajupe.com.uy\/web\/wp-json\/wp\/v2\/product_cat?post=7290"},{"taxonomy":"product_tag","embeddable":true,"href":"https:\/\/ajupe.com.uy\/web\/wp-json\/wp\/v2\/product_tag?post=7290"}],"curies":[{"name":"wp","href":"https:\/\/api.w.org\/{rel}","templated":true}]}}