{"id":7296,"date":"2015-04-27T19:06:58","date_gmt":"2015-04-27T22:06:58","guid":{"rendered":"http:\/\/ajupe.com.uy\/web\/?post_type=product&#038;p=7296"},"modified":"2015-04-27T19:16:14","modified_gmt":"2015-04-27T22:16:14","slug":"el-capital-en-el-siglo-xxi","status":"publish","type":"product","link":"https:\/\/ajupe.com.uy\/web\/biblioteca\/el-capital-en-el-siglo-xxi\/","title":{"rendered":"El capital en el siglo XXI"},"content":{"rendered":"<p>Para Thomas Piketty, los debates intelectuales y pol\u00edticos sobre la distribuci\u00f3n de la riqueza se han alimentado sobre todo de grandes prejuicios y de muy pocos datos. En ese campo de batalla han convergido ideas sobre la igualdad entre los ciudadanos, el derecho de las personas a ser retribuidas conforme a sus m\u00e9ritos, la confianza en que el crecimiento econ\u00f3mico mitiga de manera natural los contrastes entre los m\u00e1s favorecidos y los francamente abandona-dos, pero la informaci\u00f3n concreta, referida a un plazo largo y a diversas geograf\u00edas, no se hab\u00eda empleado con suficiente rigor para entender c\u00f3mo se acumula el patrimonio, qu\u00e9 consecuencias sociales tiene ese proceso y qu\u00e9 pueden hacer los Estados para enfrentarlo.   El lector encontrar\u00e1 en estas p\u00e1ginas un muy detallado an\u00e1lisis de c\u00f3mo se han distribuido el ingreso y la riqueza en el mundo, desde el siglo xviii y hasta nuestros d\u00edas. A partir de una rica base de datos econ\u00f3micos de una veintena de pa\u00edses \u2014disponible en l\u00ednea para quien quiera profundizar en tal o cual asunto\u2014 y con certeras pinceladas literarias \u2014Balzac y Austen sirven para dar ejemplos de c\u00f3mo las sociedades han entendido su relaci\u00f3n con el dinero\u2014, Piketty hace un minucioso recorrido hist\u00f3rico y estad\u00edstico para identificar ciertos patrones en el proceso de acumulaci\u00f3n del patrimonio en las principales econom\u00edas.   Para el investigador de la \u00c9cole de Economie de Paris, cada naci\u00f3n ha respondido de manera diferente a una ley b\u00e1sica del capitalismo, seg\u00fan la cual el rendimiento del capital suele ser superior, a veces por mucho, a la tasa de crecimiento de la econom\u00eda, lo que puede estimular la concentraci\u00f3n de la riqueza y agravar la inequidad; queda a los Estados decidir, individual o colectivamente, c\u00f3mo infl uir en esa fuerza polarizante.   El capital en el siglo XXI ha despertado animadas pol\u00e9micas en pr\u00e1cticamente todo el orbe, en parte por reintroducir entre acad\u00e9micos, pol\u00edticos, comentaristas y p\u00fablico en general la preocupaci\u00f3n sobre las desigualdades sociales; en parte por su propuesta de establecer pol\u00edticas fiscales de alcance global que moderen la disparidad \u2014 impuestos a la riqueza y a la herencia\u2014; en parte por su visi\u00f3n amplia de lo que deben ser hoy las ciencias sociales, y en parte porque ofrece argumentos s\u00f3lidos, frescos, para que gobiernos y sociedades combatan de manera frontal el flagelo de la desigualdad. Por todo ello, la de Piketty es hoy una voz imprescindible en los tiempos que corren.<\/p>\n","protected":false},"excerpt":{"rendered":"<p>Para Thomas Piketty, los debates intelectuales y pol\u00edticos sobre la distribuci\u00f3n de la riqueza se han alimentado sobre todo de grandes prejuicios y de muy pocos datos. En ese campo de batalla han convergido ideas sobre la igualdad entre los ciudadanos, el derecho de las personas a ser retribuidas conforme a sus m\u00e9ritos, la confianza [&hellip;]<\/p>\n","protected":false},"featured_media":7297,"template":"","meta":[],"product_brand":[1364],"product_cat":[34],"product_tag":[],"class_list":{"0":"post-7296","1":"product","2":"type-product","3":"status-publish","4":"has-post-thumbnail","6":"product_brand-thomas-piketti","7":"product_cat-otros","9":"first","10":"instock","11":"purchasable","12":"product-type-simple"},"featured_image_urls_v2":{"full":["https:\/\/ajupe.com.uy\/web\/wp-content\/uploads\/2016\/04\/p-7296-El_capital_en_el_553e892ae12e8.jpg",230,339,false],"thumbnail":["https:\/\/ajupe.com.uy\/web\/wp-content\/uploads\/2016\/04\/p-7296-El_capital_en_el_553e892ae12e8.jpg",150,150,true],"medium":["https:\/\/ajupe.com.uy\/web\/wp-content\/uploads\/2016\/04\/p-7296-El_capital_en_el_553e892ae12e8.jpg",300,214,true],"medium_large":["https:\/\/ajupe.com.uy\/web\/wp-content\/uploads\/2016\/04\/p-7296-El_capital_en_el_553e892ae12e8.jpg",230,339,false],"large":["https:\/\/ajupe.com.uy\/web\/wp-content\/uploads\/2016\/04\/p-7296-El_capital_en_el_553e892ae12e8.jpg",230,339,false],"1536x1536":["https:\/\/ajupe.com.uy\/web\/wp-content\/uploads\/2016\/04\/p-7296-El_capital_en_el_553e892ae12e8.jpg",230,339,false],"2048x2048":["https:\/\/ajupe.com.uy\/web\/wp-content\/uploads\/2016\/04\/p-7296-El_capital_en_el_553e892ae12e8.jpg",230,339,false],"woocommerce_archive_thumbnail":["https:\/\/ajupe.com.uy\/web\/wp-content\/uploads\/2016\/04\/p-7296-El_capital_en_el_553e892ae12e8-230x300.jpg",230,300,true],"woocommerce_thumbnail":["https:\/\/ajupe.com.uy\/web\/wp-content\/uploads\/2016\/04\/p-7296-El_capital_en_el_553e892ae12e8-230x300.jpg",230,300,true],"woocommerce_single":["https:\/\/ajupe.com.uy\/web\/wp-content\/uploads\/2016\/04\/p-7296-El_capital_en_el_553e892ae12e8.jpg",230,339,false],"woocommerce_gallery_thumbnail":["https:\/\/ajupe.com.uy\/web\/wp-content\/uploads\/2016\/04\/p-7296-El_capital_en_el_553e892ae12e8-100x100.jpg",100,100,true]},"post_excerpt_stackable_v2":"<p>Para Thomas Piketty, los debates intelectuales y pol\u00edticos sobre la distribuci\u00f3n de la riqueza se han alimentado sobre todo de grandes prejuicios y de muy pocos datos. En ese campo de batalla han convergido ideas sobre la igualdad entre los ciudadanos, el derecho de las personas a ser retribuidas conforme a sus m\u00e9ritos, la confianza en que el crecimiento econ\u00f3mico mitiga de manera natural los contrastes entre los m\u00e1s favorecidos y los francamente abandona-dos, pero la informaci\u00f3n concreta, referida a un plazo largo y a diversas geograf\u00edas, no se hab\u00eda empleado con suficiente rigor para entender c\u00f3mo se acumula el&hellip;<\/p>\n","category_list_v2":"","author_info_v2":{"name":"","url":""},"comments_num_v2":"0 comentarios","_links":{"self":[{"href":"https:\/\/ajupe.com.uy\/web\/wp-json\/wp\/v2\/product\/7296","targetHints":{"allow":["GET"]}}],"collection":[{"href":"https:\/\/ajupe.com.uy\/web\/wp-json\/wp\/v2\/product"}],"about":[{"href":"https:\/\/ajupe.com.uy\/web\/wp-json\/wp\/v2\/types\/product"}],"wp:featuredmedia":[{"embeddable":true,"href":"https:\/\/ajupe.com.uy\/web\/wp-json\/wp\/v2\/media\/7297"}],"wp:attachment":[{"href":"https:\/\/ajupe.com.uy\/web\/wp-json\/wp\/v2\/media?parent=7296"}],"wp:term":[{"taxonomy":"product_brand","embeddable":true,"href":"https:\/\/ajupe.com.uy\/web\/wp-json\/wp\/v2\/product_brand?post=7296"},{"taxonomy":"product_cat","embeddable":true,"href":"https:\/\/ajupe.com.uy\/web\/wp-json\/wp\/v2\/product_cat?post=7296"},{"taxonomy":"product_tag","embeddable":true,"href":"https:\/\/ajupe.com.uy\/web\/wp-json\/wp\/v2\/product_tag?post=7296"}],"curies":[{"name":"wp","href":"https:\/\/api.w.org\/{rel}","templated":true}]}}