{"id":7314,"date":"2015-05-06T20:29:19","date_gmt":"2015-05-06T23:29:19","guid":{"rendered":"http:\/\/ajupe.com.uy\/web\/?post_type=product&#038;p=7314"},"modified":"2015-05-06T20:30:41","modified_gmt":"2015-05-06T23:30:41","slug":"la-historia-del-loco-2","status":"publish","type":"product","link":"https:\/\/ajupe.com.uy\/web\/biblioteca\/la-historia-del-loco-2\/","title":{"rendered":"La historia del loco"},"content":{"rendered":"<p>Su familia lo recluy\u00f3 en el psiqui\u00e1trico tras una conducta imprevisible. Pero un reencuentro en los terrenos de la clausurada instituci\u00f3n remueve algo profundo en su mente agitada: unos recuerdos sombr\u00edos sobre los truculentos hechos que condujeron al cierre del W. S. Hospital, y el asesinato sin resolver de una joven enfermera, cuyo cad\u00e1ver mutilado fue encontrado una noche despu\u00e9s del cierre de las luces. La polic\u00eda sospech\u00f3 de un paciente, pero s\u00f3lo ahora, con la reaparici\u00f3n del asesino, se conocer\u00e1 la respuesta.<\/p>\n<p>La historia del loco supuso uno de los grandes \u00e9xitos de su autor, el norteamericano John Katzenbach, autor de novelas tan conocidas como El psicoanalista.<\/p>\n","protected":false},"excerpt":{"rendered":"<p>Su familia lo recluy\u00f3 en el psiqui\u00e1trico tras una conducta imprevisible. Pero un reencuentro en los terrenos de la clausurada instituci\u00f3n remueve algo profundo en su mente agitada: unos recuerdos sombr\u00edos sobre los truculentos hechos que condujeron al cierre del W. S. Hospital, y el asesinato sin resolver de una joven enfermera, cuyo cad\u00e1ver mutilado [&hellip;]<\/p>\n","protected":false},"featured_media":7315,"template":"","meta":[],"product_brand":[445],"product_cat":[40],"product_tag":[],"class_list":{"0":"post-7314","1":"product","2":"type-product","3":"status-publish","4":"has-post-thumbnail","6":"product_brand-john-katzenbach","7":"product_cat-policial","9":"first","10":"instock","11":"purchasable","12":"product-type-simple"},"featured_image_urls_v2":{"full":["https:\/\/ajupe.com.uy\/web\/wp-content\/uploads\/2016\/04\/p-7314-La_historia_del__554a79c50074f.jpg",183,291,false],"thumbnail":["https:\/\/ajupe.com.uy\/web\/wp-content\/uploads\/2016\/04\/p-7314-La_historia_del__554a79c50074f.jpg",150,150,true],"medium":["https:\/\/ajupe.com.uy\/web\/wp-content\/uploads\/2016\/04\/p-7314-La_historia_del__554a79c50074f.jpg",300,214,true],"medium_large":["https:\/\/ajupe.com.uy\/web\/wp-content\/uploads\/2016\/04\/p-7314-La_historia_del__554a79c50074f.jpg",183,291,false],"large":["https:\/\/ajupe.com.uy\/web\/wp-content\/uploads\/2016\/04\/p-7314-La_historia_del__554a79c50074f.jpg",183,291,false],"1536x1536":["https:\/\/ajupe.com.uy\/web\/wp-content\/uploads\/2016\/04\/p-7314-La_historia_del__554a79c50074f.jpg",183,291,false],"2048x2048":["https:\/\/ajupe.com.uy\/web\/wp-content\/uploads\/2016\/04\/p-7314-La_historia_del__554a79c50074f.jpg",183,291,false],"woocommerce_archive_thumbnail":["https:\/\/ajupe.com.uy\/web\/wp-content\/uploads\/2016\/04\/p-7314-La_historia_del__554a79c50074f.jpg",183,291,false],"woocommerce_thumbnail":["https:\/\/ajupe.com.uy\/web\/wp-content\/uploads\/2016\/04\/p-7314-La_historia_del__554a79c50074f.jpg",183,291,false],"woocommerce_single":["https:\/\/ajupe.com.uy\/web\/wp-content\/uploads\/2016\/04\/p-7314-La_historia_del__554a79c50074f.jpg",183,291,false],"woocommerce_gallery_thumbnail":["https:\/\/ajupe.com.uy\/web\/wp-content\/uploads\/2016\/04\/p-7314-La_historia_del__554a79c50074f-100x100.jpg",100,100,true]},"post_excerpt_stackable_v2":"<p>Su familia lo recluy\u00f3 en el psiqui\u00e1trico tras una conducta imprevisible. Pero un reencuentro en los terrenos de la clausurada instituci\u00f3n remueve algo profundo en su mente agitada: unos recuerdos sombr\u00edos sobre los truculentos hechos que condujeron al cierre del W. S. Hospital, y el asesinato sin resolver de una joven enfermera, cuyo cad\u00e1ver mutilado fue encontrado una noche despu\u00e9s del cierre de las luces. La polic\u00eda sospech\u00f3 de un paciente, pero s\u00f3lo ahora, con la reaparici\u00f3n del asesino, se conocer\u00e1 la respuesta. La historia del loco supuso uno de los grandes \u00e9xitos de su autor, el norteamericano John Katzenbach,&hellip;<\/p>\n","category_list_v2":"","author_info_v2":{"name":"","url":""},"comments_num_v2":"0 comentarios","_links":{"self":[{"href":"https:\/\/ajupe.com.uy\/web\/wp-json\/wp\/v2\/product\/7314","targetHints":{"allow":["GET"]}}],"collection":[{"href":"https:\/\/ajupe.com.uy\/web\/wp-json\/wp\/v2\/product"}],"about":[{"href":"https:\/\/ajupe.com.uy\/web\/wp-json\/wp\/v2\/types\/product"}],"wp:featuredmedia":[{"embeddable":true,"href":"https:\/\/ajupe.com.uy\/web\/wp-json\/wp\/v2\/media\/7315"}],"wp:attachment":[{"href":"https:\/\/ajupe.com.uy\/web\/wp-json\/wp\/v2\/media?parent=7314"}],"wp:term":[{"taxonomy":"product_brand","embeddable":true,"href":"https:\/\/ajupe.com.uy\/web\/wp-json\/wp\/v2\/product_brand?post=7314"},{"taxonomy":"product_cat","embeddable":true,"href":"https:\/\/ajupe.com.uy\/web\/wp-json\/wp\/v2\/product_cat?post=7314"},{"taxonomy":"product_tag","embeddable":true,"href":"https:\/\/ajupe.com.uy\/web\/wp-json\/wp\/v2\/product_tag?post=7314"}],"curies":[{"name":"wp","href":"https:\/\/api.w.org\/{rel}","templated":true}]}}