{"id":7317,"date":"2015-05-06T20:48:21","date_gmt":"2015-05-06T23:48:21","guid":{"rendered":"http:\/\/ajupe.com.uy\/web\/?post_type=product&#038;p=7317"},"modified":"2015-05-06T20:49:32","modified_gmt":"2015-05-06T23:49:32","slug":"camel-club-2","status":"publish","type":"product","link":"https:\/\/ajupe.com.uy\/web\/biblioteca\/camel-club-2\/","title":{"rendered":"Camel club"},"content":{"rendered":"<p>El Camel Club de Washington D.C. es el lugar de encuentro de cuatro hombres exc\u00e9ntricos. All\u00ed analizan los acontecimientos m\u00e1s destacados de la pol\u00edtica y econom\u00eda de su pa\u00eds, discuten sobre las actuaciones de su gobierno, y especulan sobre posibles conspiraciones. Un d\u00eda, una de estas especulaciones se convierte en una amenaza real, en un acontecimiento que podr\u00eda cambiar el curso de la histor<\/p>\n","protected":false},"excerpt":{"rendered":"<p>El Camel Club de Washington D.C. es el lugar de encuentro de cuatro hombres exc\u00e9ntricos. All\u00ed analizan los acontecimientos m\u00e1s destacados de la pol\u00edtica y econom\u00eda de su pa\u00eds, discuten sobre las actuaciones de su gobierno, y especulan sobre posibles conspiraciones. Un d\u00eda, una de estas especulaciones se convierte en una amenaza real, en un [&hellip;]<\/p>\n","protected":false},"featured_media":7318,"template":"","meta":[],"product_brand":[414],"product_cat":[48],"product_tag":[],"class_list":{"0":"post-7317","1":"product","2":"type-product","3":"status-publish","4":"has-post-thumbnail","6":"product_brand-david-baldacci","7":"product_cat-thrillers","9":"first","10":"instock","11":"purchasable","12":"product-type-simple"},"featured_image_urls_v2":{"full":["https:\/\/ajupe.com.uy\/web\/wp-content\/uploads\/2016\/04\/p-7317-Camel_club_554a7e5c2cf94.jpg",189,292,false],"thumbnail":["https:\/\/ajupe.com.uy\/web\/wp-content\/uploads\/2016\/04\/p-7317-Camel_club_554a7e5c2cf94.jpg",150,150,true],"medium":["https:\/\/ajupe.com.uy\/web\/wp-content\/uploads\/2016\/04\/p-7317-Camel_club_554a7e5c2cf94.jpg",300,214,true],"medium_large":["https:\/\/ajupe.com.uy\/web\/wp-content\/uploads\/2016\/04\/p-7317-Camel_club_554a7e5c2cf94.jpg",189,292,false],"large":["https:\/\/ajupe.com.uy\/web\/wp-content\/uploads\/2016\/04\/p-7317-Camel_club_554a7e5c2cf94.jpg",189,292,false],"1536x1536":["https:\/\/ajupe.com.uy\/web\/wp-content\/uploads\/2016\/04\/p-7317-Camel_club_554a7e5c2cf94.jpg",189,292,false],"2048x2048":["https:\/\/ajupe.com.uy\/web\/wp-content\/uploads\/2016\/04\/p-7317-Camel_club_554a7e5c2cf94.jpg",189,292,false],"woocommerce_archive_thumbnail":["https:\/\/ajupe.com.uy\/web\/wp-content\/uploads\/2016\/04\/p-7317-Camel_club_554a7e5c2cf94.jpg",189,292,false],"woocommerce_thumbnail":["https:\/\/ajupe.com.uy\/web\/wp-content\/uploads\/2016\/04\/p-7317-Camel_club_554a7e5c2cf94.jpg",189,292,false],"woocommerce_single":["https:\/\/ajupe.com.uy\/web\/wp-content\/uploads\/2016\/04\/p-7317-Camel_club_554a7e5c2cf94.jpg",189,292,false],"woocommerce_gallery_thumbnail":["https:\/\/ajupe.com.uy\/web\/wp-content\/uploads\/2016\/04\/p-7317-Camel_club_554a7e5c2cf94-100x100.jpg",100,100,true]},"post_excerpt_stackable_v2":"<p>El Camel Club de Washington D.C. es el lugar de encuentro de cuatro hombres exc\u00e9ntricos. All\u00ed analizan los acontecimientos m\u00e1s destacados de la pol\u00edtica y econom\u00eda de su pa\u00eds, discuten sobre las actuaciones de su gobierno, y especulan sobre posibles conspiraciones. Un d\u00eda, una de estas especulaciones se convierte en una amenaza real, en un acontecimiento que podr\u00eda cambiar el curso de la histor<\/p>\n","category_list_v2":"","author_info_v2":{"name":"","url":""},"comments_num_v2":"0 comentarios","_links":{"self":[{"href":"https:\/\/ajupe.com.uy\/web\/wp-json\/wp\/v2\/product\/7317","targetHints":{"allow":["GET"]}}],"collection":[{"href":"https:\/\/ajupe.com.uy\/web\/wp-json\/wp\/v2\/product"}],"about":[{"href":"https:\/\/ajupe.com.uy\/web\/wp-json\/wp\/v2\/types\/product"}],"wp:featuredmedia":[{"embeddable":true,"href":"https:\/\/ajupe.com.uy\/web\/wp-json\/wp\/v2\/media\/7318"}],"wp:attachment":[{"href":"https:\/\/ajupe.com.uy\/web\/wp-json\/wp\/v2\/media?parent=7317"}],"wp:term":[{"taxonomy":"product_brand","embeddable":true,"href":"https:\/\/ajupe.com.uy\/web\/wp-json\/wp\/v2\/product_brand?post=7317"},{"taxonomy":"product_cat","embeddable":true,"href":"https:\/\/ajupe.com.uy\/web\/wp-json\/wp\/v2\/product_cat?post=7317"},{"taxonomy":"product_tag","embeddable":true,"href":"https:\/\/ajupe.com.uy\/web\/wp-json\/wp\/v2\/product_tag?post=7317"}],"curies":[{"name":"wp","href":"https:\/\/api.w.org\/{rel}","templated":true}]}}