{"id":7320,"date":"2015-06-11T19:08:18","date_gmt":"2015-06-11T22:08:18","guid":{"rendered":"http:\/\/ajupe.com.uy\/web\/?post_type=product&#038;p=7320"},"modified":"2015-06-11T19:08:40","modified_gmt":"2015-06-11T22:08:40","slug":"el-eco-negro","status":"publish","type":"product","link":"https:\/\/ajupe.com.uy\/web\/biblioteca\/el-eco-negro\/","title":{"rendered":"El eco negro"},"content":{"rendered":"<p>Harry Bosch, detective de la polic\u00eda de Los \u00c1ngeles qued\u00f3 marcado por la dura experiencia de Vietnam. Ahora, un caso le devuelve su pasado. La v\u00edctima, Billy Meadows, hab\u00eda servido en su misma unidad. Ambos eran ratas de t\u00fanel que combat\u00edan en la red de pasajes subterr\u00e1neos del Viet Cong; ambos experimentaron el terror del eco negro: la reverberaci\u00f3n en las tinieblas de su propio p\u00e1nico. Ahora Meadows est\u00e1 muerto. Pero su rastro parece apuntar a un gran atraco bancario perpetrado a trav\u00e9s de t\u00faneles de alcantarillado.<\/p>\n","protected":false},"excerpt":{"rendered":"<p>Harry Bosch, detective de la polic\u00eda de Los \u00c1ngeles qued\u00f3 marcado por la dura experiencia de Vietnam. Ahora, un caso le devuelve su pasado. La v\u00edctima, Billy Meadows, hab\u00eda servido en su misma unidad. Ambos eran ratas de t\u00fanel que combat\u00edan en la red de pasajes subterr\u00e1neos del Viet Cong; ambos experimentaron el terror del [&hellip;]<\/p>\n","protected":false},"featured_media":7321,"template":"","meta":[],"product_brand":[384],"product_cat":[40],"product_tag":[],"class_list":{"0":"post-7320","1":"product","2":"type-product","3":"status-publish","4":"has-post-thumbnail","6":"product_brand-michael-connelly","7":"product_cat-policial","9":"first","10":"instock","11":"purchasable","12":"product-type-simple"},"featured_image_urls_v2":{"full":["https:\/\/ajupe.com.uy\/web\/wp-content\/uploads\/2016\/04\/p-7320-El_eco_negro_5579dcb852175.jpg",184,281,false],"thumbnail":["https:\/\/ajupe.com.uy\/web\/wp-content\/uploads\/2016\/04\/p-7320-El_eco_negro_5579dcb852175.jpg",150,150,true],"medium":["https:\/\/ajupe.com.uy\/web\/wp-content\/uploads\/2016\/04\/p-7320-El_eco_negro_5579dcb852175.jpg",300,214,true],"medium_large":["https:\/\/ajupe.com.uy\/web\/wp-content\/uploads\/2016\/04\/p-7320-El_eco_negro_5579dcb852175.jpg",184,281,false],"large":["https:\/\/ajupe.com.uy\/web\/wp-content\/uploads\/2016\/04\/p-7320-El_eco_negro_5579dcb852175.jpg",184,281,false],"1536x1536":["https:\/\/ajupe.com.uy\/web\/wp-content\/uploads\/2016\/04\/p-7320-El_eco_negro_5579dcb852175.jpg",184,281,false],"2048x2048":["https:\/\/ajupe.com.uy\/web\/wp-content\/uploads\/2016\/04\/p-7320-El_eco_negro_5579dcb852175.jpg",184,281,false],"woocommerce_archive_thumbnail":["https:\/\/ajupe.com.uy\/web\/wp-content\/uploads\/2016\/04\/p-7320-El_eco_negro_5579dcb852175.jpg",184,281,false],"woocommerce_thumbnail":["https:\/\/ajupe.com.uy\/web\/wp-content\/uploads\/2016\/04\/p-7320-El_eco_negro_5579dcb852175.jpg",184,281,false],"woocommerce_single":["https:\/\/ajupe.com.uy\/web\/wp-content\/uploads\/2016\/04\/p-7320-El_eco_negro_5579dcb852175.jpg",184,281,false],"woocommerce_gallery_thumbnail":["https:\/\/ajupe.com.uy\/web\/wp-content\/uploads\/2016\/04\/p-7320-El_eco_negro_5579dcb852175-100x100.jpg",100,100,true]},"post_excerpt_stackable_v2":"<p>Harry Bosch, detective de la polic\u00eda de Los \u00c1ngeles qued\u00f3 marcado por la dura experiencia de Vietnam. Ahora, un caso le devuelve su pasado. La v\u00edctima, Billy Meadows, hab\u00eda servido en su misma unidad. Ambos eran ratas de t\u00fanel que combat\u00edan en la red de pasajes subterr\u00e1neos del Viet Cong; ambos experimentaron el terror del eco negro: la reverberaci\u00f3n en las tinieblas de su propio p\u00e1nico. Ahora Meadows est\u00e1 muerto. Pero su rastro parece apuntar a un gran atraco bancario perpetrado a trav\u00e9s de t\u00faneles de alcantarillado.<\/p>\n","category_list_v2":"","author_info_v2":{"name":"","url":""},"comments_num_v2":"0 comentarios","_links":{"self":[{"href":"https:\/\/ajupe.com.uy\/web\/wp-json\/wp\/v2\/product\/7320","targetHints":{"allow":["GET"]}}],"collection":[{"href":"https:\/\/ajupe.com.uy\/web\/wp-json\/wp\/v2\/product"}],"about":[{"href":"https:\/\/ajupe.com.uy\/web\/wp-json\/wp\/v2\/types\/product"}],"wp:featuredmedia":[{"embeddable":true,"href":"https:\/\/ajupe.com.uy\/web\/wp-json\/wp\/v2\/media\/7321"}],"wp:attachment":[{"href":"https:\/\/ajupe.com.uy\/web\/wp-json\/wp\/v2\/media?parent=7320"}],"wp:term":[{"taxonomy":"product_brand","embeddable":true,"href":"https:\/\/ajupe.com.uy\/web\/wp-json\/wp\/v2\/product_brand?post=7320"},{"taxonomy":"product_cat","embeddable":true,"href":"https:\/\/ajupe.com.uy\/web\/wp-json\/wp\/v2\/product_cat?post=7320"},{"taxonomy":"product_tag","embeddable":true,"href":"https:\/\/ajupe.com.uy\/web\/wp-json\/wp\/v2\/product_tag?post=7320"}],"curies":[{"name":"wp","href":"https:\/\/api.w.org\/{rel}","templated":true}]}}