{"id":7323,"date":"2015-06-11T19:16:59","date_gmt":"2015-06-11T22:16:59","guid":{"rendered":"http:\/\/ajupe.com.uy\/web\/?post_type=product&#038;p=7323"},"modified":"2015-06-11T21:24:09","modified_gmt":"2015-06-12T00:24:09","slug":"a-la-orilla-del-silencio","status":"publish","type":"product","link":"https:\/\/ajupe.com.uy\/web\/biblioteca\/a-la-orilla-del-silencio\/","title":{"rendered":"A la orilla del silencio"},"content":{"rendered":"<p>Jorge Basilago y Guillermo Pellegrino publicaron el libro \u00abA la orilla del silencio, vida y obra de Osiris Rodr\u00edguez Castillo\u00bb, que repasa el camino del folclorista y poeta uruguayo.Jorge Bacilago y Guillermo Pellegrino<\/p>\n<p>\u201cYo sab\u00eda del valor de Osiris hace tiempo, haciendo el libro de Zitarrosa, el primero que hice, le propuse a Alsina Thevenet hacer una nota sobre Osiris\u201d, cont\u00f3 Guillermo Pellegrino en La Cuchara.<\/p>\n<p>Al abordar aquella nota, que sali\u00f3 en portada de El Pa\u00eds Cultural, advirti\u00f3 \u201clo dif\u00edcil que era hacer un compendio y una obra su vida\u201d, explic\u00f3, \u201cporque estaba todo muy desperdigado, y presupon\u00eda un trabajo mayor, de gran esfuerzo\u201d. \u00abA la orilla del silencio, vida y obra de Osiris Rodr\u00edguez Castillo<\/p>\n<p>Con el tiempo lo invitaron a una guitarreada, en la que percibi\u00f3 que \u201cel alma de Osiris estaba ah\u00ed\u201d, seg\u00fan expres\u00f3, y decidi\u00f3 afrontar este trabajo.<\/p>\n<p>\u201cDesde que empec\u00e9 el libro en 2011 hasta ahora se murieron 15 personas, si lo agarr\u00e1bamos dentro de 5 a\u00f1os perd\u00edamos un mont\u00f3n de testimonios valios\u00edsimos, porque es gente de 85, 90 a\u00f1os\u201d, ilustr\u00f3 Pellegrino.<\/p>\n<p>Al coautor de la obra, Jorge Basilago, lo conoci\u00f3 20 a\u00f1os atr\u00e1s, en las clases de periodismo en una instituci\u00f3n.<\/p>\n<p>Ya hab\u00edan trabajado juntos en otro libro, que en 2012 gan\u00f3 un premio en categor\u00eda ensayo en el concurso \u201cMario Benedetti\u201d, y fue publicado por Seix Barral, aunque lamentaron, \u201ccircul\u00f3 poco\u201d.<\/p>\n<p>Basilago, que es argentino, hizo \u00e9nfasis en que haciendo este libro han constatado que son m\u00e1s conocidas las canciones de Osiris, a nivel popular, que su identidad como autor.<\/p>\n<p>Eso, recalcaron, era en definitiva lo que quer\u00eda Osiris, quien \u201ccomo los grandes, quer\u00eda que la copla siguiera\u201d, y citaron, dec\u00eda, \u201cmi nombre puede que muera, mi copla puede que no\u201d.<\/p>\n<p>Adem\u00e1s de la musical y po\u00e9tica, el libro plasma otra dimensi\u00f3n de Rodr\u00edguez Castillo: su faceta de artista pl\u00e1stico, dibujante y talabartero.<\/p>\n<p>Fue un hombre campero y poco sociable, y en comparaci\u00f3n con Zitarrosa y Yupanqui, por ejemplo, \u201cno tuvo tanto la luz y los flashes\u201d, reflexion\u00f3 Pellegrino, \u201cpor algo a Osiris lo ten\u00e9s que rastrear, era un tipo de campo que valoraba m\u00e1s los silencios que la palabra\u201d.<\/p>\n<p>Los autores evocaron una an\u00e9cdota que pinta su temperamento: en la \u00e9poca de dictadura y allanamientos en los a\u00f1os setenta, un d\u00eda fue \u201cvisitado\u201d por un militar que lo interrog\u00f3. <\/p>\n<p>El m\u00fasico se encontraba tocando la guitarra y se vio interrumpido por el militar, que le dijo: \u201csi no colabora me va a tener que acompa\u00f1ar\u201d, a lo que respondi\u00f3, \u201cc\u00f3mo no, \u00bfen qu\u00e9 tono?\u201d.<\/p>\n<p>El libro fue publicado por ediciones Cuatroesquinas, y puede solicitarse al mail cuatroesquinas.ediciones@gmail.com<\/p>\n","protected":false},"excerpt":{"rendered":"<p>Jorge Basilago y Guillermo Pellegrino publicaron el libro \u00abA la orilla del silencio, vida y obra de Osiris Rodr\u00edguez Castillo\u00bb, que repasa el camino del folclorista y poeta uruguayo.Jorge Bacilago y Guillermo Pellegrino \u201cYo sab\u00eda del valor de Osiris hace tiempo, haciendo el libro de Zitarrosa, el primero que hice, le propuse a Alsina Thevenet [&hellip;]<\/p>\n","protected":false},"featured_media":7324,"template":"","meta":[],"product_brand":[1365],"product_cat":[44],"product_tag":[],"class_list":{"0":"post-7323","1":"product","2":"type-product","3":"status-publish","4":"has-post-thumbnail","6":"product_brand-j-basilago-g-pellegrino","7":"product_cat-biografico","9":"first","10":"instock","11":"purchasable","12":"product-type-simple"},"featured_image_urls_v2":{"full":["https:\/\/ajupe.com.uy\/web\/wp-content\/uploads\/2016\/04\/p-7323-A_la_orilla_del__5579fc76a11e5.jpg",236,354,false],"thumbnail":["https:\/\/ajupe.com.uy\/web\/wp-content\/uploads\/2016\/04\/p-7323-A_la_orilla_del__5579fc76a11e5.jpg",150,150,true],"medium":["https:\/\/ajupe.com.uy\/web\/wp-content\/uploads\/2016\/04\/p-7323-A_la_orilla_del__5579fc76a11e5.jpg",300,214,true],"medium_large":["https:\/\/ajupe.com.uy\/web\/wp-content\/uploads\/2016\/04\/p-7323-A_la_orilla_del__5579fc76a11e5.jpg",236,354,false],"large":["https:\/\/ajupe.com.uy\/web\/wp-content\/uploads\/2016\/04\/p-7323-A_la_orilla_del__5579fc76a11e5.jpg",236,354,false],"1536x1536":["https:\/\/ajupe.com.uy\/web\/wp-content\/uploads\/2016\/04\/p-7323-A_la_orilla_del__5579fc76a11e5.jpg",236,354,false],"2048x2048":["https:\/\/ajupe.com.uy\/web\/wp-content\/uploads\/2016\/04\/p-7323-A_la_orilla_del__5579fc76a11e5.jpg",236,354,false],"woocommerce_archive_thumbnail":["https:\/\/ajupe.com.uy\/web\/wp-content\/uploads\/2016\/04\/p-7323-A_la_orilla_del__5579fc76a11e5-236x300.jpg",236,300,true],"woocommerce_thumbnail":["https:\/\/ajupe.com.uy\/web\/wp-content\/uploads\/2016\/04\/p-7323-A_la_orilla_del__5579fc76a11e5-236x300.jpg",236,300,true],"woocommerce_single":["https:\/\/ajupe.com.uy\/web\/wp-content\/uploads\/2016\/04\/p-7323-A_la_orilla_del__5579fc76a11e5.jpg",236,354,false],"woocommerce_gallery_thumbnail":["https:\/\/ajupe.com.uy\/web\/wp-content\/uploads\/2016\/04\/p-7323-A_la_orilla_del__5579fc76a11e5-100x100.jpg",100,100,true]},"post_excerpt_stackable_v2":"<p>Jorge Basilago y Guillermo Pellegrino publicaron el libro \u00abA la orilla del silencio, vida y obra de Osiris Rodr\u00edguez Castillo\u00bb, que repasa el camino del folclorista y poeta uruguayo.Jorge Bacilago y Guillermo Pellegrino \u201cYo sab\u00eda del valor de Osiris hace tiempo, haciendo el libro de Zitarrosa, el primero que hice, le propuse a Alsina Thevenet hacer una nota sobre Osiris\u201d, cont\u00f3 Guillermo Pellegrino en La Cuchara. Al abordar aquella nota, que sali\u00f3 en portada de El Pa\u00eds Cultural, advirti\u00f3 \u201clo dif\u00edcil que era hacer un compendio y una obra su vida\u201d, explic\u00f3, \u201cporque estaba todo muy desperdigado, y presupon\u00eda un&hellip;<\/p>\n","category_list_v2":"","author_info_v2":{"name":"","url":""},"comments_num_v2":"0 comentarios","_links":{"self":[{"href":"https:\/\/ajupe.com.uy\/web\/wp-json\/wp\/v2\/product\/7323","targetHints":{"allow":["GET"]}}],"collection":[{"href":"https:\/\/ajupe.com.uy\/web\/wp-json\/wp\/v2\/product"}],"about":[{"href":"https:\/\/ajupe.com.uy\/web\/wp-json\/wp\/v2\/types\/product"}],"wp:featuredmedia":[{"embeddable":true,"href":"https:\/\/ajupe.com.uy\/web\/wp-json\/wp\/v2\/media\/7324"}],"wp:attachment":[{"href":"https:\/\/ajupe.com.uy\/web\/wp-json\/wp\/v2\/media?parent=7323"}],"wp:term":[{"taxonomy":"product_brand","embeddable":true,"href":"https:\/\/ajupe.com.uy\/web\/wp-json\/wp\/v2\/product_brand?post=7323"},{"taxonomy":"product_cat","embeddable":true,"href":"https:\/\/ajupe.com.uy\/web\/wp-json\/wp\/v2\/product_cat?post=7323"},{"taxonomy":"product_tag","embeddable":true,"href":"https:\/\/ajupe.com.uy\/web\/wp-json\/wp\/v2\/product_tag?post=7323"}],"curies":[{"name":"wp","href":"https:\/\/api.w.org\/{rel}","templated":true}]}}