{"id":7332,"date":"2015-06-12T16:54:27","date_gmt":"2015-06-12T19:54:27","guid":{"rendered":"http:\/\/ajupe.com.uy\/web\/?post_type=product&#038;p=7332"},"modified":"2015-06-12T16:57:11","modified_gmt":"2015-06-12T19:57:11","slug":"una-oveja-negra-al-poder","status":"publish","type":"product","link":"https:\/\/ajupe.com.uy\/web\/biblioteca\/una-oveja-negra-al-poder\/","title":{"rendered":"Una oveja negra al poder"},"content":{"rendered":"<p>El camino y la llegada al poder, la forma de vivirlo y ejercerlo, los conflictos con su liturgia y protocolo, el encuentro con figuras como Obama, Fidel Castro, Putin, Ch\u00e1vez o Cristina Fern\u00e1ndez de Kirchner, la soledad de sentirse a veces en un mundo ajeno. Todo contado a los autores por su protagonista, Pepe Mujica, y por muchos testigos. Un relato con un ritmo vertiginoso que atrapa desde la primera hasta la \u00faltima p\u00e1gina, producto de m\u00e1s de cien horas de conversaciones hogare\u00f1as e institucionales, pol\u00edticas e \u00edntimas, personales y telef\u00f3nicas. Todas ellas mantenidas entre el despacho presidencial y la mitad del campo, en escenarios tan dis\u00edmiles como la Casa Blanca, el Vaticano, la chacra de Mujica en las afueras de Montevideo o una peque\u00f1a casa reciclada, en la que ninguna tertulia termin\u00f3 antes de la madrugada. Andr\u00e9s Danza y Ernesto Tulbovitz, despu\u00e9s de veinte a\u00f1os de contacto ininterrumpido con Mujica, muestran al hombre detr\u00e1s del personaje, el que confiesa haberse sentido siempre una \u201coveja negra\u201d<\/p>\n","protected":false},"excerpt":{"rendered":"<p>El camino y la llegada al poder, la forma de vivirlo y ejercerlo, los conflictos con su liturgia y protocolo, el encuentro con figuras como Obama, Fidel Castro, Putin, Ch\u00e1vez o Cristina Fern\u00e1ndez de Kirchner, la soledad de sentirse a veces en un mundo ajeno. Todo contado a los autores por su protagonista, Pepe Mujica, [&hellip;]<\/p>\n","protected":false},"featured_media":7333,"template":"","meta":[],"product_brand":[1367],"product_cat":[45],"product_tag":[],"class_list":{"0":"post-7332","1":"product","2":"type-product","3":"status-publish","4":"has-post-thumbnail","6":"product_brand-a-danza-e-tulbovitz","7":"product_cat-uruguayo","9":"first","10":"instock","11":"purchasable","12":"product-type-simple"},"featured_image_urls_v2":{"full":["https:\/\/ajupe.com.uy\/web\/wp-content\/uploads\/2016\/04\/p-7332-Una_oveja_negra__557b0f679b112.jpg",166,250,false],"thumbnail":["https:\/\/ajupe.com.uy\/web\/wp-content\/uploads\/2016\/04\/p-7332-Una_oveja_negra__557b0f679b112.jpg",150,150,true],"medium":["https:\/\/ajupe.com.uy\/web\/wp-content\/uploads\/2016\/04\/p-7332-Una_oveja_negra__557b0f679b112.jpg",300,214,true],"medium_large":["https:\/\/ajupe.com.uy\/web\/wp-content\/uploads\/2016\/04\/p-7332-Una_oveja_negra__557b0f679b112.jpg",166,250,false],"large":["https:\/\/ajupe.com.uy\/web\/wp-content\/uploads\/2016\/04\/p-7332-Una_oveja_negra__557b0f679b112.jpg",166,250,false],"1536x1536":["https:\/\/ajupe.com.uy\/web\/wp-content\/uploads\/2016\/04\/p-7332-Una_oveja_negra__557b0f679b112.jpg",166,250,false],"2048x2048":["https:\/\/ajupe.com.uy\/web\/wp-content\/uploads\/2016\/04\/p-7332-Una_oveja_negra__557b0f679b112.jpg",166,250,false],"woocommerce_archive_thumbnail":["https:\/\/ajupe.com.uy\/web\/wp-content\/uploads\/2016\/04\/p-7332-Una_oveja_negra__557b0f679b112.jpg",166,250,false],"woocommerce_thumbnail":["https:\/\/ajupe.com.uy\/web\/wp-content\/uploads\/2016\/04\/p-7332-Una_oveja_negra__557b0f679b112.jpg",166,250,false],"woocommerce_single":["https:\/\/ajupe.com.uy\/web\/wp-content\/uploads\/2016\/04\/p-7332-Una_oveja_negra__557b0f679b112.jpg",166,250,false],"woocommerce_gallery_thumbnail":["https:\/\/ajupe.com.uy\/web\/wp-content\/uploads\/2016\/04\/p-7332-Una_oveja_negra__557b0f679b112-100x100.jpg",100,100,true]},"post_excerpt_stackable_v2":"<p>El camino y la llegada al poder, la forma de vivirlo y ejercerlo, los conflictos con su liturgia y protocolo, el encuentro con figuras como Obama, Fidel Castro, Putin, Ch\u00e1vez o Cristina Fern\u00e1ndez de Kirchner, la soledad de sentirse a veces en un mundo ajeno. Todo contado a los autores por su protagonista, Pepe Mujica, y por muchos testigos. Un relato con un ritmo vertiginoso que atrapa desde la primera hasta la \u00faltima p\u00e1gina, producto de m\u00e1s de cien horas de conversaciones hogare\u00f1as e institucionales, pol\u00edticas e \u00edntimas, personales y telef\u00f3nicas. Todas ellas mantenidas entre el despacho presidencial y la&hellip;<\/p>\n","category_list_v2":"","author_info_v2":{"name":"","url":""},"comments_num_v2":"0 comentarios","_links":{"self":[{"href":"https:\/\/ajupe.com.uy\/web\/wp-json\/wp\/v2\/product\/7332","targetHints":{"allow":["GET"]}}],"collection":[{"href":"https:\/\/ajupe.com.uy\/web\/wp-json\/wp\/v2\/product"}],"about":[{"href":"https:\/\/ajupe.com.uy\/web\/wp-json\/wp\/v2\/types\/product"}],"wp:featuredmedia":[{"embeddable":true,"href":"https:\/\/ajupe.com.uy\/web\/wp-json\/wp\/v2\/media\/7333"}],"wp:attachment":[{"href":"https:\/\/ajupe.com.uy\/web\/wp-json\/wp\/v2\/media?parent=7332"}],"wp:term":[{"taxonomy":"product_brand","embeddable":true,"href":"https:\/\/ajupe.com.uy\/web\/wp-json\/wp\/v2\/product_brand?post=7332"},{"taxonomy":"product_cat","embeddable":true,"href":"https:\/\/ajupe.com.uy\/web\/wp-json\/wp\/v2\/product_cat?post=7332"},{"taxonomy":"product_tag","embeddable":true,"href":"https:\/\/ajupe.com.uy\/web\/wp-json\/wp\/v2\/product_tag?post=7332"}],"curies":[{"name":"wp","href":"https:\/\/api.w.org\/{rel}","templated":true}]}}