{"id":7344,"date":"2015-06-12T17:12:23","date_gmt":"2015-06-12T20:12:23","guid":{"rendered":"http:\/\/ajupe.com.uy\/web\/?post_type=product&#038;p=7344"},"modified":"2015-06-12T17:14:01","modified_gmt":"2015-06-12T20:14:01","slug":"primavera-de-perros-flores-de-ruina","status":"publish","type":"product","link":"https:\/\/ajupe.com.uy\/web\/biblioteca\/primavera-de-perros-flores-de-ruina\/","title":{"rendered":"Primavera de perros \/ Flores de ruina"},"content":{"rendered":"<p>Primavera de perros y  Flores de ruina son dos nouvelles escritas en diferentes \u00e9pocas pero con muchos puntos coincidentes. <\/p>\n<p>La primera nouvelle narra la historia de una pareja de j\u00f3venes que se suicida, y la obsesi\u00f3n que crece en el narrador-protagonista del relato, a\u00f1os despu\u00e9s, para descubrir qu\u00e9 les sucedi\u00f3. <\/p>\n<p>Flores de ruina comienza con un famoso fot\u00f3grafo que retrata a una joven pareja en un caf\u00e9 de Par\u00eds y gira alrededor de la relaci\u00f3n alumno-maestro que se establece entre el fot\u00f3grafo y el narrador, y las inc\u00f3gnitas que le quedan a este cuando el primero desaparece sin dejar rastro. <\/p>\n<p>Ambas obras son buceos en el pasado de los protagonistas, viciadas de climas melanc\u00f3licos y opresivos, que tratan de todo y de nada, de vagabundear, de la rutina parisina de la d\u00e9cada de 1930, del paso del tiempo y del azar. El tiempo y la memoria parecen ser los leivmotiv de estas dos delicadezas literarias<\/p>\n","protected":false},"excerpt":{"rendered":"<p>Primavera de perros y Flores de ruina son dos nouvelles escritas en diferentes \u00e9pocas pero con muchos puntos coincidentes. La primera nouvelle narra la historia de una pareja de j\u00f3venes que se suicida, y la obsesi\u00f3n que crece en el narrador-protagonista del relato, a\u00f1os despu\u00e9s, para descubrir qu\u00e9 les sucedi\u00f3. Flores de ruina comienza con [&hellip;]<\/p>\n","protected":false},"featured_media":7345,"template":"","meta":[],"product_brand":[1346],"product_cat":[29],"product_tag":[],"class_list":{"0":"post-7344","1":"product","2":"type-product","3":"status-publish","4":"has-post-thumbnail","6":"product_brand-patrick-modiano","7":"product_cat-novela","9":"first","10":"instock","11":"purchasable","12":"product-type-simple"},"featured_image_urls_v2":{"full":["https:\/\/ajupe.com.uy\/web\/wp-content\/uploads\/2016\/04\/p-7344-Primavera_de_per_557b135921ddb.jpg",189,309,false],"thumbnail":["https:\/\/ajupe.com.uy\/web\/wp-content\/uploads\/2016\/04\/p-7344-Primavera_de_per_557b135921ddb.jpg",150,150,true],"medium":["https:\/\/ajupe.com.uy\/web\/wp-content\/uploads\/2016\/04\/p-7344-Primavera_de_per_557b135921ddb.jpg",300,214,true],"medium_large":["https:\/\/ajupe.com.uy\/web\/wp-content\/uploads\/2016\/04\/p-7344-Primavera_de_per_557b135921ddb.jpg",189,309,false],"large":["https:\/\/ajupe.com.uy\/web\/wp-content\/uploads\/2016\/04\/p-7344-Primavera_de_per_557b135921ddb.jpg",189,309,false],"1536x1536":["https:\/\/ajupe.com.uy\/web\/wp-content\/uploads\/2016\/04\/p-7344-Primavera_de_per_557b135921ddb.jpg",189,309,false],"2048x2048":["https:\/\/ajupe.com.uy\/web\/wp-content\/uploads\/2016\/04\/p-7344-Primavera_de_per_557b135921ddb.jpg",189,309,false],"woocommerce_archive_thumbnail":["https:\/\/ajupe.com.uy\/web\/wp-content\/uploads\/2016\/04\/p-7344-Primavera_de_per_557b135921ddb-189x300.jpg",189,300,true],"woocommerce_thumbnail":["https:\/\/ajupe.com.uy\/web\/wp-content\/uploads\/2016\/04\/p-7344-Primavera_de_per_557b135921ddb-189x300.jpg",189,300,true],"woocommerce_single":["https:\/\/ajupe.com.uy\/web\/wp-content\/uploads\/2016\/04\/p-7344-Primavera_de_per_557b135921ddb.jpg",189,309,false],"woocommerce_gallery_thumbnail":["https:\/\/ajupe.com.uy\/web\/wp-content\/uploads\/2016\/04\/p-7344-Primavera_de_per_557b135921ddb-100x100.jpg",100,100,true]},"post_excerpt_stackable_v2":"<p>Primavera de perros y Flores de ruina son dos nouvelles escritas en diferentes \u00e9pocas pero con muchos puntos coincidentes. La primera nouvelle narra la historia de una pareja de j\u00f3venes que se suicida, y la obsesi\u00f3n que crece en el narrador-protagonista del relato, a\u00f1os despu\u00e9s, para descubrir qu\u00e9 les sucedi\u00f3. Flores de ruina comienza con un famoso fot\u00f3grafo que retrata a una joven pareja en un caf\u00e9 de Par\u00eds y gira alrededor de la relaci\u00f3n alumno-maestro que se establece entre el fot\u00f3grafo y el narrador, y las inc\u00f3gnitas que le quedan a este cuando el primero desaparece sin dejar rastro.&hellip;<\/p>\n","category_list_v2":"","author_info_v2":{"name":"","url":""},"comments_num_v2":"0 comentarios","_links":{"self":[{"href":"https:\/\/ajupe.com.uy\/web\/wp-json\/wp\/v2\/product\/7344","targetHints":{"allow":["GET"]}}],"collection":[{"href":"https:\/\/ajupe.com.uy\/web\/wp-json\/wp\/v2\/product"}],"about":[{"href":"https:\/\/ajupe.com.uy\/web\/wp-json\/wp\/v2\/types\/product"}],"wp:featuredmedia":[{"embeddable":true,"href":"https:\/\/ajupe.com.uy\/web\/wp-json\/wp\/v2\/media\/7345"}],"wp:attachment":[{"href":"https:\/\/ajupe.com.uy\/web\/wp-json\/wp\/v2\/media?parent=7344"}],"wp:term":[{"taxonomy":"product_brand","embeddable":true,"href":"https:\/\/ajupe.com.uy\/web\/wp-json\/wp\/v2\/product_brand?post=7344"},{"taxonomy":"product_cat","embeddable":true,"href":"https:\/\/ajupe.com.uy\/web\/wp-json\/wp\/v2\/product_cat?post=7344"},{"taxonomy":"product_tag","embeddable":true,"href":"https:\/\/ajupe.com.uy\/web\/wp-json\/wp\/v2\/product_tag?post=7344"}],"curies":[{"name":"wp","href":"https:\/\/api.w.org\/{rel}","templated":true}]}}