{"id":7347,"date":"2015-06-12T17:15:30","date_gmt":"2015-06-12T20:15:30","guid":{"rendered":"http:\/\/ajupe.com.uy\/web\/?post_type=product&#038;p=7347"},"modified":"2015-06-12T17:16:14","modified_gmt":"2015-06-12T20:16:14","slug":"un-filo-de-luz","status":"publish","type":"product","link":"https:\/\/ajupe.com.uy\/web\/biblioteca\/un-filo-de-luz\/","title":{"rendered":"Un filo de luz"},"content":{"rendered":"<p>Como en anteriores ocasiones, una pesadilla provoca en el comisario Montalbano un malestar profundo, una aciaga sensaci\u00f3n que lo deja receloso y aprensivo. Por desgracia, una vez m\u00e1s, los acontecimientos parecen darle la raz\u00f3n.<\/p>\n<p>Primero entra en escena Marian De Rosa, milanesa, propietaria de una galer\u00eda de arte, mujer elegante y con experiencia, una aut\u00e9ntica femme fatale ante la que Montalbano cae rendido de inmediato. En su fuero interno, Salvo sabe que su atracci\u00f3n por Marian no es una aventura cualquiera; se trata de algo distinto, como una fuerza invisible que lo trastorna y amenaza con trastocar su lucidez. Livia pasa a ser s\u00f3lo una voz al otro lado del tel\u00e9fono y Salvo es incapaz de sincerarse con ella, recurriendo a t\u00e1cticas y subterfugios para postergar una decisi\u00f3n. Y mientras se debate en el torbellino de sus sentimientos, tres casos importantes requieren su atenci\u00f3n: por un lado, la jovenc\u00edsima esposa de Salvatore di Marta, due\u00f1o de un supermercado, es v\u00edctima de un atraco; por otro, dos tunecinos que trabajan en una finca agr\u00edcola desaparecen en lo que aparenta ser un asunto de tr\u00e1fico de armas; y por \u00faltimo, una operaci\u00f3n delictiva de altos vuelos aterriza en Vig\u00e0ta.<\/p>\n<p>As\u00ed pues, el siniestro sue\u00f1o de las primeras p\u00e1ginas resultar\u00e1 premonitorio. En el desenlace de sus investigaciones, alguien muy querido para Montalbano resurge tristemente en su vida, y su relaci\u00f3n con Livia recupera un cariz olvidado. Con la nitidez con la que un filo de luz recorta la zona de sombra, un comisario Montalbano m\u00e1s vulnerable que nunca afronta su destino con el alma convulsa.<\/p>\n","protected":false},"excerpt":{"rendered":"<p>Como en anteriores ocasiones, una pesadilla provoca en el comisario Montalbano un malestar profundo, una aciaga sensaci\u00f3n que lo deja receloso y aprensivo. Por desgracia, una vez m\u00e1s, los acontecimientos parecen darle la raz\u00f3n. Primero entra en escena Marian De Rosa, milanesa, propietaria de una galer\u00eda de arte, mujer elegante y con experiencia, una aut\u00e9ntica [&hellip;]<\/p>\n","protected":false},"featured_media":7348,"template":"","meta":[],"product_brand":[399],"product_cat":[40],"product_tag":[],"class_list":{"0":"post-7347","1":"product","2":"type-product","3":"status-publish","4":"has-post-thumbnail","6":"product_brand-andrea-camilleri","7":"product_cat-policial","9":"first","10":"instock","11":"purchasable","12":"product-type-simple"},"featured_image_urls_v2":{"full":["https:\/\/ajupe.com.uy\/web\/wp-content\/uploads\/2016\/04\/p-7347-Un_filo_de_luz_557b13deb274c.jpg",200,325,false],"thumbnail":["https:\/\/ajupe.com.uy\/web\/wp-content\/uploads\/2016\/04\/p-7347-Un_filo_de_luz_557b13deb274c.jpg",150,150,true],"medium":["https:\/\/ajupe.com.uy\/web\/wp-content\/uploads\/2016\/04\/p-7347-Un_filo_de_luz_557b13deb274c.jpg",300,214,true],"medium_large":["https:\/\/ajupe.com.uy\/web\/wp-content\/uploads\/2016\/04\/p-7347-Un_filo_de_luz_557b13deb274c.jpg",200,325,false],"large":["https:\/\/ajupe.com.uy\/web\/wp-content\/uploads\/2016\/04\/p-7347-Un_filo_de_luz_557b13deb274c.jpg",200,325,false],"1536x1536":["https:\/\/ajupe.com.uy\/web\/wp-content\/uploads\/2016\/04\/p-7347-Un_filo_de_luz_557b13deb274c.jpg",200,325,false],"2048x2048":["https:\/\/ajupe.com.uy\/web\/wp-content\/uploads\/2016\/04\/p-7347-Un_filo_de_luz_557b13deb274c.jpg",200,325,false],"woocommerce_archive_thumbnail":["https:\/\/ajupe.com.uy\/web\/wp-content\/uploads\/2016\/04\/p-7347-Un_filo_de_luz_557b13deb274c.jpg",200,325,false],"woocommerce_thumbnail":["https:\/\/ajupe.com.uy\/web\/wp-content\/uploads\/2016\/04\/p-7347-Un_filo_de_luz_557b13deb274c-200x300.jpg",200,300,true],"woocommerce_single":["https:\/\/ajupe.com.uy\/web\/wp-content\/uploads\/2016\/04\/p-7347-Un_filo_de_luz_557b13deb274c.jpg",200,325,false],"woocommerce_gallery_thumbnail":["https:\/\/ajupe.com.uy\/web\/wp-content\/uploads\/2016\/04\/p-7347-Un_filo_de_luz_557b13deb274c-100x100.jpg",100,100,true]},"post_excerpt_stackable_v2":"<p>Como en anteriores ocasiones, una pesadilla provoca en el comisario Montalbano un malestar profundo, una aciaga sensaci\u00f3n que lo deja receloso y aprensivo. Por desgracia, una vez m\u00e1s, los acontecimientos parecen darle la raz\u00f3n. Primero entra en escena Marian De Rosa, milanesa, propietaria de una galer\u00eda de arte, mujer elegante y con experiencia, una aut\u00e9ntica femme fatale ante la que Montalbano cae rendido de inmediato. En su fuero interno, Salvo sabe que su atracci\u00f3n por Marian no es una aventura cualquiera; se trata de algo distinto, como una fuerza invisible que lo trastorna y amenaza con trastocar su lucidez. Livia&hellip;<\/p>\n","category_list_v2":"","author_info_v2":{"name":"","url":""},"comments_num_v2":"0 comentarios","_links":{"self":[{"href":"https:\/\/ajupe.com.uy\/web\/wp-json\/wp\/v2\/product\/7347","targetHints":{"allow":["GET"]}}],"collection":[{"href":"https:\/\/ajupe.com.uy\/web\/wp-json\/wp\/v2\/product"}],"about":[{"href":"https:\/\/ajupe.com.uy\/web\/wp-json\/wp\/v2\/types\/product"}],"wp:featuredmedia":[{"embeddable":true,"href":"https:\/\/ajupe.com.uy\/web\/wp-json\/wp\/v2\/media\/7348"}],"wp:attachment":[{"href":"https:\/\/ajupe.com.uy\/web\/wp-json\/wp\/v2\/media?parent=7347"}],"wp:term":[{"taxonomy":"product_brand","embeddable":true,"href":"https:\/\/ajupe.com.uy\/web\/wp-json\/wp\/v2\/product_brand?post=7347"},{"taxonomy":"product_cat","embeddable":true,"href":"https:\/\/ajupe.com.uy\/web\/wp-json\/wp\/v2\/product_cat?post=7347"},{"taxonomy":"product_tag","embeddable":true,"href":"https:\/\/ajupe.com.uy\/web\/wp-json\/wp\/v2\/product_tag?post=7347"}],"curies":[{"name":"wp","href":"https:\/\/api.w.org\/{rel}","templated":true}]}}