{"id":7350,"date":"2015-06-12T17:18:02","date_gmt":"2015-06-12T20:18:02","guid":{"rendered":"http:\/\/ajupe.com.uy\/web\/?post_type=product&#038;p=7350"},"modified":"2015-06-12T17:20:46","modified_gmt":"2015-06-12T20:20:46","slug":"la-joven-del-cascabel","status":"publish","type":"product","link":"https:\/\/ajupe.com.uy\/web\/biblioteca\/la-joven-del-cascabel\/","title":{"rendered":"La joven del cascabel"},"content":{"rendered":"<p>Giurl\u00e0 vive cerca y dentro del mar de Vig\u00e0ta, a su aire como los peces que pesca con sus propias manos. El mar es su hogar, pero la necesidad de ayudar a su familia lo lleva a aceptar un trabajo de pastor de cabras en el interior. As\u00ed, pasa de ser un hombre de mar a un hombre de monta\u00f1a, aprendiendo a apreciar el aire que lo rodea, la soledad, el silencio, los lagos congelados y la explosi\u00f3n de colores de la primavera en los pastos. El joven pastor vivir\u00e1 en esta nueva vida una apasionada y particular historia de amor. <\/p>\n<p>Camilleri cierra con esta novela su trilog\u00eda m\u00edtica tras El beso de la sirena y El guardabarrera. Como en las anteriores, esta historia nos lleva a recordar metamorfosis mitol\u00f3gicas, aqu\u00ed la de Leda y el cisne o la de Pasifae, para hablarnos de algo tan universal como son los l\u00edmites del amor.<\/p>\n","protected":false},"excerpt":{"rendered":"<p>Giurl\u00e0 vive cerca y dentro del mar de Vig\u00e0ta, a su aire como los peces que pesca con sus propias manos. El mar es su hogar, pero la necesidad de ayudar a su familia lo lleva a aceptar un trabajo de pastor de cabras en el interior. As\u00ed, pasa de ser un hombre de mar [&hellip;]<\/p>\n","protected":false},"featured_media":7351,"template":"","meta":[],"product_brand":[399],"product_cat":[29],"product_tag":[],"class_list":{"0":"post-7350","1":"product","2":"type-product","3":"status-publish","4":"has-post-thumbnail","6":"product_brand-andrea-camilleri","7":"product_cat-novela","9":"first","10":"instock","11":"purchasable","12":"product-type-simple"},"featured_image_urls_v2":{"full":["https:\/\/ajupe.com.uy\/web\/wp-content\/uploads\/2016\/04\/p-7350-La_joven_del_cas_557b14ee9580f.jpg",196,347,false],"thumbnail":["https:\/\/ajupe.com.uy\/web\/wp-content\/uploads\/2016\/04\/p-7350-La_joven_del_cas_557b14ee9580f.jpg",150,150,true],"medium":["https:\/\/ajupe.com.uy\/web\/wp-content\/uploads\/2016\/04\/p-7350-La_joven_del_cas_557b14ee9580f.jpg",300,214,true],"medium_large":["https:\/\/ajupe.com.uy\/web\/wp-content\/uploads\/2016\/04\/p-7350-La_joven_del_cas_557b14ee9580f.jpg",196,347,false],"large":["https:\/\/ajupe.com.uy\/web\/wp-content\/uploads\/2016\/04\/p-7350-La_joven_del_cas_557b14ee9580f.jpg",196,347,false],"1536x1536":["https:\/\/ajupe.com.uy\/web\/wp-content\/uploads\/2016\/04\/p-7350-La_joven_del_cas_557b14ee9580f.jpg",196,347,false],"2048x2048":["https:\/\/ajupe.com.uy\/web\/wp-content\/uploads\/2016\/04\/p-7350-La_joven_del_cas_557b14ee9580f.jpg",196,347,false],"woocommerce_archive_thumbnail":["https:\/\/ajupe.com.uy\/web\/wp-content\/uploads\/2016\/04\/p-7350-La_joven_del_cas_557b14ee9580f-196x300.jpg",196,300,true],"woocommerce_thumbnail":["https:\/\/ajupe.com.uy\/web\/wp-content\/uploads\/2016\/04\/p-7350-La_joven_del_cas_557b14ee9580f-196x300.jpg",196,300,true],"woocommerce_single":["https:\/\/ajupe.com.uy\/web\/wp-content\/uploads\/2016\/04\/p-7350-La_joven_del_cas_557b14ee9580f.jpg",196,347,false],"woocommerce_gallery_thumbnail":["https:\/\/ajupe.com.uy\/web\/wp-content\/uploads\/2016\/04\/p-7350-La_joven_del_cas_557b14ee9580f-100x100.jpg",100,100,true]},"post_excerpt_stackable_v2":"<p>Giurl\u00e0 vive cerca y dentro del mar de Vig\u00e0ta, a su aire como los peces que pesca con sus propias manos. El mar es su hogar, pero la necesidad de ayudar a su familia lo lleva a aceptar un trabajo de pastor de cabras en el interior. As\u00ed, pasa de ser un hombre de mar a un hombre de monta\u00f1a, aprendiendo a apreciar el aire que lo rodea, la soledad, el silencio, los lagos congelados y la explosi\u00f3n de colores de la primavera en los pastos. El joven pastor vivir\u00e1 en esta nueva vida una apasionada y particular historia de&hellip;<\/p>\n","category_list_v2":"","author_info_v2":{"name":"","url":""},"comments_num_v2":"0 comentarios","_links":{"self":[{"href":"https:\/\/ajupe.com.uy\/web\/wp-json\/wp\/v2\/product\/7350","targetHints":{"allow":["GET"]}}],"collection":[{"href":"https:\/\/ajupe.com.uy\/web\/wp-json\/wp\/v2\/product"}],"about":[{"href":"https:\/\/ajupe.com.uy\/web\/wp-json\/wp\/v2\/types\/product"}],"wp:featuredmedia":[{"embeddable":true,"href":"https:\/\/ajupe.com.uy\/web\/wp-json\/wp\/v2\/media\/7351"}],"wp:attachment":[{"href":"https:\/\/ajupe.com.uy\/web\/wp-json\/wp\/v2\/media?parent=7350"}],"wp:term":[{"taxonomy":"product_brand","embeddable":true,"href":"https:\/\/ajupe.com.uy\/web\/wp-json\/wp\/v2\/product_brand?post=7350"},{"taxonomy":"product_cat","embeddable":true,"href":"https:\/\/ajupe.com.uy\/web\/wp-json\/wp\/v2\/product_cat?post=7350"},{"taxonomy":"product_tag","embeddable":true,"href":"https:\/\/ajupe.com.uy\/web\/wp-json\/wp\/v2\/product_tag?post=7350"}],"curies":[{"name":"wp","href":"https:\/\/api.w.org\/{rel}","templated":true}]}}