{"id":7356,"date":"2015-06-12T17:33:07","date_gmt":"2015-06-12T20:33:07","guid":{"rendered":"http:\/\/ajupe.com.uy\/web\/?post_type=product&#038;p=7356"},"modified":"2015-06-12T17:34:11","modified_gmt":"2015-06-12T20:34:11","slug":"a-la-sombra-del-arbol-kauri","status":"publish","type":"product","link":"https:\/\/ajupe.com.uy\/web\/biblioteca\/a-la-sombra-del-arbol-kauri\/","title":{"rendered":"A la sombra del \u00e1rbol Kauri"},"content":{"rendered":"<p>Nueva Zelanda, 1875: Lizzie y Michael Drury han cumplido su sue\u00f1o y finalmente tienen una gran granja de ovejas con que poder construir un futuro prometedor. Aun as\u00ed, su vida empieza a tambalearse de repente cuando su hija Matariki es secuestrada por un l\u00edder maor\u00ed.<\/p>\n","protected":false},"excerpt":{"rendered":"<p>Nueva Zelanda, 1875: Lizzie y Michael Drury han cumplido su sue\u00f1o y finalmente tienen una gran granja de ovejas con que poder construir un futuro prometedor. Aun as\u00ed, su vida empieza a tambalearse de repente cuando su hija Matariki es secuestrada por un l\u00edder maor\u00ed.<\/p>\n","protected":false},"featured_media":7357,"template":"","meta":[],"product_brand":[1160],"product_cat":[29],"product_tag":[],"class_list":{"0":"post-7356","1":"product","2":"type-product","3":"status-publish","4":"has-post-thumbnail","6":"product_brand-sarah-lark","7":"product_cat-novela","9":"first","10":"instock","11":"purchasable","12":"product-type-simple"},"featured_image_urls_v2":{"full":["https:\/\/ajupe.com.uy\/web\/wp-content\/uploads\/2016\/04\/p-7356-A_la_sombra_del__557b181340810.jpg",222,339,false],"thumbnail":["https:\/\/ajupe.com.uy\/web\/wp-content\/uploads\/2016\/04\/p-7356-A_la_sombra_del__557b181340810.jpg",150,150,true],"medium":["https:\/\/ajupe.com.uy\/web\/wp-content\/uploads\/2016\/04\/p-7356-A_la_sombra_del__557b181340810.jpg",300,214,true],"medium_large":["https:\/\/ajupe.com.uy\/web\/wp-content\/uploads\/2016\/04\/p-7356-A_la_sombra_del__557b181340810.jpg",222,339,false],"large":["https:\/\/ajupe.com.uy\/web\/wp-content\/uploads\/2016\/04\/p-7356-A_la_sombra_del__557b181340810.jpg",222,339,false],"1536x1536":["https:\/\/ajupe.com.uy\/web\/wp-content\/uploads\/2016\/04\/p-7356-A_la_sombra_del__557b181340810.jpg",222,339,false],"2048x2048":["https:\/\/ajupe.com.uy\/web\/wp-content\/uploads\/2016\/04\/p-7356-A_la_sombra_del__557b181340810.jpg",222,339,false],"woocommerce_archive_thumbnail":["https:\/\/ajupe.com.uy\/web\/wp-content\/uploads\/2016\/04\/p-7356-A_la_sombra_del__557b181340810-222x300.jpg",222,300,true],"woocommerce_thumbnail":["https:\/\/ajupe.com.uy\/web\/wp-content\/uploads\/2016\/04\/p-7356-A_la_sombra_del__557b181340810-222x300.jpg",222,300,true],"woocommerce_single":["https:\/\/ajupe.com.uy\/web\/wp-content\/uploads\/2016\/04\/p-7356-A_la_sombra_del__557b181340810.jpg",222,339,false],"woocommerce_gallery_thumbnail":["https:\/\/ajupe.com.uy\/web\/wp-content\/uploads\/2016\/04\/p-7356-A_la_sombra_del__557b181340810-100x100.jpg",100,100,true]},"post_excerpt_stackable_v2":"<p>Nueva Zelanda, 1875: Lizzie y Michael Drury han cumplido su sue\u00f1o y finalmente tienen una gran granja de ovejas con que poder construir un futuro prometedor. Aun as\u00ed, su vida empieza a tambalearse de repente cuando su hija Matariki es secuestrada por un l\u00edder maor\u00ed.<\/p>\n","category_list_v2":"","author_info_v2":{"name":"","url":""},"comments_num_v2":"0 comentarios","_links":{"self":[{"href":"https:\/\/ajupe.com.uy\/web\/wp-json\/wp\/v2\/product\/7356","targetHints":{"allow":["GET"]}}],"collection":[{"href":"https:\/\/ajupe.com.uy\/web\/wp-json\/wp\/v2\/product"}],"about":[{"href":"https:\/\/ajupe.com.uy\/web\/wp-json\/wp\/v2\/types\/product"}],"wp:featuredmedia":[{"embeddable":true,"href":"https:\/\/ajupe.com.uy\/web\/wp-json\/wp\/v2\/media\/7357"}],"wp:attachment":[{"href":"https:\/\/ajupe.com.uy\/web\/wp-json\/wp\/v2\/media?parent=7356"}],"wp:term":[{"taxonomy":"product_brand","embeddable":true,"href":"https:\/\/ajupe.com.uy\/web\/wp-json\/wp\/v2\/product_brand?post=7356"},{"taxonomy":"product_cat","embeddable":true,"href":"https:\/\/ajupe.com.uy\/web\/wp-json\/wp\/v2\/product_cat?post=7356"},{"taxonomy":"product_tag","embeddable":true,"href":"https:\/\/ajupe.com.uy\/web\/wp-json\/wp\/v2\/product_tag?post=7356"}],"curies":[{"name":"wp","href":"https:\/\/api.w.org\/{rel}","templated":true}]}}