{"id":7362,"date":"2015-06-12T18:02:35","date_gmt":"2015-06-12T21:02:35","guid":{"rendered":"http:\/\/ajupe.com.uy\/web\/?post_type=product&#038;p=7362"},"modified":"2015-06-12T18:44:00","modified_gmt":"2015-06-12T21:44:00","slug":"el-proyecto-esposa","status":"publish","type":"product","link":"https:\/\/ajupe.com.uy\/web\/biblioteca\/el-proyecto-esposa\/","title":{"rendered":"El proyecto esposa"},"content":{"rendered":"<p>\u00abMe llamo Don Tillman, tengo treinta y nueve a\u00f1os y soy profesor adjunto de Gen\u00e9tica en la Universidad de Melbourne. Mi trabajo est\u00e1 bien remunerado, me alimento de forma equilibrada y regular, y mi condici\u00f3n f\u00edsica es \u00f3ptima. En el reino animal, no tendr\u00eda ninguna dificultad para aparearme, pero en el humano, nunca he logrado tener una segunda cita con la misma mujer. Los motivos de mi fracaso no termino de entenderlos, y como las estad\u00edsticas muestran que los hombres casados son, en promedio, m\u00e1s felices y viven m\u00e1s tiempo, he decidido poner en marcha un programa vital para m\u00ed, el Proyecto Esposa. A tal fin, he creado un algoritmo perfecto que me permitir\u00e1 excluir las candidatas inadecuadas: las fumadoras, las impuntuales, las desorganizadas, las que dedican demasiado tiempo a su aspecto exterior&#8230; en suma, todas aquellas que no respondan a los estrictos criterios que se exponen en el cuestionario de diecis\u00e9is p\u00e1ginas que he elaborado. Este libro es el informe cient\u00edfico \u2014aunque me han explicado que hay que denominarlo novela\u2014 acerca del resultado de mi proyecto. Quien lo lea descubrir\u00e1 que la candidata menos apropiada se llama Rosie; y tambi\u00e9n encontrar\u00e1 la respuesta a una pregunta fundamental: \u00bfpuede el amor cambiar la vida de una persona, incluso de un individuo como yo?\u00bb<\/p>\n<p>Hilarante, sorprendente, ingeniosa, El Proyecto Esposa tiene un protagonista excepcional: el inteligente, obsesivo y literal Don Tillman, para quien navegar por este mundo de emociones complejas e incoherentes, poblado por seres que a menudo dicen exactamente lo contrario de lo que piensan, constituye una tarea tan ardua como desconcertante.<\/p>\n","protected":false},"excerpt":{"rendered":"<p>\u00abMe llamo Don Tillman, tengo treinta y nueve a\u00f1os y soy profesor adjunto de Gen\u00e9tica en la Universidad de Melbourne. Mi trabajo est\u00e1 bien remunerado, me alimento de forma equilibrada y regular, y mi condici\u00f3n f\u00edsica es \u00f3ptima. En el reino animal, no tendr\u00eda ninguna dificultad para aparearme, pero en el humano, nunca he logrado [&hellip;]<\/p>\n","protected":false},"featured_media":7363,"template":"","meta":[],"product_brand":[1368],"product_cat":[29],"product_tag":[],"class_list":{"0":"post-7362","1":"product","2":"type-product","3":"status-publish","4":"has-post-thumbnail","6":"product_brand-graeme-simsion","7":"product_cat-novela","9":"first","10":"instock","11":"purchasable","12":"product-type-simple"},"featured_image_urls_v2":{"full":["https:\/\/ajupe.com.uy\/web\/wp-content\/uploads\/2016\/04\/p-7362-El_proyecto_espo_557b287048185.jpg",200,326,false],"thumbnail":["https:\/\/ajupe.com.uy\/web\/wp-content\/uploads\/2016\/04\/p-7362-El_proyecto_espo_557b287048185.jpg",150,150,true],"medium":["https:\/\/ajupe.com.uy\/web\/wp-content\/uploads\/2016\/04\/p-7362-El_proyecto_espo_557b287048185.jpg",300,214,true],"medium_large":["https:\/\/ajupe.com.uy\/web\/wp-content\/uploads\/2016\/04\/p-7362-El_proyecto_espo_557b287048185.jpg",200,326,false],"large":["https:\/\/ajupe.com.uy\/web\/wp-content\/uploads\/2016\/04\/p-7362-El_proyecto_espo_557b287048185.jpg",200,326,false],"1536x1536":["https:\/\/ajupe.com.uy\/web\/wp-content\/uploads\/2016\/04\/p-7362-El_proyecto_espo_557b287048185.jpg",200,326,false],"2048x2048":["https:\/\/ajupe.com.uy\/web\/wp-content\/uploads\/2016\/04\/p-7362-El_proyecto_espo_557b287048185.jpg",200,326,false],"woocommerce_archive_thumbnail":["https:\/\/ajupe.com.uy\/web\/wp-content\/uploads\/2016\/04\/p-7362-El_proyecto_espo_557b287048185.jpg",200,326,false],"woocommerce_thumbnail":["https:\/\/ajupe.com.uy\/web\/wp-content\/uploads\/2016\/04\/p-7362-El_proyecto_espo_557b287048185-200x300.jpg",200,300,true],"woocommerce_single":["https:\/\/ajupe.com.uy\/web\/wp-content\/uploads\/2016\/04\/p-7362-El_proyecto_espo_557b287048185.jpg",200,326,false],"woocommerce_gallery_thumbnail":["https:\/\/ajupe.com.uy\/web\/wp-content\/uploads\/2016\/04\/p-7362-El_proyecto_espo_557b287048185-100x100.jpg",100,100,true]},"post_excerpt_stackable_v2":"<p>\u00abMe llamo Don Tillman, tengo treinta y nueve a\u00f1os y soy profesor adjunto de Gen\u00e9tica en la Universidad de Melbourne. Mi trabajo est\u00e1 bien remunerado, me alimento de forma equilibrada y regular, y mi condici\u00f3n f\u00edsica es \u00f3ptima. En el reino animal, no tendr\u00eda ninguna dificultad para aparearme, pero en el humano, nunca he logrado tener una segunda cita con la misma mujer. Los motivos de mi fracaso no termino de entenderlos, y como las estad\u00edsticas muestran que los hombres casados son, en promedio, m\u00e1s felices y viven m\u00e1s tiempo, he decidido poner en marcha un programa vital para m\u00ed,&hellip;<\/p>\n","category_list_v2":"","author_info_v2":{"name":"","url":""},"comments_num_v2":"0 comentarios","_links":{"self":[{"href":"https:\/\/ajupe.com.uy\/web\/wp-json\/wp\/v2\/product\/7362","targetHints":{"allow":["GET"]}}],"collection":[{"href":"https:\/\/ajupe.com.uy\/web\/wp-json\/wp\/v2\/product"}],"about":[{"href":"https:\/\/ajupe.com.uy\/web\/wp-json\/wp\/v2\/types\/product"}],"wp:featuredmedia":[{"embeddable":true,"href":"https:\/\/ajupe.com.uy\/web\/wp-json\/wp\/v2\/media\/7363"}],"wp:attachment":[{"href":"https:\/\/ajupe.com.uy\/web\/wp-json\/wp\/v2\/media?parent=7362"}],"wp:term":[{"taxonomy":"product_brand","embeddable":true,"href":"https:\/\/ajupe.com.uy\/web\/wp-json\/wp\/v2\/product_brand?post=7362"},{"taxonomy":"product_cat","embeddable":true,"href":"https:\/\/ajupe.com.uy\/web\/wp-json\/wp\/v2\/product_cat?post=7362"},{"taxonomy":"product_tag","embeddable":true,"href":"https:\/\/ajupe.com.uy\/web\/wp-json\/wp\/v2\/product_tag?post=7362"}],"curies":[{"name":"wp","href":"https:\/\/api.w.org\/{rel}","templated":true}]}}