{"id":7377,"date":"2015-06-16T17:58:46","date_gmt":"2015-06-16T20:58:46","guid":{"rendered":"http:\/\/ajupe.com.uy\/web\/?post_type=product&#038;p=7377"},"modified":"2015-06-16T18:16:59","modified_gmt":"2015-06-16T21:16:59","slug":"en-busca-de-los-valores-perdidos","status":"publish","type":"product","link":"https:\/\/ajupe.com.uy\/web\/biblioteca\/en-busca-de-los-valores-perdidos\/","title":{"rendered":"En busca de los valores perdidos"},"content":{"rendered":"<p>Sin valores la vida no tiene sentido. Mientras el progreso de las cosas, de la ciencia, del mundo exterior del hombre ha ido avanzando prodigiosamente, el mundo de los fines, de los objetivos, es decir, el de los valores est\u00e1 tambaleando.<br \/>\nLos valores son modelos de existencia. Hoy prevalecen los \u00eddolos, no los modelos. Hay crisis de valores. No de los valores en si, sino de su jerarqu\u00eda, de su escala.<br \/>\n\u00bfDe d\u00f3nde proviene esta crisis? La vida humana se convierte en verdadero dolor, en verdadero infierno s\u00f3lo donde dos \u00e9pocas, dos culturas o religiones se entrecruzan.<br \/>\nEl planteo lo realiza Herman Hesse, en su libro El lobo estepario, de 1927. Somos una generaci\u00f3n, mejor dicho, un siglo de tr\u00e1nsito entre el romanticismo enaltecedor del yo, y una nueva era que se ha quedado con los despojos de ese Yo grandioso pero que a\u00fan no se ha afirmado para construir los valores que corresponden al nuevo mundo que desea.<br \/>\nHay problemas. Hay asaltos, hay corrupci\u00f3n, hay droga y los j\u00f3venes se cr\u00edan en ese ambiente enviciado, contaminado de hoy sin ma\u00f1ana, y van a la deriva.<br \/>\nCrisis de valores. Crisis de educaci\u00f3n en valores. Algo nos falta. Tenemos de todo pero algo nos falta. Vivir para algo que no sea meramente diversi\u00f3n. Eso nos falta, un horizonte superior, lejano, que nos gu\u00ede en la conducta, en el esfuerzo, en el amor.<br \/>\nVivir para algo es vivir con sentido.<br \/>\nEn este libro intenta Jaime Barylko, pedagogo y pensador de vasta repercusi\u00f3n p\u00fablica responder a estos interrogantes y propone horizontes para la recuperaci\u00f3n de los valores que est\u00e1n, pero est\u00e1n perdidos, confusos, desorientados.<\/p>\n","protected":false},"excerpt":{"rendered":"<p>Sin valores la vida no tiene sentido. Mientras el progreso de las cosas, de la ciencia, del mundo exterior del hombre ha ido avanzando prodigiosamente, el mundo de los fines, de los objetivos, es decir, el de los valores est\u00e1 tambaleando. Los valores son modelos de existencia. Hoy prevalecen los \u00eddolos, no los modelos. Hay [&hellip;]<\/p>\n","protected":false},"featured_media":7378,"template":"","meta":[],"product_brand":[255],"product_cat":[45],"product_tag":[],"class_list":{"0":"post-7377","1":"product","2":"type-product","3":"status-publish","4":"has-post-thumbnail","6":"product_brand-jaime-barylko","7":"product_cat-uruguayo","9":"first","10":"instock","11":"purchasable","12":"product-type-simple"},"featured_image_urls_v2":{"full":["https:\/\/ajupe.com.uy\/web\/wp-content\/uploads\/2016\/04\/p-7377-En_busca_de_los__5580681bd1696.jpg",198,298,false],"thumbnail":["https:\/\/ajupe.com.uy\/web\/wp-content\/uploads\/2016\/04\/p-7377-En_busca_de_los__5580681bd1696.jpg",150,150,true],"medium":["https:\/\/ajupe.com.uy\/web\/wp-content\/uploads\/2016\/04\/p-7377-En_busca_de_los__5580681bd1696.jpg",300,214,true],"medium_large":["https:\/\/ajupe.com.uy\/web\/wp-content\/uploads\/2016\/04\/p-7377-En_busca_de_los__5580681bd1696.jpg",198,298,false],"large":["https:\/\/ajupe.com.uy\/web\/wp-content\/uploads\/2016\/04\/p-7377-En_busca_de_los__5580681bd1696.jpg",198,298,false],"1536x1536":["https:\/\/ajupe.com.uy\/web\/wp-content\/uploads\/2016\/04\/p-7377-En_busca_de_los__5580681bd1696.jpg",198,298,false],"2048x2048":["https:\/\/ajupe.com.uy\/web\/wp-content\/uploads\/2016\/04\/p-7377-En_busca_de_los__5580681bd1696.jpg",198,298,false],"woocommerce_archive_thumbnail":["https:\/\/ajupe.com.uy\/web\/wp-content\/uploads\/2016\/04\/p-7377-En_busca_de_los__5580681bd1696.jpg",198,298,false],"woocommerce_thumbnail":["https:\/\/ajupe.com.uy\/web\/wp-content\/uploads\/2016\/04\/p-7377-En_busca_de_los__5580681bd1696.jpg",198,298,false],"woocommerce_single":["https:\/\/ajupe.com.uy\/web\/wp-content\/uploads\/2016\/04\/p-7377-En_busca_de_los__5580681bd1696.jpg",198,298,false],"woocommerce_gallery_thumbnail":["https:\/\/ajupe.com.uy\/web\/wp-content\/uploads\/2016\/04\/p-7377-En_busca_de_los__5580681bd1696-100x100.jpg",100,100,true]},"post_excerpt_stackable_v2":"<p>Sin valores la vida no tiene sentido. Mientras el progreso de las cosas, de la ciencia, del mundo exterior del hombre ha ido avanzando prodigiosamente, el mundo de los fines, de los objetivos, es decir, el de los valores est\u00e1 tambaleando. Los valores son modelos de existencia. Hoy prevalecen los \u00eddolos, no los modelos. Hay crisis de valores. No de los valores en si, sino de su jerarqu\u00eda, de su escala. \u00bfDe d\u00f3nde proviene esta crisis? La vida humana se convierte en verdadero dolor, en verdadero infierno s\u00f3lo donde dos \u00e9pocas, dos culturas o religiones se entrecruzan. El planteo lo&hellip;<\/p>\n","category_list_v2":"","author_info_v2":{"name":"","url":""},"comments_num_v2":"0 comentarios","_links":{"self":[{"href":"https:\/\/ajupe.com.uy\/web\/wp-json\/wp\/v2\/product\/7377","targetHints":{"allow":["GET"]}}],"collection":[{"href":"https:\/\/ajupe.com.uy\/web\/wp-json\/wp\/v2\/product"}],"about":[{"href":"https:\/\/ajupe.com.uy\/web\/wp-json\/wp\/v2\/types\/product"}],"wp:featuredmedia":[{"embeddable":true,"href":"https:\/\/ajupe.com.uy\/web\/wp-json\/wp\/v2\/media\/7378"}],"wp:attachment":[{"href":"https:\/\/ajupe.com.uy\/web\/wp-json\/wp\/v2\/media?parent=7377"}],"wp:term":[{"taxonomy":"product_brand","embeddable":true,"href":"https:\/\/ajupe.com.uy\/web\/wp-json\/wp\/v2\/product_brand?post=7377"},{"taxonomy":"product_cat","embeddable":true,"href":"https:\/\/ajupe.com.uy\/web\/wp-json\/wp\/v2\/product_cat?post=7377"},{"taxonomy":"product_tag","embeddable":true,"href":"https:\/\/ajupe.com.uy\/web\/wp-json\/wp\/v2\/product_tag?post=7377"}],"curies":[{"name":"wp","href":"https:\/\/api.w.org\/{rel}","templated":true}]}}