{"id":7395,"date":"2015-06-16T19:01:36","date_gmt":"2015-06-16T22:01:36","guid":{"rendered":"http:\/\/ajupe.com.uy\/web\/?post_type=product&#038;p=7395"},"modified":"2015-06-16T19:01:56","modified_gmt":"2015-06-16T22:01:56","slug":"memoria-de-crimenes","status":"publish","type":"product","link":"https:\/\/ajupe.com.uy\/web\/biblioteca\/memoria-de-crimenes\/","title":{"rendered":"Memoria de cr\u00edmenes"},"content":{"rendered":"<p>Cambiando su tem\u00e1tica habitual, Ray Bradbury presenta aqu\u00ed un conjunto de excelentes relatos de suspense o policiales. Fueron compuestos en su juventud y se encuentran en este libro:<\/p>\n<p>\u00a1Me quema!<br \/>\nAsesino en miniatura<br \/>\nAyer viv\u00eda<br \/>\nCirco de cad\u00e1veres<br \/>\nEl largo camino de regreso<br \/>\nFuneral cu\u00e1druple<br \/>\nFuneral por los vivos<br \/>\nLa calavera de az\u00facar<br \/>\nLa larga noche<br \/>\nLa se\u00f1ora del ba\u00fal<br \/>\nLos muertos no se levantan<br \/>\nMedia hora de infierno<br \/>\nNo soy tan tonto<br \/>\nEl peque\u00f1o asesino<br \/>\nMuere un hombre cuidadoso<\/p>\n","protected":false},"excerpt":{"rendered":"<p>Cambiando su tem\u00e1tica habitual, Ray Bradbury presenta aqu\u00ed un conjunto de excelentes relatos de suspense o policiales. Fueron compuestos en su juventud y se encuentran en este libro: \u00a1Me quema! Asesino en miniatura Ayer viv\u00eda Circo de cad\u00e1veres El largo camino de regreso Funeral cu\u00e1druple Funeral por los vivos La calavera de az\u00facar La larga [&hellip;]<\/p>\n","protected":false},"featured_media":7396,"template":"","meta":[],"product_brand":[149],"product_cat":[40],"product_tag":[],"class_list":{"0":"post-7395","1":"product","2":"type-product","3":"status-publish","4":"has-post-thumbnail","6":"product_brand-ray-bradbury","7":"product_cat-policial","9":"first","10":"instock","11":"purchasable","12":"product-type-simple"},"featured_image_urls_v2":{"full":["https:\/\/ajupe.com.uy\/web\/wp-content\/uploads\/2016\/04\/p-7395-Memoria_de_cr__m_558072a48732f.jpg",182,280,false],"thumbnail":["https:\/\/ajupe.com.uy\/web\/wp-content\/uploads\/2016\/04\/p-7395-Memoria_de_cr__m_558072a48732f.jpg",150,150,true],"medium":["https:\/\/ajupe.com.uy\/web\/wp-content\/uploads\/2016\/04\/p-7395-Memoria_de_cr__m_558072a48732f.jpg",300,214,true],"medium_large":["https:\/\/ajupe.com.uy\/web\/wp-content\/uploads\/2016\/04\/p-7395-Memoria_de_cr__m_558072a48732f.jpg",182,280,false],"large":["https:\/\/ajupe.com.uy\/web\/wp-content\/uploads\/2016\/04\/p-7395-Memoria_de_cr__m_558072a48732f.jpg",182,280,false],"1536x1536":["https:\/\/ajupe.com.uy\/web\/wp-content\/uploads\/2016\/04\/p-7395-Memoria_de_cr__m_558072a48732f.jpg",182,280,false],"2048x2048":["https:\/\/ajupe.com.uy\/web\/wp-content\/uploads\/2016\/04\/p-7395-Memoria_de_cr__m_558072a48732f.jpg",182,280,false],"woocommerce_archive_thumbnail":["https:\/\/ajupe.com.uy\/web\/wp-content\/uploads\/2016\/04\/p-7395-Memoria_de_cr__m_558072a48732f.jpg",182,280,false],"woocommerce_thumbnail":["https:\/\/ajupe.com.uy\/web\/wp-content\/uploads\/2016\/04\/p-7395-Memoria_de_cr__m_558072a48732f.jpg",182,280,false],"woocommerce_single":["https:\/\/ajupe.com.uy\/web\/wp-content\/uploads\/2016\/04\/p-7395-Memoria_de_cr__m_558072a48732f.jpg",182,280,false],"woocommerce_gallery_thumbnail":["https:\/\/ajupe.com.uy\/web\/wp-content\/uploads\/2016\/04\/p-7395-Memoria_de_cr__m_558072a48732f-100x100.jpg",100,100,true]},"post_excerpt_stackable_v2":"<p>Cambiando su tem\u00e1tica habitual, Ray Bradbury presenta aqu\u00ed un conjunto de excelentes relatos de suspense o policiales. Fueron compuestos en su juventud y se encuentran en este libro: \u00a1Me quema! Asesino en miniatura Ayer viv\u00eda Circo de cad\u00e1veres El largo camino de regreso Funeral cu\u00e1druple Funeral por los vivos La calavera de az\u00facar La larga noche La se\u00f1ora del ba\u00fal Los muertos no se levantan Media hora de infierno No soy tan tonto El peque\u00f1o asesino Muere un hombre cuidadoso<\/p>\n","category_list_v2":"","author_info_v2":{"name":"","url":""},"comments_num_v2":"0 comentarios","_links":{"self":[{"href":"https:\/\/ajupe.com.uy\/web\/wp-json\/wp\/v2\/product\/7395","targetHints":{"allow":["GET"]}}],"collection":[{"href":"https:\/\/ajupe.com.uy\/web\/wp-json\/wp\/v2\/product"}],"about":[{"href":"https:\/\/ajupe.com.uy\/web\/wp-json\/wp\/v2\/types\/product"}],"wp:featuredmedia":[{"embeddable":true,"href":"https:\/\/ajupe.com.uy\/web\/wp-json\/wp\/v2\/media\/7396"}],"wp:attachment":[{"href":"https:\/\/ajupe.com.uy\/web\/wp-json\/wp\/v2\/media?parent=7395"}],"wp:term":[{"taxonomy":"product_brand","embeddable":true,"href":"https:\/\/ajupe.com.uy\/web\/wp-json\/wp\/v2\/product_brand?post=7395"},{"taxonomy":"product_cat","embeddable":true,"href":"https:\/\/ajupe.com.uy\/web\/wp-json\/wp\/v2\/product_cat?post=7395"},{"taxonomy":"product_tag","embeddable":true,"href":"https:\/\/ajupe.com.uy\/web\/wp-json\/wp\/v2\/product_tag?post=7395"}],"curies":[{"name":"wp","href":"https:\/\/api.w.org\/{rel}","templated":true}]}}