{"id":7401,"date":"2015-06-26T17:26:12","date_gmt":"2015-06-26T20:26:12","guid":{"rendered":"http:\/\/ajupe.com.uy\/web\/?post_type=product&#038;p=7401"},"modified":"2015-06-26T17:28:21","modified_gmt":"2015-06-26T20:28:21","slug":"tiempo-de-matar-2","status":"publish","type":"product","link":"https:\/\/ajupe.com.uy\/web\/biblioteca\/tiempo-de-matar-2\/","title":{"rendered":"Tiempo de matar"},"content":{"rendered":"<p>Tiempo de matar es un portentosa novela de desquite y justicia. Desde la violaci\u00f3n de una ni\u00f1a hasta el veredicto del jurado, revela con una fuerza inexorable la diferencia entre el estudio y la pr\u00e1ctica de la ley, y nos ofrece un reflejo inolvidable de lo bueno y lo malo que hay en cada uno de nosotros.<\/p>\n","protected":false},"excerpt":{"rendered":"<p>Tiempo de matar es un portentosa novela de desquite y justicia. Desde la violaci\u00f3n de una ni\u00f1a hasta el veredicto del jurado, revela con una fuerza inexorable la diferencia entre el estudio y la pr\u00e1ctica de la ley, y nos ofrece un reflejo inolvidable de lo bueno y lo malo que hay en cada uno [&hellip;]<\/p>\n","protected":false},"featured_media":7402,"template":"","meta":[],"product_brand":[77],"product_cat":[40],"product_tag":[],"class_list":{"0":"post-7401","1":"product","2":"type-product","3":"status-publish","4":"has-post-thumbnail","6":"product_brand-john-grisham","7":"product_cat-policial","9":"first","10":"instock","11":"purchasable","12":"product-type-simple"},"featured_image_urls_v2":{"full":["https:\/\/ajupe.com.uy\/web\/wp-content\/uploads\/2016\/04\/p-7401-Tiempo_de_matar_558d8bb55403e.jpg",184,278,false],"thumbnail":["https:\/\/ajupe.com.uy\/web\/wp-content\/uploads\/2016\/04\/p-7401-Tiempo_de_matar_558d8bb55403e.jpg",150,150,true],"medium":["https:\/\/ajupe.com.uy\/web\/wp-content\/uploads\/2016\/04\/p-7401-Tiempo_de_matar_558d8bb55403e.jpg",300,214,true],"medium_large":["https:\/\/ajupe.com.uy\/web\/wp-content\/uploads\/2016\/04\/p-7401-Tiempo_de_matar_558d8bb55403e.jpg",184,278,false],"large":["https:\/\/ajupe.com.uy\/web\/wp-content\/uploads\/2016\/04\/p-7401-Tiempo_de_matar_558d8bb55403e.jpg",184,278,false],"1536x1536":["https:\/\/ajupe.com.uy\/web\/wp-content\/uploads\/2016\/04\/p-7401-Tiempo_de_matar_558d8bb55403e.jpg",184,278,false],"2048x2048":["https:\/\/ajupe.com.uy\/web\/wp-content\/uploads\/2016\/04\/p-7401-Tiempo_de_matar_558d8bb55403e.jpg",184,278,false],"woocommerce_archive_thumbnail":["https:\/\/ajupe.com.uy\/web\/wp-content\/uploads\/2016\/04\/p-7401-Tiempo_de_matar_558d8bb55403e.jpg",184,278,false],"woocommerce_thumbnail":["https:\/\/ajupe.com.uy\/web\/wp-content\/uploads\/2016\/04\/p-7401-Tiempo_de_matar_558d8bb55403e.jpg",184,278,false],"woocommerce_single":["https:\/\/ajupe.com.uy\/web\/wp-content\/uploads\/2016\/04\/p-7401-Tiempo_de_matar_558d8bb55403e.jpg",184,278,false],"woocommerce_gallery_thumbnail":["https:\/\/ajupe.com.uy\/web\/wp-content\/uploads\/2016\/04\/p-7401-Tiempo_de_matar_558d8bb55403e-100x100.jpg",100,100,true]},"post_excerpt_stackable_v2":"<p>Tiempo de matar es un portentosa novela de desquite y justicia. Desde la violaci\u00f3n de una ni\u00f1a hasta el veredicto del jurado, revela con una fuerza inexorable la diferencia entre el estudio y la pr\u00e1ctica de la ley, y nos ofrece un reflejo inolvidable de lo bueno y lo malo que hay en cada uno de nosotros.<\/p>\n","category_list_v2":"","author_info_v2":{"name":"","url":""},"comments_num_v2":"0 comentarios","_links":{"self":[{"href":"https:\/\/ajupe.com.uy\/web\/wp-json\/wp\/v2\/product\/7401","targetHints":{"allow":["GET"]}}],"collection":[{"href":"https:\/\/ajupe.com.uy\/web\/wp-json\/wp\/v2\/product"}],"about":[{"href":"https:\/\/ajupe.com.uy\/web\/wp-json\/wp\/v2\/types\/product"}],"wp:featuredmedia":[{"embeddable":true,"href":"https:\/\/ajupe.com.uy\/web\/wp-json\/wp\/v2\/media\/7402"}],"wp:attachment":[{"href":"https:\/\/ajupe.com.uy\/web\/wp-json\/wp\/v2\/media?parent=7401"}],"wp:term":[{"taxonomy":"product_brand","embeddable":true,"href":"https:\/\/ajupe.com.uy\/web\/wp-json\/wp\/v2\/product_brand?post=7401"},{"taxonomy":"product_cat","embeddable":true,"href":"https:\/\/ajupe.com.uy\/web\/wp-json\/wp\/v2\/product_cat?post=7401"},{"taxonomy":"product_tag","embeddable":true,"href":"https:\/\/ajupe.com.uy\/web\/wp-json\/wp\/v2\/product_tag?post=7401"}],"curies":[{"name":"wp","href":"https:\/\/api.w.org\/{rel}","templated":true}]}}