{"id":7443,"date":"2015-07-10T17:13:41","date_gmt":"2015-07-10T20:13:41","guid":{"rendered":"http:\/\/ajupe.com.uy\/web\/?post_type=product&#038;p=7443"},"modified":"2015-07-10T17:14:26","modified_gmt":"2015-07-10T20:14:26","slug":"el-coleccionista","status":"publish","type":"product","link":"https:\/\/ajupe.com.uy\/web\/biblioteca\/el-coleccionista\/","title":{"rendered":"El coleccionista"},"content":{"rendered":"<p>Lila se entretiene espiando a los vecinos. Entre ellos a una pareja joven y atractiva que discute y se reconcilia con la misma frecuencia y el mismo apasionamiento. Una noche, Lila ve a la chica intentando protegerse de los golpes de alguien y cayendo por la ventana tras recibir un fuerte impacto. Lila llama a la polic\u00eda inmediatamente. M\u00e1s tarde le comunican que la vecina ha muerto y el joven con quien viv\u00eda se ha pegado un tiro. Cuando Lila conoce al hermano del supuesto maltratador, quien se niega a creer la versi\u00f3n oficial de la historia, decide lanzarse, junto a \u00e9l, a la b\u00fasqueda del asesino.<\/p>\n","protected":false},"excerpt":{"rendered":"<p>Lila se entretiene espiando a los vecinos. Entre ellos a una pareja joven y atractiva que discute y se reconcilia con la misma frecuencia y el mismo apasionamiento. Una noche, Lila ve a la chica intentando protegerse de los golpes de alguien y cayendo por la ventana tras recibir un fuerte impacto. Lila llama a [&hellip;]<\/p>\n","protected":false},"featured_media":7444,"template":"","meta":[],"product_brand":[267],"product_cat":[29],"product_tag":[],"class_list":{"0":"post-7443","1":"product","2":"type-product","3":"status-publish","4":"has-post-thumbnail","6":"product_brand-nora-roberts","7":"product_cat-novela","9":"first","10":"instock","11":"purchasable","12":"product-type-simple"},"featured_image_urls_v2":{"full":["https:\/\/ajupe.com.uy\/web\/wp-content\/uploads\/2016\/04\/p-7443-El_coleccionista_559ffd72ed0e5.jpg",230,336,false],"thumbnail":["https:\/\/ajupe.com.uy\/web\/wp-content\/uploads\/2016\/04\/p-7443-El_coleccionista_559ffd72ed0e5.jpg",150,150,true],"medium":["https:\/\/ajupe.com.uy\/web\/wp-content\/uploads\/2016\/04\/p-7443-El_coleccionista_559ffd72ed0e5.jpg",300,214,true],"medium_large":["https:\/\/ajupe.com.uy\/web\/wp-content\/uploads\/2016\/04\/p-7443-El_coleccionista_559ffd72ed0e5.jpg",230,336,false],"large":["https:\/\/ajupe.com.uy\/web\/wp-content\/uploads\/2016\/04\/p-7443-El_coleccionista_559ffd72ed0e5.jpg",230,336,false],"1536x1536":["https:\/\/ajupe.com.uy\/web\/wp-content\/uploads\/2016\/04\/p-7443-El_coleccionista_559ffd72ed0e5.jpg",230,336,false],"2048x2048":["https:\/\/ajupe.com.uy\/web\/wp-content\/uploads\/2016\/04\/p-7443-El_coleccionista_559ffd72ed0e5.jpg",230,336,false],"woocommerce_archive_thumbnail":["https:\/\/ajupe.com.uy\/web\/wp-content\/uploads\/2016\/04\/p-7443-El_coleccionista_559ffd72ed0e5-230x300.jpg",230,300,true],"woocommerce_thumbnail":["https:\/\/ajupe.com.uy\/web\/wp-content\/uploads\/2016\/04\/p-7443-El_coleccionista_559ffd72ed0e5-230x300.jpg",230,300,true],"woocommerce_single":["https:\/\/ajupe.com.uy\/web\/wp-content\/uploads\/2016\/04\/p-7443-El_coleccionista_559ffd72ed0e5.jpg",230,336,false],"woocommerce_gallery_thumbnail":["https:\/\/ajupe.com.uy\/web\/wp-content\/uploads\/2016\/04\/p-7443-El_coleccionista_559ffd72ed0e5-100x100.jpg",100,100,true]},"post_excerpt_stackable_v2":"<p>Lila se entretiene espiando a los vecinos. Entre ellos a una pareja joven y atractiva que discute y se reconcilia con la misma frecuencia y el mismo apasionamiento. Una noche, Lila ve a la chica intentando protegerse de los golpes de alguien y cayendo por la ventana tras recibir un fuerte impacto. Lila llama a la polic\u00eda inmediatamente. M\u00e1s tarde le comunican que la vecina ha muerto y el joven con quien viv\u00eda se ha pegado un tiro. Cuando Lila conoce al hermano del supuesto maltratador, quien se niega a creer la versi\u00f3n oficial de la historia, decide lanzarse, junto&hellip;<\/p>\n","category_list_v2":"","author_info_v2":{"name":"","url":""},"comments_num_v2":"0 comentarios","_links":{"self":[{"href":"https:\/\/ajupe.com.uy\/web\/wp-json\/wp\/v2\/product\/7443","targetHints":{"allow":["GET"]}}],"collection":[{"href":"https:\/\/ajupe.com.uy\/web\/wp-json\/wp\/v2\/product"}],"about":[{"href":"https:\/\/ajupe.com.uy\/web\/wp-json\/wp\/v2\/types\/product"}],"wp:featuredmedia":[{"embeddable":true,"href":"https:\/\/ajupe.com.uy\/web\/wp-json\/wp\/v2\/media\/7444"}],"wp:attachment":[{"href":"https:\/\/ajupe.com.uy\/web\/wp-json\/wp\/v2\/media?parent=7443"}],"wp:term":[{"taxonomy":"product_brand","embeddable":true,"href":"https:\/\/ajupe.com.uy\/web\/wp-json\/wp\/v2\/product_brand?post=7443"},{"taxonomy":"product_cat","embeddable":true,"href":"https:\/\/ajupe.com.uy\/web\/wp-json\/wp\/v2\/product_cat?post=7443"},{"taxonomy":"product_tag","embeddable":true,"href":"https:\/\/ajupe.com.uy\/web\/wp-json\/wp\/v2\/product_tag?post=7443"}],"curies":[{"name":"wp","href":"https:\/\/api.w.org\/{rel}","templated":true}]}}