{"id":7446,"date":"2015-07-10T17:17:50","date_gmt":"2015-07-10T20:17:50","guid":{"rendered":"http:\/\/ajupe.com.uy\/web\/?post_type=product&#038;p=7446"},"modified":"2015-07-10T17:22:28","modified_gmt":"2015-07-10T20:22:28","slug":"los-inocentes","status":"publish","type":"product","link":"https:\/\/ajupe.com.uy\/web\/biblioteca\/los-inocentes\/","title":{"rendered":"los inocentes"},"content":{"rendered":"<p>Estados Unidos tiene enemigos, algunos de ellos personas sin escr\u00fapulos a quienes no pueden detener ni la polic\u00eda ni el FBI ni el ej\u00e9rcito siquiera. En esos casos, el gobierno recurre a Will Robie, un sicario fr\u00edo e implacable que nunca hace preguntas y siempre atrapa a su presa. Pero quiz\u00e1 Will Robie acaba de cometer el primer \u2013y \u00faltimo\u2013 error de su carrera.<br \/>\nEl trabajo m\u00e1s reciente que le han encomendado ha salido mal. Robie ha sido enviado a eliminar a una persona en Washington, pero en la misi\u00f3n hay algo que no encaja, y \u00e9l hace algo impensable: se niega a matar.<\/p>\n<p>A partir de ese momento, Robie se convierte en el blanco y debe escapar de su propia gente. En su huida, se cruza con una adolescente d\u00edscola que ha escapado de un hogar de acogida. Pero no es un fugitiva cualquiera: sus padres han sido asesinados y su propia vida corre peligro. Contraviniendo todas sus costumbres profesionales, Robie decide salir de las sombras para salvar la vida de la muchacha&#8230; y tal vez la suya propia.<\/p>\n","protected":false},"excerpt":{"rendered":"<p>Estados Unidos tiene enemigos, algunos de ellos personas sin escr\u00fapulos a quienes no pueden detener ni la polic\u00eda ni el FBI ni el ej\u00e9rcito siquiera. En esos casos, el gobierno recurre a Will Robie, un sicario fr\u00edo e implacable que nunca hace preguntas y siempre atrapa a su presa. Pero quiz\u00e1 Will Robie acaba de [&hellip;]<\/p>\n","protected":false},"featured_media":7447,"template":"","meta":[],"product_brand":[414],"product_cat":[40],"product_tag":[],"class_list":{"0":"post-7446","1":"product","2":"type-product","3":"status-publish","4":"has-post-thumbnail","6":"product_brand-david-baldacci","7":"product_cat-policial","9":"first","10":"instock","11":"purchasable","12":"product-type-simple"},"featured_image_urls_v2":{"full":["https:\/\/ajupe.com.uy\/web\/wp-content\/uploads\/2016\/04\/p-7446-los_inocentes_559fff5418dd0.jpg",221,338,false],"thumbnail":["https:\/\/ajupe.com.uy\/web\/wp-content\/uploads\/2016\/04\/p-7446-los_inocentes_559fff5418dd0.jpg",150,150,true],"medium":["https:\/\/ajupe.com.uy\/web\/wp-content\/uploads\/2016\/04\/p-7446-los_inocentes_559fff5418dd0.jpg",300,214,true],"medium_large":["https:\/\/ajupe.com.uy\/web\/wp-content\/uploads\/2016\/04\/p-7446-los_inocentes_559fff5418dd0.jpg",221,338,false],"large":["https:\/\/ajupe.com.uy\/web\/wp-content\/uploads\/2016\/04\/p-7446-los_inocentes_559fff5418dd0.jpg",221,338,false],"1536x1536":["https:\/\/ajupe.com.uy\/web\/wp-content\/uploads\/2016\/04\/p-7446-los_inocentes_559fff5418dd0.jpg",221,338,false],"2048x2048":["https:\/\/ajupe.com.uy\/web\/wp-content\/uploads\/2016\/04\/p-7446-los_inocentes_559fff5418dd0.jpg",221,338,false],"woocommerce_archive_thumbnail":["https:\/\/ajupe.com.uy\/web\/wp-content\/uploads\/2016\/04\/p-7446-los_inocentes_559fff5418dd0-221x300.jpg",221,300,true],"woocommerce_thumbnail":["https:\/\/ajupe.com.uy\/web\/wp-content\/uploads\/2016\/04\/p-7446-los_inocentes_559fff5418dd0-221x300.jpg",221,300,true],"woocommerce_single":["https:\/\/ajupe.com.uy\/web\/wp-content\/uploads\/2016\/04\/p-7446-los_inocentes_559fff5418dd0.jpg",221,338,false],"woocommerce_gallery_thumbnail":["https:\/\/ajupe.com.uy\/web\/wp-content\/uploads\/2016\/04\/p-7446-los_inocentes_559fff5418dd0-100x100.jpg",100,100,true]},"post_excerpt_stackable_v2":"<p>Estados Unidos tiene enemigos, algunos de ellos personas sin escr\u00fapulos a quienes no pueden detener ni la polic\u00eda ni el FBI ni el ej\u00e9rcito siquiera. En esos casos, el gobierno recurre a Will Robie, un sicario fr\u00edo e implacable que nunca hace preguntas y siempre atrapa a su presa. Pero quiz\u00e1 Will Robie acaba de cometer el primer \u2013y \u00faltimo\u2013 error de su carrera. El trabajo m\u00e1s reciente que le han encomendado ha salido mal. Robie ha sido enviado a eliminar a una persona en Washington, pero en la misi\u00f3n hay algo que no encaja, y \u00e9l hace algo impensable:&hellip;<\/p>\n","category_list_v2":"","author_info_v2":{"name":"","url":""},"comments_num_v2":"0 comentarios","_links":{"self":[{"href":"https:\/\/ajupe.com.uy\/web\/wp-json\/wp\/v2\/product\/7446","targetHints":{"allow":["GET"]}}],"collection":[{"href":"https:\/\/ajupe.com.uy\/web\/wp-json\/wp\/v2\/product"}],"about":[{"href":"https:\/\/ajupe.com.uy\/web\/wp-json\/wp\/v2\/types\/product"}],"wp:featuredmedia":[{"embeddable":true,"href":"https:\/\/ajupe.com.uy\/web\/wp-json\/wp\/v2\/media\/7447"}],"wp:attachment":[{"href":"https:\/\/ajupe.com.uy\/web\/wp-json\/wp\/v2\/media?parent=7446"}],"wp:term":[{"taxonomy":"product_brand","embeddable":true,"href":"https:\/\/ajupe.com.uy\/web\/wp-json\/wp\/v2\/product_brand?post=7446"},{"taxonomy":"product_cat","embeddable":true,"href":"https:\/\/ajupe.com.uy\/web\/wp-json\/wp\/v2\/product_cat?post=7446"},{"taxonomy":"product_tag","embeddable":true,"href":"https:\/\/ajupe.com.uy\/web\/wp-json\/wp\/v2\/product_tag?post=7446"}],"curies":[{"name":"wp","href":"https:\/\/api.w.org\/{rel}","templated":true}]}}