{"id":7473,"date":"2015-08-05T19:45:17","date_gmt":"2015-08-05T22:45:17","guid":{"rendered":"http:\/\/ajupe.com.uy\/web\/?post_type=product&#038;p=7473"},"modified":"2015-08-05T19:46:47","modified_gmt":"2015-08-05T22:46:47","slug":"como-la-sombra-que-se-va","status":"publish","type":"product","link":"https:\/\/ajupe.com.uy\/web\/biblioteca\/como-la-sombra-que-se-va\/","title":{"rendered":"Como la sombra que se va"},"content":{"rendered":"<p>El 4 de abril de 1968 Martin Luther King fue asesinado. Durante el tiempo en que permaneci\u00f3 en fuga, su asesino, James Earl Ray, pas\u00f3 diez d\u00edas en Lisboa tratando de conseguir un visado para Angola. <\/p>\n<p>Obsesionado por este hombre fascinante y gracias a la apertura reciente de los archivos del FBI sobre el caso, Antonio Mu\u00f1oz Molina reconstruye su crimen, su huida y su captura, pero sobre todo sus pasos por la ciudad. Lisboa es paisaje y protagonista esencial en esta novela, pues acoge tres viajes que se alternan en la mirada del escritor: el del pr\u00f3fugo Earl Ray en 1968; el de un joven Antonio que en 1987 parte en b\u00fasqueda de inspiraci\u00f3n para escribir la novela que lo consagr\u00f3 como escritor, El invierno en Lisboa, y el del hombre que escribe esta historia hoy desde la necesidad de descubrir algo esencial sobre estos dos completos desconocidos. <\/p>\n<p>Original, apasionante y honesta, Como la sombra que se va aborda desde la madurez temas relevantes en la obra de Antonio Mu\u00f1oz Molina: la dificultad de recrear fielmente el pasado, la fragilidad del instante, la construcci\u00f3n de la identidad, lo fortuito como motor de la realidad o la vulnerabilidad de los derechos humanos, pero cobran aqu\u00ed forma a trav\u00e9s de una primera persona completamente libre que indaga de forma esencial en el proceso mismo de la escritura.<\/p>\n","protected":false},"excerpt":{"rendered":"<p>El 4 de abril de 1968 Martin Luther King fue asesinado. Durante el tiempo en que permaneci\u00f3 en fuga, su asesino, James Earl Ray, pas\u00f3 diez d\u00edas en Lisboa tratando de conseguir un visado para Angola. Obsesionado por este hombre fascinante y gracias a la apertura reciente de los archivos del FBI sobre el caso, [&hellip;]<\/p>\n","protected":false},"featured_media":7474,"template":"","meta":[],"product_brand":[154],"product_cat":[29],"product_tag":[],"class_list":{"0":"post-7473","1":"product","2":"type-product","3":"status-publish","4":"has-post-thumbnail","6":"product_brand-antonio-munoz-molina","7":"product_cat-novela","9":"first","10":"instock","11":"purchasable","12":"product-type-simple"},"featured_image_urls_v2":{"full":["https:\/\/ajupe.com.uy\/web\/wp-content\/uploads\/2016\/04\/p-7473-Como_la_sombra_q_55c26827bbc9c.jpg",200,338,false],"thumbnail":["https:\/\/ajupe.com.uy\/web\/wp-content\/uploads\/2016\/04\/p-7473-Como_la_sombra_q_55c26827bbc9c.jpg",150,150,true],"medium":["https:\/\/ajupe.com.uy\/web\/wp-content\/uploads\/2016\/04\/p-7473-Como_la_sombra_q_55c26827bbc9c.jpg",300,214,true],"medium_large":["https:\/\/ajupe.com.uy\/web\/wp-content\/uploads\/2016\/04\/p-7473-Como_la_sombra_q_55c26827bbc9c.jpg",200,338,false],"large":["https:\/\/ajupe.com.uy\/web\/wp-content\/uploads\/2016\/04\/p-7473-Como_la_sombra_q_55c26827bbc9c.jpg",200,338,false],"1536x1536":["https:\/\/ajupe.com.uy\/web\/wp-content\/uploads\/2016\/04\/p-7473-Como_la_sombra_q_55c26827bbc9c.jpg",200,338,false],"2048x2048":["https:\/\/ajupe.com.uy\/web\/wp-content\/uploads\/2016\/04\/p-7473-Como_la_sombra_q_55c26827bbc9c.jpg",200,338,false],"woocommerce_archive_thumbnail":["https:\/\/ajupe.com.uy\/web\/wp-content\/uploads\/2016\/04\/p-7473-Como_la_sombra_q_55c26827bbc9c.jpg",200,338,false],"woocommerce_thumbnail":["https:\/\/ajupe.com.uy\/web\/wp-content\/uploads\/2016\/04\/p-7473-Como_la_sombra_q_55c26827bbc9c-200x300.jpg",200,300,true],"woocommerce_single":["https:\/\/ajupe.com.uy\/web\/wp-content\/uploads\/2016\/04\/p-7473-Como_la_sombra_q_55c26827bbc9c.jpg",200,338,false],"woocommerce_gallery_thumbnail":["https:\/\/ajupe.com.uy\/web\/wp-content\/uploads\/2016\/04\/p-7473-Como_la_sombra_q_55c26827bbc9c-100x100.jpg",100,100,true]},"post_excerpt_stackable_v2":"<p>El 4 de abril de 1968 Martin Luther King fue asesinado. Durante el tiempo en que permaneci\u00f3 en fuga, su asesino, James Earl Ray, pas\u00f3 diez d\u00edas en Lisboa tratando de conseguir un visado para Angola. Obsesionado por este hombre fascinante y gracias a la apertura reciente de los archivos del FBI sobre el caso, Antonio Mu\u00f1oz Molina reconstruye su crimen, su huida y su captura, pero sobre todo sus pasos por la ciudad. Lisboa es paisaje y protagonista esencial en esta novela, pues acoge tres viajes que se alternan en la mirada del escritor: el del pr\u00f3fugo Earl Ray&hellip;<\/p>\n","category_list_v2":"","author_info_v2":{"name":"","url":""},"comments_num_v2":"0 comentarios","_links":{"self":[{"href":"https:\/\/ajupe.com.uy\/web\/wp-json\/wp\/v2\/product\/7473","targetHints":{"allow":["GET"]}}],"collection":[{"href":"https:\/\/ajupe.com.uy\/web\/wp-json\/wp\/v2\/product"}],"about":[{"href":"https:\/\/ajupe.com.uy\/web\/wp-json\/wp\/v2\/types\/product"}],"wp:featuredmedia":[{"embeddable":true,"href":"https:\/\/ajupe.com.uy\/web\/wp-json\/wp\/v2\/media\/7474"}],"wp:attachment":[{"href":"https:\/\/ajupe.com.uy\/web\/wp-json\/wp\/v2\/media?parent=7473"}],"wp:term":[{"taxonomy":"product_brand","embeddable":true,"href":"https:\/\/ajupe.com.uy\/web\/wp-json\/wp\/v2\/product_brand?post=7473"},{"taxonomy":"product_cat","embeddable":true,"href":"https:\/\/ajupe.com.uy\/web\/wp-json\/wp\/v2\/product_cat?post=7473"},{"taxonomy":"product_tag","embeddable":true,"href":"https:\/\/ajupe.com.uy\/web\/wp-json\/wp\/v2\/product_tag?post=7473"}],"curies":[{"name":"wp","href":"https:\/\/api.w.org\/{rel}","templated":true}]}}