{"id":7485,"date":"2015-08-05T20:59:03","date_gmt":"2015-08-05T23:59:03","guid":{"rendered":"http:\/\/ajupe.com.uy\/web\/?post_type=product&#038;p=7485"},"modified":"2015-08-05T21:03:08","modified_gmt":"2015-08-06T00:03:08","slug":"como-de-la-familia","status":"publish","type":"product","link":"https:\/\/ajupe.com.uy\/web\/biblioteca\/como-de-la-familia\/","title":{"rendered":"Como de la familia"},"content":{"rendered":"<p>Con su minuciosa radiograf\u00eda de una familia moderna, la tercera y esperada novela del autor de La soledad de los n\u00fameros primos ha seducido al p\u00fablico y la cr\u00edtica italianos por igual. Como si de un potente haz de luz se tratara, la incisiva prosa de Paolo Giordano ilumina los rincones \u00edntimos de una joven pareja que, convencidos de haber enterrado los viejos tab\u00faes del matrimonio tradicional burgu\u00e9s, ven c\u00f3mo el espejo de armon\u00eda y felicidad que refleja sus vidas se resquebraja con la muerte de la mujer que cuida de su casa y de su hijo, la se\u00f1ora A., que se revelar\u00e1 como el aut\u00e9ntico pilar de un equilibrio mucho m\u00e1s precario de lo que parece.<\/p>\n<p>Narrada en primera persona por el protagonista masculino, la historia se acerca a la experiencia del amor por caminos inesperados, despertando interrogantes acerca de la profundidad y la solidez de los lazos amorosos. As\u00ed, cuando su existencia se tambalea, Nora y su marido han de enfrentarse al temor de descubrir en lo cotidiano la insinuaci\u00f3n del abandono y la soledad.<\/p>\n<p>Con asombrosa concisi\u00f3n y desapego, Giordano se detiene en los detalles para desplegar un prodigioso juego de luces y sombras que resalta la cara oculta de los personajes, sus din\u00e1micas, sus miedos, sus endebles creencias. El resultado es una novela pulida, refinada e inquietante en la que Giordano disecciona los misterios del alma humana como el m\u00e1s preciso de los cirujanos.<\/p>\n","protected":false},"excerpt":{"rendered":"<p>Con su minuciosa radiograf\u00eda de una familia moderna, la tercera y esperada novela del autor de La soledad de los n\u00fameros primos ha seducido al p\u00fablico y la cr\u00edtica italianos por igual. Como si de un potente haz de luz se tratara, la incisiva prosa de Paolo Giordano ilumina los rincones \u00edntimos de una joven [&hellip;]<\/p>\n","protected":false},"featured_media":7486,"template":"","meta":[],"product_brand":[1043],"product_cat":[29],"product_tag":[],"class_list":{"0":"post-7485","1":"product","2":"type-product","3":"status-publish","4":"has-post-thumbnail","6":"product_brand-paolo-giordano","7":"product_cat-novela","9":"first","10":"instock","11":"purchasable","12":"product-type-simple"},"featured_image_urls_v2":{"full":["https:\/\/ajupe.com.uy\/web\/wp-content\/uploads\/2016\/04\/p-7485-Como_de_la_famil_55c27a0c3377c.jpg",196,323,false],"thumbnail":["https:\/\/ajupe.com.uy\/web\/wp-content\/uploads\/2016\/04\/p-7485-Como_de_la_famil_55c27a0c3377c.jpg",150,150,true],"medium":["https:\/\/ajupe.com.uy\/web\/wp-content\/uploads\/2016\/04\/p-7485-Como_de_la_famil_55c27a0c3377c.jpg",300,214,true],"medium_large":["https:\/\/ajupe.com.uy\/web\/wp-content\/uploads\/2016\/04\/p-7485-Como_de_la_famil_55c27a0c3377c.jpg",196,323,false],"large":["https:\/\/ajupe.com.uy\/web\/wp-content\/uploads\/2016\/04\/p-7485-Como_de_la_famil_55c27a0c3377c.jpg",196,323,false],"1536x1536":["https:\/\/ajupe.com.uy\/web\/wp-content\/uploads\/2016\/04\/p-7485-Como_de_la_famil_55c27a0c3377c.jpg",196,323,false],"2048x2048":["https:\/\/ajupe.com.uy\/web\/wp-content\/uploads\/2016\/04\/p-7485-Como_de_la_famil_55c27a0c3377c.jpg",196,323,false],"woocommerce_archive_thumbnail":["https:\/\/ajupe.com.uy\/web\/wp-content\/uploads\/2016\/04\/p-7485-Como_de_la_famil_55c27a0c3377c-196x300.jpg",196,300,true],"woocommerce_thumbnail":["https:\/\/ajupe.com.uy\/web\/wp-content\/uploads\/2016\/04\/p-7485-Como_de_la_famil_55c27a0c3377c-196x300.jpg",196,300,true],"woocommerce_single":["https:\/\/ajupe.com.uy\/web\/wp-content\/uploads\/2016\/04\/p-7485-Como_de_la_famil_55c27a0c3377c.jpg",196,323,false],"woocommerce_gallery_thumbnail":["https:\/\/ajupe.com.uy\/web\/wp-content\/uploads\/2016\/04\/p-7485-Como_de_la_famil_55c27a0c3377c-100x100.jpg",100,100,true]},"post_excerpt_stackable_v2":"<p>Con su minuciosa radiograf\u00eda de una familia moderna, la tercera y esperada novela del autor de La soledad de los n\u00fameros primos ha seducido al p\u00fablico y la cr\u00edtica italianos por igual. Como si de un potente haz de luz se tratara, la incisiva prosa de Paolo Giordano ilumina los rincones \u00edntimos de una joven pareja que, convencidos de haber enterrado los viejos tab\u00faes del matrimonio tradicional burgu\u00e9s, ven c\u00f3mo el espejo de armon\u00eda y felicidad que refleja sus vidas se resquebraja con la muerte de la mujer que cuida de su casa y de su hijo, la se\u00f1ora A.,&hellip;<\/p>\n","category_list_v2":"","author_info_v2":{"name":"","url":""},"comments_num_v2":"0 comentarios","_links":{"self":[{"href":"https:\/\/ajupe.com.uy\/web\/wp-json\/wp\/v2\/product\/7485","targetHints":{"allow":["GET"]}}],"collection":[{"href":"https:\/\/ajupe.com.uy\/web\/wp-json\/wp\/v2\/product"}],"about":[{"href":"https:\/\/ajupe.com.uy\/web\/wp-json\/wp\/v2\/types\/product"}],"wp:featuredmedia":[{"embeddable":true,"href":"https:\/\/ajupe.com.uy\/web\/wp-json\/wp\/v2\/media\/7486"}],"wp:attachment":[{"href":"https:\/\/ajupe.com.uy\/web\/wp-json\/wp\/v2\/media?parent=7485"}],"wp:term":[{"taxonomy":"product_brand","embeddable":true,"href":"https:\/\/ajupe.com.uy\/web\/wp-json\/wp\/v2\/product_brand?post=7485"},{"taxonomy":"product_cat","embeddable":true,"href":"https:\/\/ajupe.com.uy\/web\/wp-json\/wp\/v2\/product_cat?post=7485"},{"taxonomy":"product_tag","embeddable":true,"href":"https:\/\/ajupe.com.uy\/web\/wp-json\/wp\/v2\/product_tag?post=7485"}],"curies":[{"name":"wp","href":"https:\/\/api.w.org\/{rel}","templated":true}]}}